{"id":327,"date":"2024-09-23T16:35:31","date_gmt":"2024-09-23T08:35:31","guid":{"rendered":"https:\/\/dasmachinery.com\/?post_type=product&#038;p=327"},"modified":"2025-10-28T17:30:02","modified_gmt":"2025-10-28T09:30:02","slug":"das-flat-bed-gang-type-tool-fixed-multi-axis-double-spindle-cnc-lathe-machine","status":"publish","type":"product","link":"https:\/\/www.dasmachinery.com\/de\/produkt\/das-flat-bed-gang-type-tool-fixed-multi-axis-double-spindle-cnc-lathe-machine\/","title":{"rendered":"DAS Doppelspindel-CNC-Drehmaschine \u2013 Mehrzweck-Drehmaschine"},"content":{"rendered":"<p>CNC-Drehmaschine mit zwei Spindeln und feststehendem Flachbett, wobei beide Spindeln zur Durchf\u00fchrung von Schneidvorg\u00e4ngen mittels Werkzeugen beweglich sind und zwei Segmente in der Lage sind, gleichzeitig zwei unabh\u00e4ngige Bearbeitungsprogramme auszuf\u00fchren.<\/p>\n<p><img fetchpriority=\"high\" decoding=\"async\" class=\"aligncenter size-full wp-image-311\" src=\"https:\/\/dasmachinery.com\/wp-content\/uploads\/2024\/09\/DS-5-DII.jpg\" alt=\"\" width=\"1500\" height=\"1500\" srcset=\"https:\/\/www.dasmachinery.com\/wp-content\/uploads\/2024\/09\/DS-5-DII.jpg 1500w, https:\/\/www.dasmachinery.com\/wp-content\/uploads\/2024\/09\/DS-5-DII-300x300.jpg 300w, https:\/\/www.dasmachinery.com\/wp-content\/uploads\/2024\/09\/DS-5-DII-150x150.jpg 150w, https:\/\/www.dasmachinery.com\/wp-content\/uploads\/2024\/09\/DS-5-DII-600x600.jpg 600w, https:\/\/www.dasmachinery.com\/wp-content\/uploads\/2024\/09\/DS-5-DII-1024x1024.jpg 1024w, https:\/\/www.dasmachinery.com\/wp-content\/uploads\/2024\/09\/DS-5-DII-768x768.jpg 768w\" sizes=\"(max-width: 1500px) 100vw, 1500px\" \/><\/p>","protected":false},"excerpt":{"rendered":"<p>DAS Hochpr\u00e4zisions-CNC-Drehmaschine mit zwei Spindeln f\u00fcr die Metallbearbeitung<\/p>","protected":false},"featured_media":311,"template":"","meta":{"content-type":""},"product_cat":[24],"product_tag":[34,36],"class_list":{"0":"post-327","1":"product","2":"type-product","3":"status-publish","4":"has-post-thumbnail","6":"product_cat-double-spindle-dual-channel-cnc-lathe","7":"product_tag-cnc-lathe","8":"product_tag-dual-spindle-cnc-lathe","10":"first","11":"instock","12":"shipping-taxable","13":"product-type-simple"},"yoast_head":"<!-- This site is optimized with the Yoast SEO Premium plugin v22.6 (Yoast SEO v23.4) - https:\/\/yoast.com\/wordpress\/plugins\/seo\/ -->\n<title>DAS Dual Spindle CNC Lathe Multi Purpose Turning CNC Machine - Foshan Shunde Guoqiang Daosheng Industrial Co., Ltd<\/title>\n<meta name=\"description\" content=\"DAS Dual Spindle CNC Lathe A2-4 Spindle Bore 46 mm diameter 163E Push Forward Type Linear Guide Way 90 mm Tool Holder Center Height CNC Turning Machine\" \/>\n<meta name=\"robots\" content=\"index, follow, max-snippet:-1, max-image-preview:large, max-video-preview:-1\" \/>\n<link rel=\"canonical\" href=\"https:\/\/www.dasmachinery.com\/de\/produkt\/das-flat-bed-gang-type-tool-fixed-multi-axis-double-spindle-cnc-lathe-machine\/\" \/>\n<meta property=\"og:locale\" content=\"de_DE\" \/>\n<meta property=\"og:type\" content=\"article\" \/>\n<meta property=\"og:title\" content=\"DAS Dual Spindle CNC Lathe Multi Purpose Turning CNC Machine\" \/>\n<meta property=\"og:description\" content=\"DAS Dual Spindle CNC Lathe A2-4 Spindle Bore 46 mm diameter 163E Push Forward Type Linear Guide Way 90 mm Tool Holder Center Height CNC Turning Machine\" \/>\n<meta property=\"og:url\" content=\"https:\/\/www.dasmachinery.com\/de\/produkt\/das-flat-bed-gang-type-tool-fixed-multi-axis-double-spindle-cnc-lathe-machine\/\" \/>\n<meta property=\"og:site_name\" content=\"Foshan Shunde Guoqiang Daosheng Industrial Co., Ltd\" \/>\n<meta property=\"article:modified_time\" content=\"2025-10-28T09:30:02+00:00\" \/>\n<meta property=\"og:image\" content=\"https:\/\/www.dasmachinery.com\/wp-content\/uploads\/2024\/09\/DS-5-DII.jpg\" \/>\n\t<meta property=\"og:image:width\" content=\"1500\" \/>\n\t<meta property=\"og:image:height\" content=\"1500\" \/>\n\t<meta property=\"og:image:type\" content=\"image\/jpeg\" \/>\n<meta name=\"twitter:card\" content=\"summary_large_image\" \/>\n<meta name=\"twitter:label1\" content=\"Gesch\u00e4tzte Lesezeit\" \/>\n\t<meta name=\"twitter:data1\" content=\"1\u00a0Minute\" \/>\n<script type=\"application\/ld+json\" class=\"yoast-schema-graph\">{\"@context\":\"https:\/\/schema.org\",\"@graph\":[{\"@type\":\"WebPage\",\"@id\":\"https:\/\/www.dasmachinery.com\/product\/das-flat-bed-gang-type-tool-fixed-multi-axis-double-spindle-cnc-lathe-machine\/\",\"url\":\"https:\/\/www.dasmachinery.com\/product\/das-flat-bed-gang-type-tool-fixed-multi-axis-double-spindle-cnc-lathe-machine\/\",\"name\":\"DAS Dual Spindle CNC Lathe Multi Purpose Turning CNC Machine - Foshan Shunde Guoqiang Daosheng Industrial Co., Ltd\",\"isPartOf\":{\"@id\":\"https:\/\/www.dasmachinery.com\/#website\"},\"primaryImageOfPage\":{\"@id\":\"https:\/\/www.dasmachinery.com\/product\/das-flat-bed-gang-type-tool-fixed-multi-axis-double-spindle-cnc-lathe-machine\/#primaryimage\"},\"image\":{\"@id\":\"https:\/\/www.dasmachinery.com\/product\/das-flat-bed-gang-type-tool-fixed-multi-axis-double-spindle-cnc-lathe-machine\/#primaryimage\"},\"thumbnailUrl\":\"https:\/\/www.dasmachinery.com\/wp-content\/uploads\/2024\/09\/DS-5-DII.jpg\",\"datePublished\":\"2024-09-23T08:35:31+00:00\",\"dateModified\":\"2025-10-28T09:30:02+00:00\",\"description\":\"DAS Dual Spindle CNC Lathe A2-4 Spindle Bore 46 mm diameter 163E Push Forward Type Linear Guide Way 90 mm Tool Holder Center Height CNC Turning Machine\",\"breadcrumb\":{\"@id\":\"https:\/\/www.dasmachinery.com\/product\/das-flat-bed-gang-type-tool-fixed-multi-axis-double-spindle-cnc-lathe-machine\/#breadcrumb\"},\"inLanguage\":\"de\",\"potentialAction\":[{\"@type\":\"ReadAction\",\"target\":[\"https:\/\/www.dasmachinery.com\/product\/das-flat-bed-gang-type-tool-fixed-multi-axis-double-spindle-cnc-lathe-machine\/\"]}]},{\"@type\":\"ImageObject\",\"inLanguage\":\"de\",\"@id\":\"https:\/\/www.dasmachinery.com\/product\/das-flat-bed-gang-type-tool-fixed-multi-axis-double-spindle-cnc-lathe-machine\/#primaryimage\",\"url\":\"https:\/\/www.dasmachinery.com\/wp-content\/uploads\/2024\/09\/DS-5-DII.jpg\",\"contentUrl\":\"https:\/\/www.dasmachinery.com\/wp-content\/uploads\/2024\/09\/DS-5-DII.jpg\",\"width\":1500,\"height\":1500,\"caption\":\"cnc lathe\"},{\"@type\":\"BreadcrumbList\",\"@id\":\"https:\/\/www.dasmachinery.com\/product\/das-flat-bed-gang-type-tool-fixed-multi-axis-double-spindle-cnc-lathe-machine\/#breadcrumb\",\"itemListElement\":[{\"@type\":\"ListItem\",\"position\":1,\"name\":\"\u9996\u9875\",\"item\":\"https:\/\/www.dasmachinery.com\/\"},{\"@type\":\"ListItem\",\"position\":2,\"name\":\"PRODUCTS\",\"item\":\"https:\/\/www.dasmachinery.com\/products\/\"},{\"@type\":\"ListItem\",\"position\":3,\"name\":\"DAS Dual Spindle CNC Lathe Multi Purpose Turning CNC Machine\"}]},{\"@type\":\"WebSite\",\"@id\":\"https:\/\/www.dasmachinery.com\/#website\",\"url\":\"https:\/\/www.dasmachinery.com\/\",\"name\":\"Foshan Shunde Guoqiang Daosheng Industrial Co., Ltd\",\"description\":\"Our products are widely used in the manufacture of cars accessories, motorcycles accessories, electronic industry, optical instruments, clocks and watches as well as special motors etc.We have precision processing equipmentand top brand in precision detection equipment.\",\"publisher\":{\"@id\":\"https:\/\/www.dasmachinery.com\/#organization\"},\"potentialAction\":[{\"@type\":\"SearchAction\",\"target\":{\"@type\":\"EntryPoint\",\"urlTemplate\":\"https:\/\/www.dasmachinery.com\/?s={search_term_string}\"},\"query-input\":{\"@type\":\"PropertyValueSpecification\",\"valueRequired\":true,\"valueName\":\"search_term_string\"}}],\"inLanguage\":\"de\"},{\"@type\":\"Organization\",\"@id\":\"https:\/\/www.dasmachinery.com\/#organization\",\"name\":\"Foshan Shunde Guoqiang Daosheng Industrial Co., Ltd\",\"url\":\"https:\/\/www.dasmachinery.com\/\",\"logo\":{\"@type\":\"ImageObject\",\"inLanguage\":\"de\",\"@id\":\"https:\/\/www.dasmachinery.com\/#\/schema\/logo\/image\/\",\"url\":\"https:\/\/dasmachinery.com\/wp-content\/uploads\/2024\/09\/logo-2.png\",\"contentUrl\":\"https:\/\/dasmachinery.com\/wp-content\/uploads\/2024\/09\/logo-2.png\",\"width\":350,\"height\":350,\"caption\":\"Foshan Shunde Guoqiang Daosheng Industrial Co., Ltd\"},\"image\":{\"@id\":\"https:\/\/www.dasmachinery.com\/#\/schema\/logo\/image\/\"}}]}<\/script>\n<!-- \/ Yoast SEO Premium plugin. -->","yoast_head_json":{"title":"DAS Dual Spindle CNC Lathe Multi Purpose Turning CNC Machine - Foshan Shunde Guoqiang Daosheng Industrial Co., Ltd","description":"DAS Dual Spindle CNC Lathe A2-4 Spindle Bore 46 mm diameter 163E Push Forward Type Linear Guide Way 90 mm Tool Holder Center Height CNC Turning Machine","robots":{"index":"index","follow":"follow","max-snippet":"max-snippet:-1","max-image-preview":"max-image-preview:large","max-video-preview":"max-video-preview:-1"},"canonical":"https:\/\/www.dasmachinery.com\/de\/produkt\/das-flat-bed-gang-type-tool-fixed-multi-axis-double-spindle-cnc-lathe-machine\/","og_locale":"de_DE","og_type":"article","og_title":"DAS Dual Spindle CNC Lathe Multi Purpose Turning CNC Machine","og_description":"DAS Dual Spindle CNC Lathe A2-4 Spindle Bore 46 mm diameter 163E Push Forward Type Linear Guide Way 90 mm Tool Holder Center Height CNC Turning Machine","og_url":"https:\/\/www.dasmachinery.com\/de\/produkt\/das-flat-bed-gang-type-tool-fixed-multi-axis-double-spindle-cnc-lathe-machine\/","og_site_name":"Foshan Shunde Guoqiang Daosheng Industrial Co., Ltd","article_modified_time":"2025-10-28T09:30:02+00:00","og_image":[{"width":1500,"height":1500,"url":"https:\/\/www.dasmachinery.com\/wp-content\/uploads\/2024\/09\/DS-5-DII.jpg","type":"image\/jpeg"}],"twitter_card":"summary_large_image","twitter_misc":{"Gesch\u00e4tzte Lesezeit":"1\u00a0Minute"},"schema":{"@context":"https:\/\/schema.org","@graph":[{"@type":"WebPage","@id":"https:\/\/www.dasmachinery.com\/product\/das-flat-bed-gang-type-tool-fixed-multi-axis-double-spindle-cnc-lathe-machine\/","url":"https:\/\/www.dasmachinery.com\/product\/das-flat-bed-gang-type-tool-fixed-multi-axis-double-spindle-cnc-lathe-machine\/","name":"DAS Dual Spindle CNC Lathe Multi Purpose Turning CNC Machine - Foshan Shunde Guoqiang Daosheng Industrial Co., Ltd","isPartOf":{"@id":"https:\/\/www.dasmachinery.com\/#website"},"primaryImageOfPage":{"@id":"https:\/\/www.dasmachinery.com\/product\/das-flat-bed-gang-type-tool-fixed-multi-axis-double-spindle-cnc-lathe-machine\/#primaryimage"},"image":{"@id":"https:\/\/www.dasmachinery.com\/product\/das-flat-bed-gang-type-tool-fixed-multi-axis-double-spindle-cnc-lathe-machine\/#primaryimage"},"thumbnailUrl":"https:\/\/www.dasmachinery.com\/wp-content\/uploads\/2024\/09\/DS-5-DII.jpg","datePublished":"2024-09-23T08:35:31+00:00","dateModified":"2025-10-28T09:30:02+00:00","description":"DAS Dual Spindle CNC Lathe A2-4 Spindle Bore 46 mm diameter 163E Push Forward Type Linear Guide Way 90 mm Tool Holder Center Height CNC Turning Machine","breadcrumb":{"@id":"https:\/\/www.dasmachinery.com\/product\/das-flat-bed-gang-type-tool-fixed-multi-axis-double-spindle-cnc-lathe-machine\/#breadcrumb"},"inLanguage":"de","potentialAction":[{"@type":"ReadAction","target":["https:\/\/www.dasmachinery.com\/product\/das-flat-bed-gang-type-tool-fixed-multi-axis-double-spindle-cnc-lathe-machine\/"]}]},{"@type":"ImageObject","inLanguage":"de","@id":"https:\/\/www.dasmachinery.com\/product\/das-flat-bed-gang-type-tool-fixed-multi-axis-double-spindle-cnc-lathe-machine\/#primaryimage","url":"https:\/\/www.dasmachinery.com\/wp-content\/uploads\/2024\/09\/DS-5-DII.jpg","contentUrl":"https:\/\/www.dasmachinery.com\/wp-content\/uploads\/2024\/09\/DS-5-DII.jpg","width":1500,"height":1500,"caption":"cnc lathe"},{"@type":"BreadcrumbList","@id":"https:\/\/www.dasmachinery.com\/product\/das-flat-bed-gang-type-tool-fixed-multi-axis-double-spindle-cnc-lathe-machine\/#breadcrumb","itemListElement":[{"@type":"ListItem","position":1,"name":"\u9996\u9875","item":"https:\/\/www.dasmachinery.com\/"},{"@type":"ListItem","position":2,"name":"PRODUCTS","item":"https:\/\/www.dasmachinery.com\/products\/"},{"@type":"ListItem","position":3,"name":"DAS Dual Spindle CNC Lathe Multi Purpose Turning CNC Machine"}]},{"@type":"WebSite","@id":"https:\/\/www.dasmachinery.com\/#website","url":"https:\/\/www.dasmachinery.com\/","name":"Foshan Shunde Guoqiang Daosheng Industrial Co., Ltd","description":"Our products are widely used in the manufacture of cars accessories, motorcycles accessories, electronic industry, optical instruments, clocks and watches as well as special motors etc.We have precision processing equipmentand top brand in precision detection equipment.","publisher":{"@id":"https:\/\/www.dasmachinery.com\/#organization"},"potentialAction":[{"@type":"SearchAction","target":{"@type":"EntryPoint","urlTemplate":"https:\/\/www.dasmachinery.com\/?s={search_term_string}"},"query-input":{"@type":"PropertyValueSpecification","valueRequired":true,"valueName":"search_term_string"}}],"inLanguage":"de"},{"@type":"Organization","@id":"https:\/\/www.dasmachinery.com\/#organization","name":"Foshan Shunde Guoqiang Daosheng Industrial Co., Ltd","url":"https:\/\/www.dasmachinery.com\/","logo":{"@type":"ImageObject","inLanguage":"de","@id":"https:\/\/www.dasmachinery.com\/#\/schema\/logo\/image\/","url":"https:\/\/dasmachinery.com\/wp-content\/uploads\/2024\/09\/logo-2.png","contentUrl":"https:\/\/dasmachinery.com\/wp-content\/uploads\/2024\/09\/logo-2.png","width":350,"height":350,"caption":"Foshan Shunde Guoqiang Daosheng Industrial Co., Ltd"},"image":{"@id":"https:\/\/www.dasmachinery.com\/#\/schema\/logo\/image\/"}}]}},"_links":{"self":[{"href":"https:\/\/www.dasmachinery.com\/de\/wp-json\/wp\/v2\/product\/327","targetHints":{"allow":["GET"]}}],"collection":[{"href":"https:\/\/www.dasmachinery.com\/de\/wp-json\/wp\/v2\/product"}],"about":[{"href":"https:\/\/www.dasmachinery.com\/de\/wp-json\/wp\/v2\/types\/product"}],"version-history":[{"count":4,"href":"https:\/\/www.dasmachinery.com\/de\/wp-json\/wp\/v2\/product\/327\/revisions"}],"predecessor-version":[{"id":995,"href":"https:\/\/www.dasmachinery.com\/de\/wp-json\/wp\/v2\/product\/327\/revisions\/995"}],"wp:featuredmedia":[{"embeddable":true,"href":"https:\/\/www.dasmachinery.com\/de\/wp-json\/wp\/v2\/media\/311"}],"wp:attachment":[{"href":"https:\/\/www.dasmachinery.com\/de\/wp-json\/wp\/v2\/media?parent=327"}],"wp:term":[{"taxonomy":"product_cat","embeddable":true,"href":"https:\/\/www.dasmachinery.com\/de\/wp-json\/wp\/v2\/product_cat?post=327"},{"taxonomy":"product_tag","embeddable":true,"href":"https:\/\/www.dasmachinery.com\/de\/wp-json\/wp\/v2\/product_tag?post=327"}],"curies":[{"name":"wp","href":"https:\/\/api.w.org\/{rel}","templated":true}]}}