{"id":341,"date":"2024-09-23T16:43:14","date_gmt":"2024-09-23T08:43:14","guid":{"rendered":"https:\/\/dasmachinery.com\/?post_type=product&#038;p=341"},"modified":"2025-10-28T16:39:59","modified_gmt":"2025-10-28T08:39:59","slug":"das-twin-spindle-swiss-type-cnc-lathe-with-32mm-turning-diameter","status":"publish","type":"product","link":"https:\/\/www.dasmachinery.com\/de\/produkt\/das-twin-spindle-swiss-type-cnc-lathe-with-32mm-turning-diameter\/","title":{"rendered":"DAS Doppelspindel-Langdrehmaschine DS-32Z-D"},"content":{"rendered":"<p>Der Reitstock ist mit speziellen Reitstockwerkzeugen ausgestattet, die die separate Bearbeitung von Spindel und Reitstock erm\u00f6glichen. Er bietet flexible Werkzeuganpassung, hohe Drehzahl, hohes Drehmoment und ausreichend Leistung und bew\u00e4ltigt m\u00fchelos komplexe Werkst\u00fccke mit h\u00f6chsten Pr\u00e4zisionsanforderungen.<\/p>\n<p><img fetchpriority=\"high\" decoding=\"async\" class=\"aligncenter size-full wp-image-318\" src=\"https:\/\/dasmachinery.com\/wp-content\/uploads\/2024\/09\/DS-32Z-D.jpg\" alt=\"\" width=\"1500\" height=\"1500\" srcset=\"https:\/\/www.dasmachinery.com\/wp-content\/uploads\/2024\/09\/DS-32Z-D.jpg 1500w, https:\/\/www.dasmachinery.com\/wp-content\/uploads\/2024\/09\/DS-32Z-D-300x300.jpg 300w, https:\/\/www.dasmachinery.com\/wp-content\/uploads\/2024\/09\/DS-32Z-D-150x150.jpg 150w, https:\/\/www.dasmachinery.com\/wp-content\/uploads\/2024\/09\/DS-32Z-D-600x600.jpg 600w, https:\/\/www.dasmachinery.com\/wp-content\/uploads\/2024\/09\/DS-32Z-D-1024x1024.jpg 1024w, https:\/\/www.dasmachinery.com\/wp-content\/uploads\/2024\/09\/DS-32Z-D-768x768.jpg 768w\" sizes=\"(max-width: 1500px) 100vw, 1500px\" \/><\/p>","protected":false},"excerpt":{"rendered":"<p>DAS Schweizer CNC-Drehmaschine<\/p>","protected":false},"featured_media":318,"template":"","meta":{"content-type":""},"product_cat":[15],"product_tag":[],"class_list":{"0":"post-341","1":"product","2":"type-product","3":"status-publish","4":"has-post-thumbnail","6":"product_cat-uncategorized","8":"first","9":"instock","10":"shipping-taxable","11":"product-type-simple"},"yoast_head":"<!-- This site is optimized with the Yoast SEO Premium plugin v22.6 (Yoast SEO v23.4) - https:\/\/yoast.com\/wordpress\/plugins\/seo\/ -->\n<title>DAS Double Spindle Swiss Type CNC Lathe DS-32Z-D - Foshan Shunde Guoqiang Daosheng Industrial Co., Ltd<\/title>\n<meta name=\"description\" content=\"High Precision High Torque Swiss Type Multi-axis Torno CNC lathe with Double Spindle 5 ER16 Tools for Metal Machining Chinese Brand DAS CNC Machine\" \/>\n<meta name=\"robots\" content=\"index, follow, max-snippet:-1, max-image-preview:large, max-video-preview:-1\" \/>\n<link rel=\"canonical\" href=\"https:\/\/www.dasmachinery.com\/de\/produkt\/das-twin-spindle-swiss-type-cnc-lathe-with-32mm-turning-diameter\/\" \/>\n<meta property=\"og:locale\" content=\"de_DE\" \/>\n<meta property=\"og:type\" content=\"article\" \/>\n<meta property=\"og:title\" content=\"DAS Double Spindle Swiss Type CNC Lathe DS-32Z-D\" \/>\n<meta property=\"og:description\" content=\"High Precision High Torque Swiss Type Multi-axis Torno CNC lathe with Double Spindle 5 ER16 Tools for Metal Machining Chinese Brand DAS CNC Machine\" \/>\n<meta property=\"og:url\" content=\"https:\/\/www.dasmachinery.com\/de\/produkt\/das-twin-spindle-swiss-type-cnc-lathe-with-32mm-turning-diameter\/\" \/>\n<meta property=\"og:site_name\" content=\"Foshan Shunde Guoqiang Daosheng Industrial Co., Ltd\" \/>\n<meta property=\"article:modified_time\" content=\"2025-10-28T08:39:59+00:00\" \/>\n<meta property=\"og:image\" content=\"https:\/\/www.dasmachinery.com\/wp-content\/uploads\/2024\/09\/DS-32Z-D.jpg\" \/>\n\t<meta property=\"og:image:width\" content=\"1500\" \/>\n\t<meta property=\"og:image:height\" content=\"1500\" \/>\n\t<meta property=\"og:image:type\" content=\"image\/jpeg\" \/>\n<meta name=\"twitter:card\" content=\"summary_large_image\" \/>\n<meta name=\"twitter:label1\" content=\"Gesch\u00e4tzte Lesezeit\" \/>\n\t<meta name=\"twitter:data1\" content=\"1\u00a0Minute\" \/>\n<script type=\"application\/ld+json\" class=\"yoast-schema-graph\">{\"@context\":\"https:\/\/schema.org\",\"@graph\":[{\"@type\":\"WebPage\",\"@id\":\"https:\/\/www.dasmachinery.com\/product\/das-twin-spindle-swiss-type-cnc-lathe-with-32mm-turning-diameter\/\",\"url\":\"https:\/\/www.dasmachinery.com\/product\/das-twin-spindle-swiss-type-cnc-lathe-with-32mm-turning-diameter\/\",\"name\":\"DAS Double Spindle Swiss Type CNC Lathe DS-32Z-D - Foshan Shunde Guoqiang Daosheng Industrial Co., Ltd\",\"isPartOf\":{\"@id\":\"https:\/\/www.dasmachinery.com\/#website\"},\"primaryImageOfPage\":{\"@id\":\"https:\/\/www.dasmachinery.com\/product\/das-twin-spindle-swiss-type-cnc-lathe-with-32mm-turning-diameter\/#primaryimage\"},\"image\":{\"@id\":\"https:\/\/www.dasmachinery.com\/product\/das-twin-spindle-swiss-type-cnc-lathe-with-32mm-turning-diameter\/#primaryimage\"},\"thumbnailUrl\":\"https:\/\/www.dasmachinery.com\/wp-content\/uploads\/2024\/09\/DS-32Z-D.jpg\",\"datePublished\":\"2024-09-23T08:43:14+00:00\",\"dateModified\":\"2025-10-28T08:39:59+00:00\",\"description\":\"High Precision High Torque Swiss Type Multi-axis Torno CNC lathe with Double Spindle 5 ER16 Tools for Metal Machining Chinese Brand DAS CNC Machine\",\"breadcrumb\":{\"@id\":\"https:\/\/www.dasmachinery.com\/product\/das-twin-spindle-swiss-type-cnc-lathe-with-32mm-turning-diameter\/#breadcrumb\"},\"inLanguage\":\"de\",\"potentialAction\":[{\"@type\":\"ReadAction\",\"target\":[\"https:\/\/www.dasmachinery.com\/product\/das-twin-spindle-swiss-type-cnc-lathe-with-32mm-turning-diameter\/\"]}]},{\"@type\":\"ImageObject\",\"inLanguage\":\"de\",\"@id\":\"https:\/\/www.dasmachinery.com\/product\/das-twin-spindle-swiss-type-cnc-lathe-with-32mm-turning-diameter\/#primaryimage\",\"url\":\"https:\/\/www.dasmachinery.com\/wp-content\/uploads\/2024\/09\/DS-32Z-D.jpg\",\"contentUrl\":\"https:\/\/www.dasmachinery.com\/wp-content\/uploads\/2024\/09\/DS-32Z-D.jpg\",\"width\":1500,\"height\":1500},{\"@type\":\"BreadcrumbList\",\"@id\":\"https:\/\/www.dasmachinery.com\/product\/das-twin-spindle-swiss-type-cnc-lathe-with-32mm-turning-diameter\/#breadcrumb\",\"itemListElement\":[{\"@type\":\"ListItem\",\"position\":1,\"name\":\"\u9996\u9875\",\"item\":\"https:\/\/www.dasmachinery.com\/\"},{\"@type\":\"ListItem\",\"position\":2,\"name\":\"PRODUCTS\",\"item\":\"https:\/\/www.dasmachinery.com\/products\/\"},{\"@type\":\"ListItem\",\"position\":3,\"name\":\"DAS Double Spindle Swiss Type CNC Lathe DS-32Z-D\"}]},{\"@type\":\"WebSite\",\"@id\":\"https:\/\/www.dasmachinery.com\/#website\",\"url\":\"https:\/\/www.dasmachinery.com\/\",\"name\":\"Foshan Shunde Guoqiang Daosheng Industrial Co., Ltd\",\"description\":\"Our products are widely used in the manufacture of cars accessories, motorcycles accessories, electronic industry, optical instruments, clocks and watches as well as special motors etc.We have precision processing equipmentand top brand in precision detection equipment.\",\"publisher\":{\"@id\":\"https:\/\/www.dasmachinery.com\/#organization\"},\"potentialAction\":[{\"@type\":\"SearchAction\",\"target\":{\"@type\":\"EntryPoint\",\"urlTemplate\":\"https:\/\/www.dasmachinery.com\/?s={search_term_string}\"},\"query-input\":{\"@type\":\"PropertyValueSpecification\",\"valueRequired\":true,\"valueName\":\"search_term_string\"}}],\"inLanguage\":\"de\"},{\"@type\":\"Organization\",\"@id\":\"https:\/\/www.dasmachinery.com\/#organization\",\"name\":\"Foshan Shunde Guoqiang Daosheng Industrial Co., Ltd\",\"url\":\"https:\/\/www.dasmachinery.com\/\",\"logo\":{\"@type\":\"ImageObject\",\"inLanguage\":\"de\",\"@id\":\"https:\/\/www.dasmachinery.com\/#\/schema\/logo\/image\/\",\"url\":\"https:\/\/dasmachinery.com\/wp-content\/uploads\/2024\/09\/logo-2.png\",\"contentUrl\":\"https:\/\/dasmachinery.com\/wp-content\/uploads\/2024\/09\/logo-2.png\",\"width\":350,\"height\":350,\"caption\":\"Foshan Shunde Guoqiang Daosheng Industrial Co., Ltd\"},\"image\":{\"@id\":\"https:\/\/www.dasmachinery.com\/#\/schema\/logo\/image\/\"}}]}<\/script>\n<!-- \/ Yoast SEO Premium plugin. -->","yoast_head_json":{"title":"DAS Double Spindle Swiss Type CNC Lathe DS-32Z-D - Foshan Shunde Guoqiang Daosheng Industrial Co., Ltd","description":"High Precision High Torque Swiss Type Multi-axis Torno CNC lathe with Double Spindle 5 ER16 Tools for Metal Machining Chinese Brand DAS CNC Machine","robots":{"index":"index","follow":"follow","max-snippet":"max-snippet:-1","max-image-preview":"max-image-preview:large","max-video-preview":"max-video-preview:-1"},"canonical":"https:\/\/www.dasmachinery.com\/de\/produkt\/das-twin-spindle-swiss-type-cnc-lathe-with-32mm-turning-diameter\/","og_locale":"de_DE","og_type":"article","og_title":"DAS Double Spindle Swiss Type CNC Lathe DS-32Z-D","og_description":"High Precision High Torque Swiss Type Multi-axis Torno CNC lathe with Double Spindle 5 ER16 Tools for Metal Machining Chinese Brand DAS CNC Machine","og_url":"https:\/\/www.dasmachinery.com\/de\/produkt\/das-twin-spindle-swiss-type-cnc-lathe-with-32mm-turning-diameter\/","og_site_name":"Foshan Shunde Guoqiang Daosheng Industrial Co., Ltd","article_modified_time":"2025-10-28T08:39:59+00:00","og_image":[{"width":1500,"height":1500,"url":"https:\/\/www.dasmachinery.com\/wp-content\/uploads\/2024\/09\/DS-32Z-D.jpg","type":"image\/jpeg"}],"twitter_card":"summary_large_image","twitter_misc":{"Gesch\u00e4tzte Lesezeit":"1\u00a0Minute"},"schema":{"@context":"https:\/\/schema.org","@graph":[{"@type":"WebPage","@id":"https:\/\/www.dasmachinery.com\/product\/das-twin-spindle-swiss-type-cnc-lathe-with-32mm-turning-diameter\/","url":"https:\/\/www.dasmachinery.com\/product\/das-twin-spindle-swiss-type-cnc-lathe-with-32mm-turning-diameter\/","name":"DAS Double Spindle Swiss Type CNC Lathe DS-32Z-D - Foshan Shunde Guoqiang Daosheng Industrial Co., Ltd","isPartOf":{"@id":"https:\/\/www.dasmachinery.com\/#website"},"primaryImageOfPage":{"@id":"https:\/\/www.dasmachinery.com\/product\/das-twin-spindle-swiss-type-cnc-lathe-with-32mm-turning-diameter\/#primaryimage"},"image":{"@id":"https:\/\/www.dasmachinery.com\/product\/das-twin-spindle-swiss-type-cnc-lathe-with-32mm-turning-diameter\/#primaryimage"},"thumbnailUrl":"https:\/\/www.dasmachinery.com\/wp-content\/uploads\/2024\/09\/DS-32Z-D.jpg","datePublished":"2024-09-23T08:43:14+00:00","dateModified":"2025-10-28T08:39:59+00:00","description":"High Precision High Torque Swiss Type Multi-axis Torno CNC lathe with Double Spindle 5 ER16 Tools for Metal Machining Chinese Brand DAS CNC Machine","breadcrumb":{"@id":"https:\/\/www.dasmachinery.com\/product\/das-twin-spindle-swiss-type-cnc-lathe-with-32mm-turning-diameter\/#breadcrumb"},"inLanguage":"de","potentialAction":[{"@type":"ReadAction","target":["https:\/\/www.dasmachinery.com\/product\/das-twin-spindle-swiss-type-cnc-lathe-with-32mm-turning-diameter\/"]}]},{"@type":"ImageObject","inLanguage":"de","@id":"https:\/\/www.dasmachinery.com\/product\/das-twin-spindle-swiss-type-cnc-lathe-with-32mm-turning-diameter\/#primaryimage","url":"https:\/\/www.dasmachinery.com\/wp-content\/uploads\/2024\/09\/DS-32Z-D.jpg","contentUrl":"https:\/\/www.dasmachinery.com\/wp-content\/uploads\/2024\/09\/DS-32Z-D.jpg","width":1500,"height":1500},{"@type":"BreadcrumbList","@id":"https:\/\/www.dasmachinery.com\/product\/das-twin-spindle-swiss-type-cnc-lathe-with-32mm-turning-diameter\/#breadcrumb","itemListElement":[{"@type":"ListItem","position":1,"name":"\u9996\u9875","item":"https:\/\/www.dasmachinery.com\/"},{"@type":"ListItem","position":2,"name":"PRODUCTS","item":"https:\/\/www.dasmachinery.com\/products\/"},{"@type":"ListItem","position":3,"name":"DAS Double Spindle Swiss Type CNC Lathe DS-32Z-D"}]},{"@type":"WebSite","@id":"https:\/\/www.dasmachinery.com\/#website","url":"https:\/\/www.dasmachinery.com\/","name":"Foshan Shunde Guoqiang Daosheng Industrial Co., Ltd","description":"Our products are widely used in the manufacture of cars accessories, motorcycles accessories, electronic industry, optical instruments, clocks and watches as well as special motors etc.We have precision processing equipmentand top brand in precision detection equipment.","publisher":{"@id":"https:\/\/www.dasmachinery.com\/#organization"},"potentialAction":[{"@type":"SearchAction","target":{"@type":"EntryPoint","urlTemplate":"https:\/\/www.dasmachinery.com\/?s={search_term_string}"},"query-input":{"@type":"PropertyValueSpecification","valueRequired":true,"valueName":"search_term_string"}}],"inLanguage":"de"},{"@type":"Organization","@id":"https:\/\/www.dasmachinery.com\/#organization","name":"Foshan Shunde Guoqiang Daosheng Industrial Co., Ltd","url":"https:\/\/www.dasmachinery.com\/","logo":{"@type":"ImageObject","inLanguage":"de","@id":"https:\/\/www.dasmachinery.com\/#\/schema\/logo\/image\/","url":"https:\/\/dasmachinery.com\/wp-content\/uploads\/2024\/09\/logo-2.png","contentUrl":"https:\/\/dasmachinery.com\/wp-content\/uploads\/2024\/09\/logo-2.png","width":350,"height":350,"caption":"Foshan Shunde Guoqiang Daosheng Industrial Co., Ltd"},"image":{"@id":"https:\/\/www.dasmachinery.com\/#\/schema\/logo\/image\/"}}]}},"_links":{"self":[{"href":"https:\/\/www.dasmachinery.com\/de\/wp-json\/wp\/v2\/product\/341","targetHints":{"allow":["GET"]}}],"collection":[{"href":"https:\/\/www.dasmachinery.com\/de\/wp-json\/wp\/v2\/product"}],"about":[{"href":"https:\/\/www.dasmachinery.com\/de\/wp-json\/wp\/v2\/types\/product"}],"version-history":[{"count":3,"href":"https:\/\/www.dasmachinery.com\/de\/wp-json\/wp\/v2\/product\/341\/revisions"}],"predecessor-version":[{"id":985,"href":"https:\/\/www.dasmachinery.com\/de\/wp-json\/wp\/v2\/product\/341\/revisions\/985"}],"wp:featuredmedia":[{"embeddable":true,"href":"https:\/\/www.dasmachinery.com\/de\/wp-json\/wp\/v2\/media\/318"}],"wp:attachment":[{"href":"https:\/\/www.dasmachinery.com\/de\/wp-json\/wp\/v2\/media?parent=341"}],"wp:term":[{"taxonomy":"product_cat","embeddable":true,"href":"https:\/\/www.dasmachinery.com\/de\/wp-json\/wp\/v2\/product_cat?post=341"},{"taxonomy":"product_tag","embeddable":true,"href":"https:\/\/www.dasmachinery.com\/de\/wp-json\/wp\/v2\/product_tag?post=341"}],"curies":[{"name":"wp","href":"https:\/\/api.w.org\/{rel}","templated":true}]}}