{"id":100,"date":"2024-09-06T11:09:29","date_gmt":"2024-09-06T03:09:29","guid":{"rendered":"https:\/\/dasmachinery.com\/?post_type=product&#038;p=100"},"modified":"2026-05-05T11:21:03","modified_gmt":"2026-05-05T03:21:03","slug":"das-syntec-fanuc-siemens-gsk-controller-twin-spindle-cnc-lathe-machine-ds-5-di","status":"publish","type":"product","link":"https:\/\/www.dasmachinery.com\/es\/producto\/das-syntec-fanuc-siemens-gsk-controller-twin-spindle-cnc-lathe-machine-ds-5-di\/","title":{"rendered":"Torno CNC de doble husillo de 5 pulgadas tipo gang DS-5-DI"},"content":{"rendered":"<h1>TORNO CNC DAS DE DOBLE HUSILLO TIPO GANG (CON COLUMNA, DESLIZAMIENTO DE HERRAMIENTA)<\/h1>\n<p>Torno CNC de doble husillo, ideal para mecanizar piezas peque\u00f1as de doble extremo. Equipado con dos husillos de 5 pulgadas, uno de ellos m\u00f3vil para facilitar la alineaci\u00f3n durante el mecanizado.<\/p>\n<div id=\"attachment_1063\" style=\"width: 1510px\" class=\"wp-caption aligncenter\"><img fetchpriority=\"high\" decoding=\"async\" aria-describedby=\"caption-attachment-1063\" class=\"wp-image-1063\" src=\"https:\/\/www.dasmachinery.com\/wp-content\/uploads\/2024\/09\/DS-5-DI-1.jpg\" alt=\"Details for DAS &quot;DS-5-DI&quot;\" width=\"1500\" height=\"900\" srcset=\"https:\/\/www.dasmachinery.com\/wp-content\/uploads\/2024\/09\/DS-5-DI-1.jpg 1000w, https:\/\/www.dasmachinery.com\/wp-content\/uploads\/2024\/09\/DS-5-DI-1-300x180.jpg 300w, https:\/\/www.dasmachinery.com\/wp-content\/uploads\/2024\/09\/DS-5-DI-1-768x461.jpg 768w, https:\/\/www.dasmachinery.com\/wp-content\/uploads\/2024\/09\/DS-5-DI-1-18x12.jpg 18w, https:\/\/www.dasmachinery.com\/wp-content\/uploads\/2024\/09\/DS-5-DI-1-600x360.jpg 600w, https:\/\/www.dasmachinery.com\/wp-content\/uploads\/2024\/09\/DS-5-DI-1-150x90.jpg 150w\" sizes=\"(max-width: 1500px) 100vw, 1500px\" \/><p id=\"caption-attachment-1063\" class=\"wp-caption-text\">Configuraci\u00f3n del DS-5-DI<\/p><\/div>\n<h2>Especificaciones del producto<\/h2>\n<table style=\"border-collapse: collapse; width: 1361px; height: 744px;\" border=\"0\" width=\"588\" cellspacing=\"0\" cellpadding=\"0\">\n<tbody>\n<tr style=\"height: 18.50pt;\">\n<td class=\"et2\" style=\"height: 18.50pt; width: 198.00pt;\" width=\"264\" height=\"24\">Art\u00edculo<\/td>\n<td class=\"et3\" style=\"width: 54.00pt;\" width=\"72\">Unidad<\/td>\n<td class=\"et3\" style=\"width: 189.00pt;\" width=\"252\">DS-5-DI<\/td>\n<\/tr>\n<tr style=\"height: 18.50pt;\">\n<td class=\"et4\" style=\"height: 18.50pt; width: 198.00pt;\" width=\"264\" height=\"24\">Di\u00e1metro m\u00e1ximo de giro<\/td>\n<td class=\"et5\" style=\"width: 54.00pt;\" width=\"72\">mm<\/td>\n<td class=\"et5\" style=\"width: 189.00pt;\" width=\"252\">\u03a6200<\/td>\n<\/tr>\n<tr style=\"height: 18.50pt;\">\n<td class=\"et4\" style=\"height: 18.50pt; width: 198.00pt;\" width=\"264\" height=\"24\">Di\u00e1metro m\u00e1ximo del proceso<\/td>\n<td class=\"et5\" style=\"width: 54.00pt;\" width=\"72\">mm<\/td>\n<td class=\"et5\" style=\"width: 189.00pt;\" width=\"252\">\u03a6129<\/td>\n<\/tr>\n<tr style=\"height: 18.50pt;\">\n<td class=\"et4\" style=\"height: 18.50pt; width: 198.00pt;\" width=\"264\" height=\"24\">Longitud m\u00e1xima del proceso<\/td>\n<td class=\"et5\" style=\"width: 54.00pt;\" width=\"72\">mm<\/td>\n<td class=\"et5\" style=\"width: 189.00pt;\" width=\"252\">150<\/td>\n<\/tr>\n<tr style=\"height: 18.50pt;\">\n<td class=\"et4\" style=\"height: 18.50pt; width: 198.00pt;\" width=\"264\" height=\"24\">Nariz de huso<\/td>\n<td class=\"et5\" style=\"width: 54.00pt;\" width=\"72\">&#8211;<\/td>\n<td class=\"et5\" style=\"width: 189.00pt;\" width=\"252\">A2-4 (Tipo 36)<\/td>\n<\/tr>\n<tr style=\"height: 18.50pt;\">\n<td class=\"et4\" style=\"height: 18.50pt; width: 198.00pt;\" width=\"264\" height=\"24\">Nariz de subhusillo<\/td>\n<td class=\"et5\" style=\"width: 54.00pt;\" width=\"72\">&#8211;<\/td>\n<td class=\"et5\" style=\"width: 189.00pt;\" width=\"252\">A2-4 (Tipo 25)<\/td>\n<\/tr>\n<tr style=\"height: 18.50pt;\">\n<td class=\"et4\" style=\"height: 18.50pt; width: 198.00pt;\" width=\"264\" height=\"24\">Altura central del portaherramientas<\/td>\n<td class=\"et5\" style=\"width: 54.00pt;\" width=\"72\">mm<\/td>\n<td class=\"et5\" style=\"width: 189.00pt;\" width=\"252\">65<\/td>\n<\/tr>\n<tr style=\"height: 18.50pt;\">\n<td class=\"et4\" style=\"height: 18.50pt; width: 198.00pt;\" width=\"264\" height=\"24\">Velocidad del husillo<\/td>\n<td class=\"et5\" style=\"width: 54.00pt;\" width=\"72\">r\/min<\/td>\n<td class=\"et5\" style=\"width: 189.00pt;\" width=\"252\">0-4500 (Ajustes de f\u00e1brica)<\/td>\n<\/tr>\n<tr style=\"height: 18.50pt;\">\n<td class=\"et4\" style=\"height: 18.50pt; width: 198.00pt;\" width=\"264\" height=\"24\">Orificio del husillo<\/td>\n<td class=\"et5\" style=\"width: 54.00pt;\" width=\"72\">mm<\/td>\n<td class=\"et5\" style=\"width: 189.00pt;\" width=\"252\">\u03a646<\/td>\n<\/tr>\n<tr style=\"height: 18.50pt;\">\n<td class=\"et4\" style=\"height: 18.50pt; width: 198.00pt;\" width=\"264\" height=\"24\">Orificio del subhusillo<\/td>\n<td class=\"et5\" style=\"width: 54.00pt;\" width=\"72\">mm<\/td>\n<td class=\"et5\" style=\"width: 189.00pt;\" width=\"252\">\u03a632<\/td>\n<\/tr>\n<tr style=\"height: 18.50pt;\">\n<td class=\"et4\" style=\"height: 18.50pt; width: 198.00pt;\" width=\"264\" height=\"24\">Potencia del motor del husillo\/subhusillo<\/td>\n<td class=\"et5\" style=\"width: 54.00pt;\" width=\"72\">kw<\/td>\n<td class=\"et5\" style=\"width: 189.00pt;\" width=\"252\">5.5\/5.5<\/td>\n<\/tr>\n<tr style=\"height: 18.50pt;\">\n<td class=\"et4\" style=\"height: 18.50pt; width: 198.00pt;\" width=\"264\" height=\"24\">Instalaci\u00f3n de herramientas<\/td>\n<td class=\"et5\" style=\"width: 54.00pt;\" width=\"72\">&#8211;<\/td>\n<td class=\"et5\" style=\"width: 189.00pt;\" width=\"252\">Tipo de pandilla<\/td>\n<\/tr>\n<tr style=\"height: 18.50pt;\">\n<td class=\"et4\" style=\"height: 18.50pt; width: 198.00pt;\" width=\"264\" height=\"24\">Recorrido de los ejes X1\/Z1<\/td>\n<td class=\"et5\" style=\"width: 54.00pt;\" width=\"72\">mm<\/td>\n<td class=\"et5\" style=\"width: 189.00pt;\" width=\"252\">670\/220<\/td>\n<\/tr>\n<tr style=\"height: 18.50pt;\">\n<td class=\"et4\" style=\"height: 18.50pt; width: 198.00pt;\" width=\"264\" height=\"24\">Recorrido de los ejes X2\/Z2<\/td>\n<td class=\"et5\" style=\"width: 54.00pt;\" width=\"72\">mm<\/td>\n<td class=\"et5\" style=\"width: 189.00pt;\" width=\"252\">600\/200<\/td>\n<\/tr>\n<tr style=\"height: 18.50pt;\">\n<td class=\"et4\" style=\"height: 18.50pt; width: 198.00pt;\" width=\"264\" height=\"24\">Potencia del servomotor de los ejes X1\/Z1\/X2\/Z2<\/td>\n<td class=\"et5\" style=\"width: 54.00pt;\" width=\"72\">kw<\/td>\n<td class=\"et5\" style=\"width: 189.00pt;\" width=\"252\">1.7\/1.7\/1.7\/1.7<\/td>\n<\/tr>\n<tr style=\"height: 18.50pt;\">\n<td class=\"et4\" style=\"height: 18.50pt; width: 198.00pt;\" width=\"264\" height=\"24\">Soporte cuadrado para herramientas<\/td>\n<td class=\"et5\" style=\"width: 54.00pt;\" width=\"72\">mm<\/td>\n<td class=\"et5\" style=\"width: 189.00pt;\" width=\"252\">16&#215;16<\/td>\n<\/tr>\n<tr style=\"height: 18.50pt;\">\n<td class=\"et4\" style=\"height: 18.50pt; width: 198.00pt;\" width=\"264\" height=\"24\">Soporte para herramientas de orificio redondo<\/td>\n<td class=\"et5\" style=\"width: 54.00pt;\" width=\"72\">mm<\/td>\n<td class=\"et5\" style=\"width: 189.00pt;\" width=\"252\">\u03a620<\/td>\n<\/tr>\n<tr style=\"height: 18.50pt;\">\n<td class=\"et4\" style=\"height: 18.50pt; width: 198.00pt;\" width=\"264\" height=\"24\">Tipo de abrazadera de barril para subhusillo<\/td>\n<td class=\"et5\" style=\"width: 54.00pt;\" width=\"72\">&#8211;<\/td>\n<td class=\"et5\" style=\"width: 189.00pt;\" width=\"252\">Tipo de empuje hacia adelante<\/td>\n<\/tr>\n<tr style=\"height: 18.50pt;\">\n<td class=\"et4\" style=\"height: 18.50pt; width: 198.00pt;\" width=\"264\" height=\"24\">Formulario gu\u00eda<\/td>\n<td class=\"et5\" style=\"width: 54.00pt;\" width=\"72\">&#8211;<\/td>\n<td class=\"et5\" style=\"width: 189.00pt;\" width=\"252\">Gu\u00eda lineal<\/td>\n<\/tr>\n<tr style=\"height: 18.50pt;\">\n<td class=\"et4\" style=\"height: 18.50pt; width: 198.00pt;\" width=\"264\" height=\"24\">Velocidad de movimiento r\u00e1pido de los ejes X1\/X2\/Z1\/Z2<\/td>\n<td class=\"et5\" style=\"width: 54.00pt;\" width=\"72\">mm<\/td>\n<td class=\"et5\" style=\"width: 189.00pt;\" width=\"252\">24\/24 (Ajuste de f\u00e1brica)<\/td>\n<\/tr>\n<tr style=\"height: 18.50pt;\">\n<td class=\"et4\" style=\"height: 18.50pt; width: 198.00pt;\" width=\"264\" height=\"24\"><\/td>\n<td class=\"et5\" style=\"width: 54.00pt;\" width=\"72\"><\/td>\n<td class=\"et5\" style=\"width: 189.00pt;\" width=\"252\"><\/td>\n<\/tr>\n<tr style=\"height: 18.50pt;\">\n<td class=\"et4\" style=\"height: 18.50pt; width: 198.00pt;\" width=\"264\" height=\"24\">Potencia del motor de la estaci\u00f3n hidr\u00e1ulica<\/td>\n<td class=\"et5\" style=\"width: 54.00pt;\" width=\"72\">kw<\/td>\n<td class=\"et5\" style=\"width: 189.00pt;\" width=\"252\">1.5<\/td>\n<\/tr>\n<tr style=\"height: 18.50pt;\">\n<td class=\"et4\" style=\"height: 18.50pt; width: 198.00pt;\" width=\"264\" height=\"24\">Potencia del motor de la bomba<\/td>\n<td class=\"et5\" style=\"width: 54.00pt;\" width=\"72\">w<\/td>\n<td class=\"et5\" style=\"width: 189.00pt;\" width=\"252\">750\u00d72<\/td>\n<\/tr>\n<tr style=\"height: 18.50pt;\">\n<td class=\"et4\" style=\"height: 18.50pt; width: 198.00pt;\" width=\"264\" height=\"24\">Potencia de la m\u00e1quina<\/td>\n<td class=\"et5\" style=\"width: 54.00pt;\" width=\"72\">kw<\/td>\n<td class=\"et5\" style=\"width: 189.00pt;\" width=\"252\">22<\/td>\n<\/tr>\n<tr style=\"height: 18.50pt;\">\n<td class=\"et4\" style=\"height: 18.50pt; width: 198.00pt;\" width=\"264\" height=\"24\">Peso neto<\/td>\n<td class=\"et5\" style=\"width: 54.00pt;\" width=\"72\">kg<\/td>\n<td class=\"et5\" style=\"width: 189.00pt;\" width=\"252\">4500<\/td>\n<\/tr>\n<tr style=\"height: 18.50pt;\">\n<td class=\"et4\" style=\"height: 18.50pt; width: 198.00pt;\" width=\"264\" height=\"24\">Dimensiones de la m\u00e1quina (L x An x Al)<\/td>\n<td class=\"et5\" style=\"width: 54.00pt;\" width=\"72\">mm<\/td>\n<td class=\"et5\" style=\"width: 189.00pt;\" width=\"252\">2500 x 1700 x 1750<\/td>\n<\/tr>\n<\/tbody>\n<\/table>","protected":false},"excerpt":{"rendered":"<p>Torno CNC de doble husillo, ideal para mecanizar piezas peque\u00f1as de doble extremo. Equipado con dos husillos de 5 pulgadas, uno de ellos m\u00f3vil para facilitar la alineaci\u00f3n durante el mecanizado.<\/p>","protected":false},"featured_media":310,"template":"","meta":{"content-type":""},"product_cat":[24],"product_tag":[37,38],"class_list":{"0":"post-100","1":"product","2":"type-product","3":"status-publish","4":"has-post-thumbnail","6":"product_cat-double-spindle-dual-channel-cnc-lathe","7":"product_tag-5-axis-cnc-lathe-machine","8":"product_tag-gang-type-double-spindle-cnc-lathe","10":"first","11":"instock","12":"shipping-taxable","13":"product-type-simple"},"yoast_head":"<!-- This site is optimized with the Yoast SEO Premium plugin v22.6 (Yoast SEO v23.4) - https:\/\/yoast.com\/wordpress\/plugins\/seo\/ -->\n<title>Gang Type Double Spindle 5 Inch CNC Lathe Machine DS-5-DI - Foshan Shunde Guoqiang Daosheng Industrial Co., Ltd<\/title>\n<meta name=\"description\" content=\"DAS Dual-spindle series CNC lathe with broad machining capabilities, one spindle is movable for convenient tandem machining.\" \/>\n<meta name=\"robots\" content=\"index, follow, max-snippet:-1, max-image-preview:large, max-video-preview:-1\" \/>\n<link rel=\"canonical\" href=\"https:\/\/www.dasmachinery.com\/es\/producto\/das-syntec-fanuc-siemens-gsk-controller-twin-spindle-cnc-lathe-machine-ds-5-di\/\" \/>\n<meta property=\"og:locale\" content=\"es_ES\" \/>\n<meta property=\"og:type\" content=\"article\" \/>\n<meta property=\"og:title\" content=\"Gang Type Double Spindle 5 Inch CNC Lathe Machine DS-5-DI\" \/>\n<meta property=\"og:description\" content=\"DAS Dual-spindle series CNC lathe with broad machining capabilities, one spindle is movable for convenient tandem machining.\" \/>\n<meta property=\"og:url\" content=\"https:\/\/www.dasmachinery.com\/es\/producto\/das-syntec-fanuc-siemens-gsk-controller-twin-spindle-cnc-lathe-machine-ds-5-di\/\" \/>\n<meta property=\"og:site_name\" content=\"Foshan Shunde Guoqiang Daosheng Industrial Co., Ltd\" \/>\n<meta property=\"article:modified_time\" content=\"2026-05-05T03:21:03+00:00\" \/>\n<meta property=\"og:image\" content=\"https:\/\/www.dasmachinery.com\/wp-content\/uploads\/2024\/09\/DS-5-DI.jpg\" \/>\n\t<meta property=\"og:image:width\" content=\"1500\" \/>\n\t<meta property=\"og:image:height\" content=\"1500\" \/>\n\t<meta property=\"og:image:type\" content=\"image\/jpeg\" \/>\n<meta name=\"twitter:card\" content=\"summary_large_image\" \/>\n<meta name=\"twitter:label1\" content=\"Tiempo de lectura\" \/>\n\t<meta name=\"twitter:data1\" content=\"2 minutos\" \/>\n<script type=\"application\/ld+json\" class=\"yoast-schema-graph\">{\"@context\":\"https:\/\/schema.org\",\"@graph\":[{\"@type\":\"WebPage\",\"@id\":\"https:\/\/www.dasmachinery.com\/product\/das-syntec-fanuc-siemens-gsk-controller-twin-spindle-cnc-lathe-machine-ds-5-di\/\",\"url\":\"https:\/\/www.dasmachinery.com\/product\/das-syntec-fanuc-siemens-gsk-controller-twin-spindle-cnc-lathe-machine-ds-5-di\/\",\"name\":\"Gang Type Double Spindle 5 Inch CNC Lathe Machine DS-5-DI - Foshan Shunde Guoqiang Daosheng Industrial Co., Ltd\",\"isPartOf\":{\"@id\":\"https:\/\/www.dasmachinery.com\/#website\"},\"primaryImageOfPage\":{\"@id\":\"https:\/\/www.dasmachinery.com\/product\/das-syntec-fanuc-siemens-gsk-controller-twin-spindle-cnc-lathe-machine-ds-5-di\/#primaryimage\"},\"image\":{\"@id\":\"https:\/\/www.dasmachinery.com\/product\/das-syntec-fanuc-siemens-gsk-controller-twin-spindle-cnc-lathe-machine-ds-5-di\/#primaryimage\"},\"thumbnailUrl\":\"https:\/\/www.dasmachinery.com\/wp-content\/uploads\/2024\/09\/DS-5-DI.jpg\",\"datePublished\":\"2024-09-06T03:09:29+00:00\",\"dateModified\":\"2026-05-05T03:21:03+00:00\",\"description\":\"DAS Dual-spindle series CNC lathe with broad machining capabilities, one spindle is movable for convenient tandem machining.\",\"breadcrumb\":{\"@id\":\"https:\/\/www.dasmachinery.com\/product\/das-syntec-fanuc-siemens-gsk-controller-twin-spindle-cnc-lathe-machine-ds-5-di\/#breadcrumb\"},\"inLanguage\":\"es\",\"potentialAction\":[{\"@type\":\"ReadAction\",\"target\":[\"https:\/\/www.dasmachinery.com\/product\/das-syntec-fanuc-siemens-gsk-controller-twin-spindle-cnc-lathe-machine-ds-5-di\/\"]}]},{\"@type\":\"ImageObject\",\"inLanguage\":\"es\",\"@id\":\"https:\/\/www.dasmachinery.com\/product\/das-syntec-fanuc-siemens-gsk-controller-twin-spindle-cnc-lathe-machine-ds-5-di\/#primaryimage\",\"url\":\"https:\/\/www.dasmachinery.com\/wp-content\/uploads\/2024\/09\/DS-5-DI.jpg\",\"contentUrl\":\"https:\/\/www.dasmachinery.com\/wp-content\/uploads\/2024\/09\/DS-5-DI.jpg\",\"width\":1500,\"height\":1500},{\"@type\":\"BreadcrumbList\",\"@id\":\"https:\/\/www.dasmachinery.com\/product\/das-syntec-fanuc-siemens-gsk-controller-twin-spindle-cnc-lathe-machine-ds-5-di\/#breadcrumb\",\"itemListElement\":[{\"@type\":\"ListItem\",\"position\":1,\"name\":\"\u9996\u9875\",\"item\":\"https:\/\/www.dasmachinery.com\/\"},{\"@type\":\"ListItem\",\"position\":2,\"name\":\"PRODUCTS\",\"item\":\"https:\/\/www.dasmachinery.com\/products\/\"},{\"@type\":\"ListItem\",\"position\":3,\"name\":\"Gang Type Double Spindle 5 Inch CNC Lathe Machine DS-5-DI\"}]},{\"@type\":\"WebSite\",\"@id\":\"https:\/\/www.dasmachinery.com\/#website\",\"url\":\"https:\/\/www.dasmachinery.com\/\",\"name\":\"Foshan Shunde Guoqiang Daosheng Industrial Co., Ltd\",\"description\":\"Our products are widely used in the manufacture of cars accessories, motorcycles accessories, electronic industry, optical instruments, clocks and watches as well as special motors etc.We have precision processing equipmentand top brand in precision detection equipment.\",\"publisher\":{\"@id\":\"https:\/\/www.dasmachinery.com\/#organization\"},\"potentialAction\":[{\"@type\":\"SearchAction\",\"target\":{\"@type\":\"EntryPoint\",\"urlTemplate\":\"https:\/\/www.dasmachinery.com\/?s={search_term_string}\"},\"query-input\":{\"@type\":\"PropertyValueSpecification\",\"valueRequired\":true,\"valueName\":\"search_term_string\"}}],\"inLanguage\":\"es\"},{\"@type\":\"Organization\",\"@id\":\"https:\/\/www.dasmachinery.com\/#organization\",\"name\":\"Foshan Shunde Guoqiang Daosheng Industrial Co., Ltd\",\"url\":\"https:\/\/www.dasmachinery.com\/\",\"logo\":{\"@type\":\"ImageObject\",\"inLanguage\":\"es\",\"@id\":\"https:\/\/www.dasmachinery.com\/#\/schema\/logo\/image\/\",\"url\":\"https:\/\/dasmachinery.com\/wp-content\/uploads\/2024\/09\/logo-2.png\",\"contentUrl\":\"https:\/\/dasmachinery.com\/wp-content\/uploads\/2024\/09\/logo-2.png\",\"width\":350,\"height\":350,\"caption\":\"Foshan Shunde Guoqiang Daosheng Industrial Co., Ltd\"},\"image\":{\"@id\":\"https:\/\/www.dasmachinery.com\/#\/schema\/logo\/image\/\"}}]}<\/script>\n<!-- \/ Yoast SEO Premium plugin. -->","yoast_head_json":{"title":"Gang Type Double Spindle 5 Inch CNC Lathe Machine DS-5-DI - Foshan Shunde Guoqiang Daosheng Industrial Co., Ltd","description":"DAS Dual-spindle series CNC lathe with broad machining capabilities, one spindle is movable for convenient tandem machining.","robots":{"index":"index","follow":"follow","max-snippet":"max-snippet:-1","max-image-preview":"max-image-preview:large","max-video-preview":"max-video-preview:-1"},"canonical":"https:\/\/www.dasmachinery.com\/es\/producto\/das-syntec-fanuc-siemens-gsk-controller-twin-spindle-cnc-lathe-machine-ds-5-di\/","og_locale":"es_ES","og_type":"article","og_title":"Gang Type Double Spindle 5 Inch CNC Lathe Machine DS-5-DI","og_description":"DAS Dual-spindle series CNC lathe with broad machining capabilities, one spindle is movable for convenient tandem machining.","og_url":"https:\/\/www.dasmachinery.com\/es\/producto\/das-syntec-fanuc-siemens-gsk-controller-twin-spindle-cnc-lathe-machine-ds-5-di\/","og_site_name":"Foshan Shunde Guoqiang Daosheng Industrial Co., Ltd","article_modified_time":"2026-05-05T03:21:03+00:00","og_image":[{"width":1500,"height":1500,"url":"https:\/\/www.dasmachinery.com\/wp-content\/uploads\/2024\/09\/DS-5-DI.jpg","type":"image\/jpeg"}],"twitter_card":"summary_large_image","twitter_misc":{"Tiempo de lectura":"2 minutos"},"schema":{"@context":"https:\/\/schema.org","@graph":[{"@type":"WebPage","@id":"https:\/\/www.dasmachinery.com\/product\/das-syntec-fanuc-siemens-gsk-controller-twin-spindle-cnc-lathe-machine-ds-5-di\/","url":"https:\/\/www.dasmachinery.com\/product\/das-syntec-fanuc-siemens-gsk-controller-twin-spindle-cnc-lathe-machine-ds-5-di\/","name":"Gang Type Double Spindle 5 Inch CNC Lathe Machine DS-5-DI - Foshan Shunde Guoqiang Daosheng Industrial Co., Ltd","isPartOf":{"@id":"https:\/\/www.dasmachinery.com\/#website"},"primaryImageOfPage":{"@id":"https:\/\/www.dasmachinery.com\/product\/das-syntec-fanuc-siemens-gsk-controller-twin-spindle-cnc-lathe-machine-ds-5-di\/#primaryimage"},"image":{"@id":"https:\/\/www.dasmachinery.com\/product\/das-syntec-fanuc-siemens-gsk-controller-twin-spindle-cnc-lathe-machine-ds-5-di\/#primaryimage"},"thumbnailUrl":"https:\/\/www.dasmachinery.com\/wp-content\/uploads\/2024\/09\/DS-5-DI.jpg","datePublished":"2024-09-06T03:09:29+00:00","dateModified":"2026-05-05T03:21:03+00:00","description":"DAS Dual-spindle series CNC lathe with broad machining capabilities, one spindle is movable for convenient tandem machining.","breadcrumb":{"@id":"https:\/\/www.dasmachinery.com\/product\/das-syntec-fanuc-siemens-gsk-controller-twin-spindle-cnc-lathe-machine-ds-5-di\/#breadcrumb"},"inLanguage":"es","potentialAction":[{"@type":"ReadAction","target":["https:\/\/www.dasmachinery.com\/product\/das-syntec-fanuc-siemens-gsk-controller-twin-spindle-cnc-lathe-machine-ds-5-di\/"]}]},{"@type":"ImageObject","inLanguage":"es","@id":"https:\/\/www.dasmachinery.com\/product\/das-syntec-fanuc-siemens-gsk-controller-twin-spindle-cnc-lathe-machine-ds-5-di\/#primaryimage","url":"https:\/\/www.dasmachinery.com\/wp-content\/uploads\/2024\/09\/DS-5-DI.jpg","contentUrl":"https:\/\/www.dasmachinery.com\/wp-content\/uploads\/2024\/09\/DS-5-DI.jpg","width":1500,"height":1500},{"@type":"BreadcrumbList","@id":"https:\/\/www.dasmachinery.com\/product\/das-syntec-fanuc-siemens-gsk-controller-twin-spindle-cnc-lathe-machine-ds-5-di\/#breadcrumb","itemListElement":[{"@type":"ListItem","position":1,"name":"\u9996\u9875","item":"https:\/\/www.dasmachinery.com\/"},{"@type":"ListItem","position":2,"name":"PRODUCTS","item":"https:\/\/www.dasmachinery.com\/products\/"},{"@type":"ListItem","position":3,"name":"Gang Type Double Spindle 5 Inch CNC Lathe Machine DS-5-DI"}]},{"@type":"WebSite","@id":"https:\/\/www.dasmachinery.com\/#website","url":"https:\/\/www.dasmachinery.com\/","name":"Foshan Shunde Guoqiang Daosheng Industrial Co., Ltd","description":"Our products are widely used in the manufacture of cars accessories, motorcycles accessories, electronic industry, optical instruments, clocks and watches as well as special motors etc.We have precision processing equipmentand top brand in precision detection equipment.","publisher":{"@id":"https:\/\/www.dasmachinery.com\/#organization"},"potentialAction":[{"@type":"SearchAction","target":{"@type":"EntryPoint","urlTemplate":"https:\/\/www.dasmachinery.com\/?s={search_term_string}"},"query-input":{"@type":"PropertyValueSpecification","valueRequired":true,"valueName":"search_term_string"}}],"inLanguage":"es"},{"@type":"Organization","@id":"https:\/\/www.dasmachinery.com\/#organization","name":"Foshan Shunde Guoqiang Daosheng Industrial Co., Ltd","url":"https:\/\/www.dasmachinery.com\/","logo":{"@type":"ImageObject","inLanguage":"es","@id":"https:\/\/www.dasmachinery.com\/#\/schema\/logo\/image\/","url":"https:\/\/dasmachinery.com\/wp-content\/uploads\/2024\/09\/logo-2.png","contentUrl":"https:\/\/dasmachinery.com\/wp-content\/uploads\/2024\/09\/logo-2.png","width":350,"height":350,"caption":"Foshan Shunde Guoqiang Daosheng Industrial Co., Ltd"},"image":{"@id":"https:\/\/www.dasmachinery.com\/#\/schema\/logo\/image\/"}}]}},"_links":{"self":[{"href":"https:\/\/www.dasmachinery.com\/es\/wp-json\/wp\/v2\/product\/100","targetHints":{"allow":["GET"]}}],"collection":[{"href":"https:\/\/www.dasmachinery.com\/es\/wp-json\/wp\/v2\/product"}],"about":[{"href":"https:\/\/www.dasmachinery.com\/es\/wp-json\/wp\/v2\/types\/product"}],"version-history":[{"count":6,"href":"https:\/\/www.dasmachinery.com\/es\/wp-json\/wp\/v2\/product\/100\/revisions"}],"predecessor-version":[{"id":1163,"href":"https:\/\/www.dasmachinery.com\/es\/wp-json\/wp\/v2\/product\/100\/revisions\/1163"}],"wp:featuredmedia":[{"embeddable":true,"href":"https:\/\/www.dasmachinery.com\/es\/wp-json\/wp\/v2\/media\/310"}],"wp:attachment":[{"href":"https:\/\/www.dasmachinery.com\/es\/wp-json\/wp\/v2\/media?parent=100"}],"wp:term":[{"taxonomy":"product_cat","embeddable":true,"href":"https:\/\/www.dasmachinery.com\/es\/wp-json\/wp\/v2\/product_cat?post=100"},{"taxonomy":"product_tag","embeddable":true,"href":"https:\/\/www.dasmachinery.com\/es\/wp-json\/wp\/v2\/product_tag?post=100"}],"curies":[{"name":"wp","href":"https:\/\/api.w.org\/{rel}","templated":true}]}}