{"id":123,"date":"2024-09-06T11:29:05","date_gmt":"2024-09-06T03:29:05","guid":{"rendered":"https:\/\/dasmachinery.com\/?post_type=product&#038;p=123"},"modified":"2025-10-31T17:03:33","modified_gmt":"2025-10-31T09:03:33","slug":"ds-25ws-cnc-machine-lathe","status":"publish","type":"product","link":"https:\/\/www.dasmachinery.com\/es\/producto\/ds-25ws-cnc-machine-lathe\/","title":{"rendered":"Torno CNC de 3 ejes con fresado en espiral exterior DAS DS-25WS"},"content":{"rendered":"<h1 style=\"text-align: center;\">Fresadora Outer Whirlwind DS-25WS<\/h1>\n<ul>\n<li><strong><b>Pendiente <\/b><\/strong><strong><b>Mecanizado <\/b><\/strong><strong><b>Capacidad<\/b><\/strong>Con una longitud m\u00e1xima de mecanizado de 250 mm y m\u00f3dulos compatibles de 0,4 M a 15 M, esta m\u00e1quina cumple con las normas DIN 397427. Ofrece un rango de \u00e1ngulo de mecanizado de +35\u00b0 a -30\u00b0 y un di\u00e1metro m\u00e1ximo de mecanizado de \u03c630 mm, lo que garantiza que satisface una amplia gama de necesidades de mecanizado.<\/li>\n<li><strong><b>Fresado eficiente: <\/b><\/strong>La m\u00e1quina utiliza un modo de fresado rotativo externo con herramientas de conformado (fresas circulares), lo que permite un mecanizado de alta precisi\u00f3n. El motor del husillo tiene una potencia de 3,1 kW y puede alcanzar velocidades de hasta 3000 RPM (ajuste de f\u00e1brica), lo que permite realizar eficazmente la mayor\u00eda de las tareas de fresado.<\/li>\n<li><strong><b>Preciso <\/b><\/strong><strong><b>Huso: <\/b><\/strong>El husillo presenta un Dise\u00f1o de \u03c646 mm, con una potencia de motor de husillo de 5,5 kW y una velocidad m\u00e1xima de 1500 RPM (ajuste de f\u00e1brica), lo que garantiza estabilidad y durabilidad.<\/li>\n<li><strong><b>Poderoso <\/b><\/strong><strong><b>Axial <\/b><\/strong><strong><b>Sistema: <\/b><\/strong>El recorrido de los ejes X\/Z\/Y es de 100 mm, 250 mm y 300 mm (con contrapunto), respectivamente. Cada motor de eje tiene una potencia de 2,4 kW, con velocidades de desplazamiento de hasta 12 m\/min. La precisi\u00f3n de posicionamiento repetitivo es superior a \u00b10,005 mm, lo que garantiza una excelente precisi\u00f3n de mecanizado.<\/li>\n<li><strong><b>Flexible <\/b><\/strong><strong><b>Configuraci\u00f3n: <\/b><\/strong>Ofrece una gama de caracter\u00edsticas opcionales que incluyen un contrapunto, una estaci\u00f3n hidr\u00e1ulica, un transportador magn\u00e9tico de virutas integrado, un enfriador de aceite, un colector de niebla y un sistema de automatizaci\u00f3n para satisfacer diversas necesidades de mecanizado.<\/li>\n<\/ul>\n<p><img fetchpriority=\"high\" decoding=\"async\" class=\"aligncenter size-full wp-image-317\" src=\"https:\/\/dasmachinery.com\/wp-content\/uploads\/2024\/09\/DS-25WS.jpg\" alt=\"\" width=\"1500\" height=\"1500\" srcset=\"https:\/\/www.dasmachinery.com\/wp-content\/uploads\/2024\/09\/DS-25WS.jpg 1500w, https:\/\/www.dasmachinery.com\/wp-content\/uploads\/2024\/09\/DS-25WS-300x300.jpg 300w, https:\/\/www.dasmachinery.com\/wp-content\/uploads\/2024\/09\/DS-25WS-150x150.jpg 150w, https:\/\/www.dasmachinery.com\/wp-content\/uploads\/2024\/09\/DS-25WS-600x600.jpg 600w, https:\/\/www.dasmachinery.com\/wp-content\/uploads\/2024\/09\/DS-25WS-1024x1024.jpg 1024w, https:\/\/www.dasmachinery.com\/wp-content\/uploads\/2024\/09\/DS-25WS-768x768.jpg 768w\" sizes=\"(max-width: 1500px) 100vw, 1500px\" \/><\/p>","protected":false},"excerpt":{"rendered":"<p>Fresadora de torbellino exterior DS-25WS Excelente capacidad de mecanizado: con una longitud m\u00e1xima de mecanizado de 250 mm y m\u00f3dulos de soporte de<\/p>","protected":false},"featured_media":317,"template":"","meta":{"content-type":""},"product_cat":[30],"product_tag":[34],"class_list":{"0":"post-123","1":"product","2":"type-product","3":"status-publish","4":"has-post-thumbnail","6":"product_cat-worm-whirlwind-milling-machine","7":"product_tag-cnc-lathe","9":"first","10":"instock","11":"shipping-taxable","12":"product-type-simple"},"yoast_head":"<!-- This site is optimized with the Yoast SEO Premium plugin v22.6 (Yoast SEO v23.4) - https:\/\/yoast.com\/wordpress\/plugins\/seo\/ -->\n<title>DAS DS-25WS Outer Whirlwind Milling 3 axis CNC Machine Lathe - Foshan Shunde Guoqiang Daosheng Industrial Co., Ltd<\/title>\n<meta name=\"description\" content=\"20+ years cnc lathe machine factory, DAS&#039;s patented products, focusing on the production and research and development of high-end precision CNC machine tools and equipment, and the construction of automated integrated production lines.\" \/>\n<meta name=\"robots\" content=\"index, follow, max-snippet:-1, max-image-preview:large, max-video-preview:-1\" \/>\n<link rel=\"canonical\" href=\"https:\/\/www.dasmachinery.com\/es\/producto\/ds-25ws-cnc-machine-lathe\/\" \/>\n<meta property=\"og:locale\" content=\"es_ES\" \/>\n<meta property=\"og:type\" content=\"article\" \/>\n<meta property=\"og:title\" content=\"DAS DS-25WS Outer Whirlwind Milling 3 axis CNC Machine Lathe\" \/>\n<meta property=\"og:description\" content=\"20+ years cnc lathe machine factory, DAS&#039;s patented products, focusing on the production and research and development of high-end precision CNC machine tools and equipment, and the construction of automated integrated production lines.\" \/>\n<meta property=\"og:url\" content=\"https:\/\/www.dasmachinery.com\/es\/producto\/ds-25ws-cnc-machine-lathe\/\" \/>\n<meta property=\"og:site_name\" content=\"Foshan Shunde Guoqiang Daosheng Industrial Co., Ltd\" \/>\n<meta property=\"article:modified_time\" content=\"2025-10-31T09:03:33+00:00\" \/>\n<meta property=\"og:image\" content=\"https:\/\/www.dasmachinery.com\/wp-content\/uploads\/2024\/09\/DS-25WS.jpg\" \/>\n\t<meta property=\"og:image:width\" content=\"1500\" \/>\n\t<meta property=\"og:image:height\" content=\"1500\" \/>\n\t<meta property=\"og:image:type\" content=\"image\/jpeg\" \/>\n<meta name=\"twitter:card\" content=\"summary_large_image\" \/>\n<meta name=\"twitter:label1\" content=\"Tiempo de lectura\" \/>\n\t<meta name=\"twitter:data1\" content=\"2 minutos\" \/>\n<script type=\"application\/ld+json\" class=\"yoast-schema-graph\">{\"@context\":\"https:\/\/schema.org\",\"@graph\":[{\"@type\":\"WebPage\",\"@id\":\"https:\/\/www.dasmachinery.com\/product\/ds-25ws-cnc-machine-lathe\/\",\"url\":\"https:\/\/www.dasmachinery.com\/product\/ds-25ws-cnc-machine-lathe\/\",\"name\":\"DAS DS-25WS Outer Whirlwind Milling 3 axis CNC Machine Lathe - Foshan Shunde Guoqiang Daosheng Industrial Co., Ltd\",\"isPartOf\":{\"@id\":\"https:\/\/www.dasmachinery.com\/#website\"},\"primaryImageOfPage\":{\"@id\":\"https:\/\/www.dasmachinery.com\/product\/ds-25ws-cnc-machine-lathe\/#primaryimage\"},\"image\":{\"@id\":\"https:\/\/www.dasmachinery.com\/product\/ds-25ws-cnc-machine-lathe\/#primaryimage\"},\"thumbnailUrl\":\"https:\/\/www.dasmachinery.com\/wp-content\/uploads\/2024\/09\/DS-25WS.jpg\",\"datePublished\":\"2024-09-06T03:29:05+00:00\",\"dateModified\":\"2025-10-31T09:03:33+00:00\",\"description\":\"20+ years cnc lathe machine factory, DAS's patented products, focusing on the production and research and development of high-end precision CNC machine tools and equipment, and the construction of automated integrated production lines.\",\"breadcrumb\":{\"@id\":\"https:\/\/www.dasmachinery.com\/product\/ds-25ws-cnc-machine-lathe\/#breadcrumb\"},\"inLanguage\":\"es\",\"potentialAction\":[{\"@type\":\"ReadAction\",\"target\":[\"https:\/\/www.dasmachinery.com\/product\/ds-25ws-cnc-machine-lathe\/\"]}]},{\"@type\":\"ImageObject\",\"inLanguage\":\"es\",\"@id\":\"https:\/\/www.dasmachinery.com\/product\/ds-25ws-cnc-machine-lathe\/#primaryimage\",\"url\":\"https:\/\/www.dasmachinery.com\/wp-content\/uploads\/2024\/09\/DS-25WS.jpg\",\"contentUrl\":\"https:\/\/www.dasmachinery.com\/wp-content\/uploads\/2024\/09\/DS-25WS.jpg\",\"width\":1500,\"height\":1500},{\"@type\":\"BreadcrumbList\",\"@id\":\"https:\/\/www.dasmachinery.com\/product\/ds-25ws-cnc-machine-lathe\/#breadcrumb\",\"itemListElement\":[{\"@type\":\"ListItem\",\"position\":1,\"name\":\"\u9996\u9875\",\"item\":\"https:\/\/www.dasmachinery.com\/\"},{\"@type\":\"ListItem\",\"position\":2,\"name\":\"PRODUCTS\",\"item\":\"https:\/\/www.dasmachinery.com\/products\/\"},{\"@type\":\"ListItem\",\"position\":3,\"name\":\"DAS DS-25WS Outer Whirlwind Milling 3 axis CNC Machine Lathe\"}]},{\"@type\":\"WebSite\",\"@id\":\"https:\/\/www.dasmachinery.com\/#website\",\"url\":\"https:\/\/www.dasmachinery.com\/\",\"name\":\"Foshan Shunde Guoqiang Daosheng Industrial Co., Ltd\",\"description\":\"Our products are widely used in the manufacture of cars accessories, motorcycles accessories, electronic industry, optical instruments, clocks and watches as well as special motors etc.We have precision processing equipmentand top brand in precision detection equipment.\",\"publisher\":{\"@id\":\"https:\/\/www.dasmachinery.com\/#organization\"},\"potentialAction\":[{\"@type\":\"SearchAction\",\"target\":{\"@type\":\"EntryPoint\",\"urlTemplate\":\"https:\/\/www.dasmachinery.com\/?s={search_term_string}\"},\"query-input\":{\"@type\":\"PropertyValueSpecification\",\"valueRequired\":true,\"valueName\":\"search_term_string\"}}],\"inLanguage\":\"es\"},{\"@type\":\"Organization\",\"@id\":\"https:\/\/www.dasmachinery.com\/#organization\",\"name\":\"Foshan Shunde Guoqiang Daosheng Industrial Co., Ltd\",\"url\":\"https:\/\/www.dasmachinery.com\/\",\"logo\":{\"@type\":\"ImageObject\",\"inLanguage\":\"es\",\"@id\":\"https:\/\/www.dasmachinery.com\/#\/schema\/logo\/image\/\",\"url\":\"https:\/\/dasmachinery.com\/wp-content\/uploads\/2024\/09\/logo-2.png\",\"contentUrl\":\"https:\/\/dasmachinery.com\/wp-content\/uploads\/2024\/09\/logo-2.png\",\"width\":350,\"height\":350,\"caption\":\"Foshan Shunde Guoqiang Daosheng Industrial Co., Ltd\"},\"image\":{\"@id\":\"https:\/\/www.dasmachinery.com\/#\/schema\/logo\/image\/\"}}]}<\/script>\n<!-- \/ Yoast SEO Premium plugin. -->","yoast_head_json":{"title":"DAS DS-25WS Outer Whirlwind Milling 3 axis CNC Machine Lathe - Foshan Shunde Guoqiang Daosheng Industrial Co., Ltd","description":"20+ years cnc lathe machine factory, DAS's patented products, focusing on the production and research and development of high-end precision CNC machine tools and equipment, and the construction of automated integrated production lines.","robots":{"index":"index","follow":"follow","max-snippet":"max-snippet:-1","max-image-preview":"max-image-preview:large","max-video-preview":"max-video-preview:-1"},"canonical":"https:\/\/www.dasmachinery.com\/es\/producto\/ds-25ws-cnc-machine-lathe\/","og_locale":"es_ES","og_type":"article","og_title":"DAS DS-25WS Outer Whirlwind Milling 3 axis CNC Machine Lathe","og_description":"20+ years cnc lathe machine factory, DAS's patented products, focusing on the production and research and development of high-end precision CNC machine tools and equipment, and the construction of automated integrated production lines.","og_url":"https:\/\/www.dasmachinery.com\/es\/producto\/ds-25ws-cnc-machine-lathe\/","og_site_name":"Foshan Shunde Guoqiang Daosheng Industrial Co., Ltd","article_modified_time":"2025-10-31T09:03:33+00:00","og_image":[{"width":1500,"height":1500,"url":"https:\/\/www.dasmachinery.com\/wp-content\/uploads\/2024\/09\/DS-25WS.jpg","type":"image\/jpeg"}],"twitter_card":"summary_large_image","twitter_misc":{"Tiempo de lectura":"2 minutos"},"schema":{"@context":"https:\/\/schema.org","@graph":[{"@type":"WebPage","@id":"https:\/\/www.dasmachinery.com\/product\/ds-25ws-cnc-machine-lathe\/","url":"https:\/\/www.dasmachinery.com\/product\/ds-25ws-cnc-machine-lathe\/","name":"DAS DS-25WS Outer Whirlwind Milling 3 axis CNC Machine Lathe - Foshan Shunde Guoqiang Daosheng Industrial Co., Ltd","isPartOf":{"@id":"https:\/\/www.dasmachinery.com\/#website"},"primaryImageOfPage":{"@id":"https:\/\/www.dasmachinery.com\/product\/ds-25ws-cnc-machine-lathe\/#primaryimage"},"image":{"@id":"https:\/\/www.dasmachinery.com\/product\/ds-25ws-cnc-machine-lathe\/#primaryimage"},"thumbnailUrl":"https:\/\/www.dasmachinery.com\/wp-content\/uploads\/2024\/09\/DS-25WS.jpg","datePublished":"2024-09-06T03:29:05+00:00","dateModified":"2025-10-31T09:03:33+00:00","description":"20+ years cnc lathe machine factory, DAS's patented products, focusing on the production and research and development of high-end precision CNC machine tools and equipment, and the construction of automated integrated production lines.","breadcrumb":{"@id":"https:\/\/www.dasmachinery.com\/product\/ds-25ws-cnc-machine-lathe\/#breadcrumb"},"inLanguage":"es","potentialAction":[{"@type":"ReadAction","target":["https:\/\/www.dasmachinery.com\/product\/ds-25ws-cnc-machine-lathe\/"]}]},{"@type":"ImageObject","inLanguage":"es","@id":"https:\/\/www.dasmachinery.com\/product\/ds-25ws-cnc-machine-lathe\/#primaryimage","url":"https:\/\/www.dasmachinery.com\/wp-content\/uploads\/2024\/09\/DS-25WS.jpg","contentUrl":"https:\/\/www.dasmachinery.com\/wp-content\/uploads\/2024\/09\/DS-25WS.jpg","width":1500,"height":1500},{"@type":"BreadcrumbList","@id":"https:\/\/www.dasmachinery.com\/product\/ds-25ws-cnc-machine-lathe\/#breadcrumb","itemListElement":[{"@type":"ListItem","position":1,"name":"\u9996\u9875","item":"https:\/\/www.dasmachinery.com\/"},{"@type":"ListItem","position":2,"name":"PRODUCTS","item":"https:\/\/www.dasmachinery.com\/products\/"},{"@type":"ListItem","position":3,"name":"DAS DS-25WS Outer Whirlwind Milling 3 axis CNC Machine Lathe"}]},{"@type":"WebSite","@id":"https:\/\/www.dasmachinery.com\/#website","url":"https:\/\/www.dasmachinery.com\/","name":"Foshan Shunde Guoqiang Daosheng Industrial Co., Ltd","description":"Our products are widely used in the manufacture of cars accessories, motorcycles accessories, electronic industry, optical instruments, clocks and watches as well as special motors etc.We have precision processing equipmentand top brand in precision detection equipment.","publisher":{"@id":"https:\/\/www.dasmachinery.com\/#organization"},"potentialAction":[{"@type":"SearchAction","target":{"@type":"EntryPoint","urlTemplate":"https:\/\/www.dasmachinery.com\/?s={search_term_string}"},"query-input":{"@type":"PropertyValueSpecification","valueRequired":true,"valueName":"search_term_string"}}],"inLanguage":"es"},{"@type":"Organization","@id":"https:\/\/www.dasmachinery.com\/#organization","name":"Foshan Shunde Guoqiang Daosheng Industrial Co., Ltd","url":"https:\/\/www.dasmachinery.com\/","logo":{"@type":"ImageObject","inLanguage":"es","@id":"https:\/\/www.dasmachinery.com\/#\/schema\/logo\/image\/","url":"https:\/\/dasmachinery.com\/wp-content\/uploads\/2024\/09\/logo-2.png","contentUrl":"https:\/\/dasmachinery.com\/wp-content\/uploads\/2024\/09\/logo-2.png","width":350,"height":350,"caption":"Foshan Shunde Guoqiang Daosheng Industrial Co., Ltd"},"image":{"@id":"https:\/\/www.dasmachinery.com\/#\/schema\/logo\/image\/"}}]}},"_links":{"self":[{"href":"https:\/\/www.dasmachinery.com\/es\/wp-json\/wp\/v2\/product\/123","targetHints":{"allow":["GET"]}}],"collection":[{"href":"https:\/\/www.dasmachinery.com\/es\/wp-json\/wp\/v2\/product"}],"about":[{"href":"https:\/\/www.dasmachinery.com\/es\/wp-json\/wp\/v2\/types\/product"}],"version-history":[{"count":6,"href":"https:\/\/www.dasmachinery.com\/es\/wp-json\/wp\/v2\/product\/123\/revisions"}],"predecessor-version":[{"id":411,"href":"https:\/\/www.dasmachinery.com\/es\/wp-json\/wp\/v2\/product\/123\/revisions\/411"}],"wp:featuredmedia":[{"embeddable":true,"href":"https:\/\/www.dasmachinery.com\/es\/wp-json\/wp\/v2\/media\/317"}],"wp:attachment":[{"href":"https:\/\/www.dasmachinery.com\/es\/wp-json\/wp\/v2\/media?parent=123"}],"wp:term":[{"taxonomy":"product_cat","embeddable":true,"href":"https:\/\/www.dasmachinery.com\/es\/wp-json\/wp\/v2\/product_cat?post=123"},{"taxonomy":"product_tag","embeddable":true,"href":"https:\/\/www.dasmachinery.com\/es\/wp-json\/wp\/v2\/product_tag?post=123"}],"curies":[{"name":"wp","href":"https:\/\/api.w.org\/{rel}","templated":true}]}}