{"id":337,"date":"2024-09-23T16:41:54","date_gmt":"2024-09-23T08:41:54","guid":{"rendered":"https:\/\/dasmachinery.com\/?post_type=product&#038;p=337"},"modified":"2025-11-10T17:10:54","modified_gmt":"2025-11-10T09:10:54","slug":"das-flat-bed-gang-type-cnc-lathe-machine","status":"publish","type":"product","link":"https:\/\/www.dasmachinery.com\/es\/producto\/das-flat-bed-gang-type-cnc-lathe-machine\/","title":{"rendered":"Torno CNC peque\u00f1o DS-25A con controlador SYNTEC GSK"},"content":{"rendered":"<h1>Mini torno CNC DAS de bancada plana tipo multipunto con husillo de 32 mm<\/h1>\n<p>Compatible con sistemas de automatizaci\u00f3n sencillos, tama\u00f1o compacto, m\u00ednimos requisitos de espacio, alta precisi\u00f3n de hasta \u00b10,035 mm<\/p>\n<p><img fetchpriority=\"high\" decoding=\"async\" class=\"aligncenter size-full wp-image-316\" src=\"https:\/\/dasmachinery.com\/wp-content\/uploads\/2024\/09\/DS-25A.jpg\" alt=\"\" width=\"1500\" height=\"1500\" srcset=\"https:\/\/www.dasmachinery.com\/wp-content\/uploads\/2024\/09\/DS-25A.jpg 1500w, https:\/\/www.dasmachinery.com\/wp-content\/uploads\/2024\/09\/DS-25A-300x300.jpg 300w, https:\/\/www.dasmachinery.com\/wp-content\/uploads\/2024\/09\/DS-25A-150x150.jpg 150w, https:\/\/www.dasmachinery.com\/wp-content\/uploads\/2024\/09\/DS-25A-600x600.jpg 600w, https:\/\/www.dasmachinery.com\/wp-content\/uploads\/2024\/09\/DS-25A-1024x1024.jpg 1024w, https:\/\/www.dasmachinery.com\/wp-content\/uploads\/2024\/09\/DS-25A-768x768.jpg 768w\" sizes=\"(max-width: 1500px) 100vw, 1500px\" \/><\/p>\n<p><img decoding=\"async\" class=\"aligncenter wp-image-1076\" src=\"https:\/\/www.dasmachinery.com\/wp-content\/uploads\/2025\/11\/DS-20-25A\u8be6\u60c5\u98752.jpg\" alt=\"\" width=\"1500\" height=\"900\" srcset=\"https:\/\/www.dasmachinery.com\/wp-content\/uploads\/2025\/11\/DS-20-25A\u8be6\u60c5\u98752.jpg 1000w, https:\/\/www.dasmachinery.com\/wp-content\/uploads\/2025\/11\/DS-20-25A\u8be6\u60c5\u98752-300x180.jpg 300w, https:\/\/www.dasmachinery.com\/wp-content\/uploads\/2025\/11\/DS-20-25A\u8be6\u60c5\u98752-768x461.jpg 768w, https:\/\/www.dasmachinery.com\/wp-content\/uploads\/2025\/11\/DS-20-25A\u8be6\u60c5\u98752-18x12.jpg 18w, https:\/\/www.dasmachinery.com\/wp-content\/uploads\/2025\/11\/DS-20-25A\u8be6\u60c5\u98752-600x360.jpg 600w, https:\/\/www.dasmachinery.com\/wp-content\/uploads\/2025\/11\/DS-20-25A\u8be6\u60c5\u98752-150x90.jpg 150w\" sizes=\"(max-width: 1500px) 100vw, 1500px\" \/><\/p>\n<p><img decoding=\"async\" class=\"aligncenter wp-image-1075\" src=\"https:\/\/www.dasmachinery.com\/wp-content\/uploads\/2025\/11\/DS-20-25A\u8be6\u60c5\u98751.jpg\" alt=\"\" width=\"1500\" height=\"2151\" srcset=\"https:\/\/www.dasmachinery.com\/wp-content\/uploads\/2025\/11\/DS-20-25A\u8be6\u60c5\u98751.jpg 1000w, https:\/\/www.dasmachinery.com\/wp-content\/uploads\/2025\/11\/DS-20-25A\u8be6\u60c5\u98751-209x300.jpg 209w, https:\/\/www.dasmachinery.com\/wp-content\/uploads\/2025\/11\/DS-20-25A\u8be6\u60c5\u98751-714x1024.jpg 714w, https:\/\/www.dasmachinery.com\/wp-content\/uploads\/2025\/11\/DS-20-25A\u8be6\u60c5\u98751-768x1101.jpg 768w, https:\/\/www.dasmachinery.com\/wp-content\/uploads\/2025\/11\/DS-20-25A\u8be6\u60c5\u98751-8x12.jpg 8w, https:\/\/www.dasmachinery.com\/wp-content\/uploads\/2025\/11\/DS-20-25A\u8be6\u60c5\u98751-600x860.jpg 600w, https:\/\/www.dasmachinery.com\/wp-content\/uploads\/2025\/11\/DS-20-25A\u8be6\u60c5\u98751-150x215.jpg 150w\" sizes=\"(max-width: 1500px) 100vw, 1500px\" \/><\/p>\n<h2>Producto<\/h2>\n<table style=\"border-collapse: collapse; width: 1357px; height: 687px;\" border=\"0\" width=\"717\" cellspacing=\"0\" cellpadding=\"0\">\n<tbody>\n<tr style=\"height: 18.50pt;\">\n<td class=\"et3\" style=\"height: 18.50pt; width: 161.05pt;\" width=\"214\" height=\"24\">Art\u00edculo<\/td>\n<td class=\"et4\" style=\"width: 49.05pt;\" width=\"65\">Unidad<\/td>\n<td class=\"et4\" style=\"width: 149.25pt;\" width=\"199\">DS-20A<\/td>\n<td class=\"et4\" style=\"width: 178.50pt;\" width=\"238\">DS-25A<\/td>\n<\/tr>\n<tr style=\"height: 18.50pt;\">\n<td class=\"et5\" style=\"height: 18.50pt; width: 161.05pt;\" width=\"214\" height=\"24\">Di\u00e1metro m\u00e1ximo de giro<\/td>\n<td class=\"et6\" style=\"width: 49.05pt;\" width=\"65\">mm<\/td>\n<td class=\"et6\" style=\"width: 149.25pt;\" width=\"199\">\u03a6360<\/td>\n<td class=\"et6\" style=\"width: 178.50pt;\" width=\"238\">\u03a6360<\/td>\n<\/tr>\n<tr style=\"height: 18.50pt;\">\n<td class=\"et5\" style=\"height: 18.50pt; width: 161.05pt;\" width=\"214\" height=\"24\">Rotaci\u00f3n del banco de trabajo<\/td>\n<td class=\"et6\" style=\"width: 49.05pt;\" width=\"65\">mm<\/td>\n<td class=\"et6\" style=\"width: 149.25pt;\" width=\"199\">\u03a6100<\/td>\n<td class=\"et6\" style=\"width: 178.50pt;\" width=\"238\">\u03a6100<\/td>\n<\/tr>\n<tr style=\"height: 18.50pt;\">\n<td class=\"et5\" style=\"height: 18.50pt; width: 161.05pt;\" width=\"214\" height=\"24\">Di\u00e1metro m\u00e1ximo del proceso<\/td>\n<td class=\"et6\" style=\"width: 49.05pt;\" width=\"65\">mm<\/td>\n<td class=\"et6\" style=\"width: 149.25pt;\" width=\"199\">\u03a6100<\/td>\n<td class=\"et6\" style=\"width: 178.50pt;\" width=\"238\">\u03a6100<\/td>\n<\/tr>\n<tr style=\"height: 18.50pt;\">\n<td class=\"et5\" style=\"height: 18.50pt; width: 161.05pt;\" width=\"214\" height=\"24\">Longitud m\u00e1xima del proceso<\/td>\n<td class=\"et6\" style=\"width: 49.05pt;\" width=\"65\">mm<\/td>\n<td class=\"et6\" style=\"width: 149.25pt;\" width=\"199\">230<\/td>\n<td class=\"et6\" style=\"width: 178.50pt;\" width=\"238\">230<\/td>\n<\/tr>\n<tr style=\"height: 18.50pt;\">\n<td class=\"et5\" style=\"height: 18.50pt; width: 161.05pt;\" width=\"214\" height=\"24\">Modelo de pinza<\/td>\n<td class=\"et6\" style=\"width: 49.05pt;\" width=\"65\">&#8211;<\/td>\n<td class=\"et6\" style=\"width: 149.25pt;\" width=\"199\">20 Tipo<\/td>\n<td class=\"et6\" style=\"width: 178.50pt;\" width=\"238\">25 Tipo<\/td>\n<\/tr>\n<tr style=\"height: 18.50pt;\">\n<td class=\"et5\" style=\"height: 18.50pt; width: 161.05pt;\" width=\"214\" height=\"24\">Velocidad del husillo<\/td>\n<td class=\"et6\" style=\"width: 49.05pt;\" width=\"65\">r\/min<\/td>\n<td class=\"et6\" style=\"width: 149.25pt;\" width=\"199\">6000 (Ajuste de f\u00e1brica 4500)<\/td>\n<td class=\"et6\" style=\"width: 178.50pt;\" width=\"238\">6000 (Ajuste de f\u00e1brica 4500)<\/td>\n<\/tr>\n<tr style=\"height: 18.50pt;\">\n<td class=\"et5\" style=\"height: 18.50pt; width: 161.05pt;\" width=\"214\" height=\"24\">Orificio del husillo<\/td>\n<td class=\"et6\" style=\"width: 49.05pt;\" width=\"65\">mm<\/td>\n<td class=\"et6\" style=\"width: 149.25pt;\" width=\"199\">\u03a625<\/td>\n<td class=\"et6\" style=\"width: 178.50pt;\" width=\"238\">\u03a632<\/td>\n<\/tr>\n<tr style=\"height: 18.50pt;\">\n<td class=\"et5\" style=\"height: 18.50pt; width: 161.05pt;\" width=\"214\" height=\"24\">Altura del centro del husillo<\/td>\n<td class=\"et6\" style=\"width: 49.05pt;\" width=\"65\">mm<\/td>\n<td class=\"et6\" style=\"width: 149.25pt;\" width=\"199\">51<\/td>\n<td class=\"et6\" style=\"width: 178.50pt;\" width=\"238\">51<\/td>\n<\/tr>\n<tr style=\"height: 18.50pt;\">\n<td class=\"et5\" style=\"height: 18.50pt; width: 161.05pt;\" width=\"214\" height=\"24\">Potencia del motor del husillo<\/td>\n<td class=\"et6\" style=\"width: 49.05pt;\" width=\"65\">kw<\/td>\n<td class=\"et6\" style=\"width: 149.25pt;\" width=\"199\">2.2<\/td>\n<td class=\"et6\" style=\"width: 178.50pt;\" width=\"238\">4<\/td>\n<\/tr>\n<tr style=\"height: 18.50pt;\">\n<td class=\"et5\" style=\"height: 18.50pt; width: 161.05pt;\" width=\"214\" height=\"24\">Instalaci\u00f3n de herramientas<\/td>\n<td class=\"et6\" style=\"width: 49.05pt;\" width=\"65\">&#8211;<\/td>\n<td class=\"et6\" style=\"width: 149.25pt;\" width=\"199\">Grupo tipo 16*16<\/td>\n<td class=\"et6\" style=\"width: 178.50pt;\" width=\"238\">Grupo tipo 16*16<\/td>\n<\/tr>\n<tr style=\"height: 18.50pt;\">\n<td class=\"et5\" style=\"height: 18.50pt; width: 161.05pt;\" width=\"214\" height=\"24\">Di\u00e1metro del orificio de la varilla de alimentaci\u00f3n<\/td>\n<td class=\"et6\" style=\"width: 49.05pt;\" width=\"65\">mm<\/td>\n<td class=\"et6\" style=\"width: 149.25pt;\" width=\"199\">\u03a620<\/td>\n<td class=\"et6\" style=\"width: 178.50pt;\" width=\"238\">\u03a625<\/td>\n<\/tr>\n<tr style=\"height: 18.50pt;\">\n<td class=\"et5\" style=\"height: 18.50pt; width: 161.05pt;\" width=\"214\" height=\"24\">N\u00famero m\u00e1ximo de herramientas<\/td>\n<td class=\"et6\" style=\"width: 49.05pt;\" width=\"65\">piezas<\/td>\n<td class=\"et8\" style=\"width: 149.25pt;\" width=\"199\">6-7<\/td>\n<td class=\"et8\" style=\"width: 178.50pt;\" width=\"238\">6-7<\/td>\n<\/tr>\n<tr style=\"height: 18.50pt;\">\n<td class=\"et5\" style=\"height: 18.50pt; width: 161.05pt;\" width=\"214\" height=\"24\">Recorrido de los ejes X\/Z<\/td>\n<td class=\"et6\" style=\"width: 49.05pt;\" width=\"65\">mm<\/td>\n<td class=\"et6\" style=\"width: 149.25pt;\" width=\"199\">500\/230<\/td>\n<td class=\"et6\" style=\"width: 178.50pt;\" width=\"238\">500\/230<\/td>\n<\/tr>\n<tr style=\"height: 18.50pt;\">\n<td class=\"et5\" style=\"height: 18.50pt; width: 161.05pt;\" width=\"214\" height=\"24\">Potencia del motor del eje X\/Z<\/td>\n<td class=\"et6\" style=\"width: 49.05pt;\" width=\"65\">kw<\/td>\n<td class=\"et6\" style=\"width: 149.25pt;\" width=\"199\">1.1\/1.1<\/td>\n<td class=\"et6\" style=\"width: 178.50pt;\" width=\"238\">1.1\/1.1<\/td>\n<\/tr>\n<tr style=\"height: 18.50pt;\">\n<td class=\"et5\" style=\"height: 18.50pt; width: 161.05pt;\" width=\"214\" height=\"24\">Repetibilidad del eje X\/Z<\/td>\n<td class=\"et6\" style=\"width: 49.05pt;\" width=\"65\">mm<\/td>\n<td class=\"et6\" style=\"width: 149.25pt;\" width=\"199\">\u00b10,0035<\/td>\n<td class=\"et6\" style=\"width: 178.50pt;\" width=\"238\">\u00b10,0035<\/td>\n<\/tr>\n<tr style=\"height: 18.50pt;\">\n<td class=\"et5\" style=\"height: 18.50pt; width: 161.05pt;\" width=\"214\" height=\"24\">Afilar<\/td>\n<td class=\"et6\" style=\"width: 49.05pt;\" width=\"65\">mm<\/td>\n<td class=\"et6\" style=\"width: 149.25pt;\" width=\"199\">\u22640,003\/100<\/td>\n<td class=\"et6\" style=\"width: 178.50pt;\" width=\"238\">\u22640,003\/100<\/td>\n<\/tr>\n<tr style=\"height: 18.50pt;\">\n<td class=\"et5\" style=\"height: 18.50pt; width: 161.05pt;\" width=\"214\" height=\"24\">Redondez<\/td>\n<td class=\"et6\" style=\"width: 49.05pt;\" width=\"65\">mm<\/td>\n<td class=\"et6\" style=\"width: 149.25pt;\" width=\"199\">\u22640,003<\/td>\n<td class=\"et6\" style=\"width: 178.50pt;\" width=\"238\">\u22640,003<\/td>\n<\/tr>\n<tr style=\"height: 18.50pt;\">\n<td class=\"et5\" style=\"height: 18.50pt; width: 161.05pt;\" width=\"214\" height=\"24\">Resoluci\u00f3n m\u00ednima del sistema<\/td>\n<td class=\"et6\" style=\"width: 49.05pt;\" width=\"65\">mm<\/td>\n<td class=\"et6\" style=\"width: 149.25pt;\" width=\"199\">0.001<\/td>\n<td class=\"et6\" style=\"width: 178.50pt;\" width=\"238\">0.001<\/td>\n<\/tr>\n<tr style=\"height: 18.50pt;\">\n<td class=\"et5\" style=\"height: 18.50pt; width: 161.05pt;\" width=\"214\" height=\"24\">Velocidad de movimiento r\u00e1pido del eje X\/Z<\/td>\n<td class=\"et6\" style=\"width: 49.05pt;\" width=\"65\">m\/min<\/td>\n<td class=\"et6\" style=\"width: 149.25pt;\" width=\"199\">24 (Ajustes de f\u00e1brica)<\/td>\n<td class=\"et6\" style=\"width: 178.50pt;\" width=\"238\">24 (Ajustes de f\u00e1brica)<\/td>\n<\/tr>\n<tr style=\"height: 18.50pt;\">\n<td class=\"et5\" style=\"height: 18.50pt; width: 161.05pt;\" width=\"214\" height=\"24\">Potencia del motor del tanque de agua<\/td>\n<td class=\"et6\" style=\"width: 49.05pt;\" width=\"65\">kw<\/td>\n<td class=\"et6\" style=\"width: 149.25pt;\" width=\"199\">0.35<\/td>\n<td class=\"et6\" style=\"width: 178.50pt;\" width=\"238\">0.35<\/td>\n<\/tr>\n<tr style=\"height: 18.50pt;\">\n<td class=\"et5\" style=\"height: 18.50pt; width: 161.05pt;\" width=\"214\" height=\"24\">Potencia de la m\u00e1quina<\/td>\n<td class=\"et6\" style=\"width: 49.05pt;\" width=\"65\">kw<\/td>\n<td class=\"et6\" style=\"width: 149.25pt;\" width=\"199\">6<\/td>\n<td class=\"et6\" style=\"width: 178.50pt;\" width=\"238\">8<\/td>\n<\/tr>\n<tr style=\"height: 18.50pt;\">\n<td class=\"et5\" style=\"height: 18.50pt; width: 161.05pt;\" width=\"214\" height=\"24\">Peso neto<\/td>\n<td class=\"et6\" style=\"width: 49.05pt;\" width=\"65\">kg<\/td>\n<td class=\"et6\" style=\"width: 149.25pt;\" width=\"199\">1350<\/td>\n<td class=\"et6\" style=\"width: 178.50pt;\" width=\"238\">1360<\/td>\n<\/tr>\n<tr style=\"height: 18.50pt;\">\n<td class=\"et5\" style=\"height: 18.50pt; width: 161.05pt;\" width=\"214\" height=\"24\">Dimensiones de la m\u00e1quina (L*A*H)<\/td>\n<td class=\"et6\" style=\"width: 49.05pt;\" width=\"65\">mm<\/td>\n<td class=\"et6\" style=\"width: 149.25pt;\" width=\"199\">1730*1230*1540<\/td>\n<td class=\"et6\" style=\"width: 178.50pt;\" width=\"238\">1730*1230*1540<\/td>\n<\/tr>\n<\/tbody>\n<\/table>","protected":false},"excerpt":{"rendered":"<p>El portaherramientas opcional estabiliza las materias primas, admite una automatizaci\u00f3n sencilla, tiene un dise\u00f1o compacto con requisitos de espacio m\u00ednimos y una alta precisi\u00f3n de hasta \u00b10,035.<\/p>","protected":false},"featured_media":316,"template":"","meta":{"content-type":""},"product_cat":[56],"product_tag":[41],"class_list":{"0":"post-337","1":"product","2":"type-product","3":"status-publish","4":"has-post-thumbnail","6":"product_cat-flat-bed-cnc-lathe","7":"product_tag-turning-cnc-lathe","9":"first","10":"instock","11":"shipping-taxable","12":"product-type-simple"},"yoast_head":"<!-- This site is optimized with the Yoast SEO Premium plugin v22.6 (Yoast SEO v23.4) - https:\/\/yoast.com\/wordpress\/plugins\/seo\/ -->\n<title>DS-25A small turning cnc lathe machine SYNTEC GSK controller - Foshan Shunde Guoqiang Daosheng Industrial Co., Ltd<\/title>\n<meta name=\"description\" content=\"DAS mini cnc lathe machine Series 32mm spindle bore small type cnc machine simple automation optional SYNTEC SIEMENS FANUC GSK system DS-25A\" \/>\n<meta name=\"robots\" content=\"index, follow, max-snippet:-1, max-image-preview:large, max-video-preview:-1\" \/>\n<link rel=\"canonical\" href=\"https:\/\/www.dasmachinery.com\/es\/producto\/das-flat-bed-gang-type-cnc-lathe-machine\/\" \/>\n<meta property=\"og:locale\" content=\"es_ES\" \/>\n<meta property=\"og:type\" content=\"article\" \/>\n<meta property=\"og:title\" content=\"DS-25A small turning cnc lathe machine SYNTEC GSK controller\" \/>\n<meta property=\"og:description\" content=\"DAS mini cnc lathe machine Series 32mm spindle bore small type cnc machine simple automation optional SYNTEC SIEMENS FANUC GSK system DS-25A\" \/>\n<meta property=\"og:url\" content=\"https:\/\/www.dasmachinery.com\/es\/producto\/das-flat-bed-gang-type-cnc-lathe-machine\/\" \/>\n<meta property=\"og:site_name\" content=\"Foshan Shunde Guoqiang Daosheng Industrial Co., Ltd\" \/>\n<meta property=\"article:modified_time\" content=\"2025-11-10T09:10:54+00:00\" \/>\n<meta property=\"og:image\" content=\"https:\/\/www.dasmachinery.com\/wp-content\/uploads\/2024\/09\/DS-25A.jpg\" \/>\n\t<meta property=\"og:image:width\" content=\"1500\" \/>\n\t<meta property=\"og:image:height\" content=\"1500\" \/>\n\t<meta property=\"og:image:type\" content=\"image\/jpeg\" \/>\n<meta name=\"twitter:card\" content=\"summary_large_image\" \/>\n<meta name=\"twitter:label1\" content=\"Tiempo de lectura\" \/>\n\t<meta name=\"twitter:data1\" content=\"2 minutos\" \/>\n<script type=\"application\/ld+json\" class=\"yoast-schema-graph\">{\"@context\":\"https:\/\/schema.org\",\"@graph\":[{\"@type\":\"WebPage\",\"@id\":\"https:\/\/www.dasmachinery.com\/product\/das-flat-bed-gang-type-cnc-lathe-machine\/\",\"url\":\"https:\/\/www.dasmachinery.com\/product\/das-flat-bed-gang-type-cnc-lathe-machine\/\",\"name\":\"DS-25A small turning cnc lathe machine SYNTEC GSK controller - Foshan Shunde Guoqiang Daosheng Industrial Co., Ltd\",\"isPartOf\":{\"@id\":\"https:\/\/www.dasmachinery.com\/#website\"},\"primaryImageOfPage\":{\"@id\":\"https:\/\/www.dasmachinery.com\/product\/das-flat-bed-gang-type-cnc-lathe-machine\/#primaryimage\"},\"image\":{\"@id\":\"https:\/\/www.dasmachinery.com\/product\/das-flat-bed-gang-type-cnc-lathe-machine\/#primaryimage\"},\"thumbnailUrl\":\"https:\/\/www.dasmachinery.com\/wp-content\/uploads\/2024\/09\/DS-25A.jpg\",\"datePublished\":\"2024-09-23T08:41:54+00:00\",\"dateModified\":\"2025-11-10T09:10:54+00:00\",\"description\":\"DAS mini cnc lathe machine Series 32mm spindle bore small type cnc machine simple automation optional SYNTEC SIEMENS FANUC GSK system DS-25A\",\"breadcrumb\":{\"@id\":\"https:\/\/www.dasmachinery.com\/product\/das-flat-bed-gang-type-cnc-lathe-machine\/#breadcrumb\"},\"inLanguage\":\"es\",\"potentialAction\":[{\"@type\":\"ReadAction\",\"target\":[\"https:\/\/www.dasmachinery.com\/product\/das-flat-bed-gang-type-cnc-lathe-machine\/\"]}]},{\"@type\":\"ImageObject\",\"inLanguage\":\"es\",\"@id\":\"https:\/\/www.dasmachinery.com\/product\/das-flat-bed-gang-type-cnc-lathe-machine\/#primaryimage\",\"url\":\"https:\/\/www.dasmachinery.com\/wp-content\/uploads\/2024\/09\/DS-25A.jpg\",\"contentUrl\":\"https:\/\/www.dasmachinery.com\/wp-content\/uploads\/2024\/09\/DS-25A.jpg\",\"width\":1500,\"height\":1500,\"caption\":\"chinese famous cnc lathe machine factory DAS CNC\"},{\"@type\":\"BreadcrumbList\",\"@id\":\"https:\/\/www.dasmachinery.com\/product\/das-flat-bed-gang-type-cnc-lathe-machine\/#breadcrumb\",\"itemListElement\":[{\"@type\":\"ListItem\",\"position\":1,\"name\":\"\u9996\u9875\",\"item\":\"https:\/\/www.dasmachinery.com\/\"},{\"@type\":\"ListItem\",\"position\":2,\"name\":\"PRODUCTS\",\"item\":\"https:\/\/www.dasmachinery.com\/products\/\"},{\"@type\":\"ListItem\",\"position\":3,\"name\":\"DS-25A small turning cnc lathe machine SYNTEC GSK controller\"}]},{\"@type\":\"WebSite\",\"@id\":\"https:\/\/www.dasmachinery.com\/#website\",\"url\":\"https:\/\/www.dasmachinery.com\/\",\"name\":\"Foshan Shunde Guoqiang Daosheng Industrial Co., Ltd\",\"description\":\"Our products are widely used in the manufacture of cars accessories, motorcycles accessories, electronic industry, optical instruments, clocks and watches as well as special motors etc.We have precision processing equipmentand top brand in precision detection equipment.\",\"publisher\":{\"@id\":\"https:\/\/www.dasmachinery.com\/#organization\"},\"potentialAction\":[{\"@type\":\"SearchAction\",\"target\":{\"@type\":\"EntryPoint\",\"urlTemplate\":\"https:\/\/www.dasmachinery.com\/?s={search_term_string}\"},\"query-input\":{\"@type\":\"PropertyValueSpecification\",\"valueRequired\":true,\"valueName\":\"search_term_string\"}}],\"inLanguage\":\"es\"},{\"@type\":\"Organization\",\"@id\":\"https:\/\/www.dasmachinery.com\/#organization\",\"name\":\"Foshan Shunde Guoqiang Daosheng Industrial Co., Ltd\",\"url\":\"https:\/\/www.dasmachinery.com\/\",\"logo\":{\"@type\":\"ImageObject\",\"inLanguage\":\"es\",\"@id\":\"https:\/\/www.dasmachinery.com\/#\/schema\/logo\/image\/\",\"url\":\"https:\/\/dasmachinery.com\/wp-content\/uploads\/2024\/09\/logo-2.png\",\"contentUrl\":\"https:\/\/dasmachinery.com\/wp-content\/uploads\/2024\/09\/logo-2.png\",\"width\":350,\"height\":350,\"caption\":\"Foshan Shunde Guoqiang Daosheng Industrial Co., Ltd\"},\"image\":{\"@id\":\"https:\/\/www.dasmachinery.com\/#\/schema\/logo\/image\/\"}}]}<\/script>\n<!-- \/ Yoast SEO Premium plugin. -->","yoast_head_json":{"title":"DS-25A small turning cnc lathe machine SYNTEC GSK controller - Foshan Shunde Guoqiang Daosheng Industrial Co., Ltd","description":"DAS mini cnc lathe machine Series 32mm spindle bore small type cnc machine simple automation optional SYNTEC SIEMENS FANUC GSK system DS-25A","robots":{"index":"index","follow":"follow","max-snippet":"max-snippet:-1","max-image-preview":"max-image-preview:large","max-video-preview":"max-video-preview:-1"},"canonical":"https:\/\/www.dasmachinery.com\/es\/producto\/das-flat-bed-gang-type-cnc-lathe-machine\/","og_locale":"es_ES","og_type":"article","og_title":"DS-25A small turning cnc lathe machine SYNTEC GSK controller","og_description":"DAS mini cnc lathe machine Series 32mm spindle bore small type cnc machine simple automation optional SYNTEC SIEMENS FANUC GSK system DS-25A","og_url":"https:\/\/www.dasmachinery.com\/es\/producto\/das-flat-bed-gang-type-cnc-lathe-machine\/","og_site_name":"Foshan Shunde Guoqiang Daosheng Industrial Co., Ltd","article_modified_time":"2025-11-10T09:10:54+00:00","og_image":[{"width":1500,"height":1500,"url":"https:\/\/www.dasmachinery.com\/wp-content\/uploads\/2024\/09\/DS-25A.jpg","type":"image\/jpeg"}],"twitter_card":"summary_large_image","twitter_misc":{"Tiempo de lectura":"2 minutos"},"schema":{"@context":"https:\/\/schema.org","@graph":[{"@type":"WebPage","@id":"https:\/\/www.dasmachinery.com\/product\/das-flat-bed-gang-type-cnc-lathe-machine\/","url":"https:\/\/www.dasmachinery.com\/product\/das-flat-bed-gang-type-cnc-lathe-machine\/","name":"DS-25A small turning cnc lathe machine SYNTEC GSK controller - Foshan Shunde Guoqiang Daosheng Industrial Co., Ltd","isPartOf":{"@id":"https:\/\/www.dasmachinery.com\/#website"},"primaryImageOfPage":{"@id":"https:\/\/www.dasmachinery.com\/product\/das-flat-bed-gang-type-cnc-lathe-machine\/#primaryimage"},"image":{"@id":"https:\/\/www.dasmachinery.com\/product\/das-flat-bed-gang-type-cnc-lathe-machine\/#primaryimage"},"thumbnailUrl":"https:\/\/www.dasmachinery.com\/wp-content\/uploads\/2024\/09\/DS-25A.jpg","datePublished":"2024-09-23T08:41:54+00:00","dateModified":"2025-11-10T09:10:54+00:00","description":"DAS mini cnc lathe machine Series 32mm spindle bore small type cnc machine simple automation optional SYNTEC SIEMENS FANUC GSK system DS-25A","breadcrumb":{"@id":"https:\/\/www.dasmachinery.com\/product\/das-flat-bed-gang-type-cnc-lathe-machine\/#breadcrumb"},"inLanguage":"es","potentialAction":[{"@type":"ReadAction","target":["https:\/\/www.dasmachinery.com\/product\/das-flat-bed-gang-type-cnc-lathe-machine\/"]}]},{"@type":"ImageObject","inLanguage":"es","@id":"https:\/\/www.dasmachinery.com\/product\/das-flat-bed-gang-type-cnc-lathe-machine\/#primaryimage","url":"https:\/\/www.dasmachinery.com\/wp-content\/uploads\/2024\/09\/DS-25A.jpg","contentUrl":"https:\/\/www.dasmachinery.com\/wp-content\/uploads\/2024\/09\/DS-25A.jpg","width":1500,"height":1500,"caption":"chinese famous cnc lathe machine factory DAS CNC"},{"@type":"BreadcrumbList","@id":"https:\/\/www.dasmachinery.com\/product\/das-flat-bed-gang-type-cnc-lathe-machine\/#breadcrumb","itemListElement":[{"@type":"ListItem","position":1,"name":"\u9996\u9875","item":"https:\/\/www.dasmachinery.com\/"},{"@type":"ListItem","position":2,"name":"PRODUCTS","item":"https:\/\/www.dasmachinery.com\/products\/"},{"@type":"ListItem","position":3,"name":"DS-25A small turning cnc lathe machine SYNTEC GSK controller"}]},{"@type":"WebSite","@id":"https:\/\/www.dasmachinery.com\/#website","url":"https:\/\/www.dasmachinery.com\/","name":"Foshan Shunde Guoqiang Daosheng Industrial Co., Ltd","description":"Our products are widely used in the manufacture of cars accessories, motorcycles accessories, electronic industry, optical instruments, clocks and watches as well as special motors etc.We have precision processing equipmentand top brand in precision detection equipment.","publisher":{"@id":"https:\/\/www.dasmachinery.com\/#organization"},"potentialAction":[{"@type":"SearchAction","target":{"@type":"EntryPoint","urlTemplate":"https:\/\/www.dasmachinery.com\/?s={search_term_string}"},"query-input":{"@type":"PropertyValueSpecification","valueRequired":true,"valueName":"search_term_string"}}],"inLanguage":"es"},{"@type":"Organization","@id":"https:\/\/www.dasmachinery.com\/#organization","name":"Foshan Shunde Guoqiang Daosheng Industrial Co., Ltd","url":"https:\/\/www.dasmachinery.com\/","logo":{"@type":"ImageObject","inLanguage":"es","@id":"https:\/\/www.dasmachinery.com\/#\/schema\/logo\/image\/","url":"https:\/\/dasmachinery.com\/wp-content\/uploads\/2024\/09\/logo-2.png","contentUrl":"https:\/\/dasmachinery.com\/wp-content\/uploads\/2024\/09\/logo-2.png","width":350,"height":350,"caption":"Foshan Shunde Guoqiang Daosheng Industrial Co., Ltd"},"image":{"@id":"https:\/\/www.dasmachinery.com\/#\/schema\/logo\/image\/"}}]}},"_links":{"self":[{"href":"https:\/\/www.dasmachinery.com\/es\/wp-json\/wp\/v2\/product\/337","targetHints":{"allow":["GET"]}}],"collection":[{"href":"https:\/\/www.dasmachinery.com\/es\/wp-json\/wp\/v2\/product"}],"about":[{"href":"https:\/\/www.dasmachinery.com\/es\/wp-json\/wp\/v2\/types\/product"}],"version-history":[{"count":6,"href":"https:\/\/www.dasmachinery.com\/es\/wp-json\/wp\/v2\/product\/337\/revisions"}],"predecessor-version":[{"id":1077,"href":"https:\/\/www.dasmachinery.com\/es\/wp-json\/wp\/v2\/product\/337\/revisions\/1077"}],"wp:featuredmedia":[{"embeddable":true,"href":"https:\/\/www.dasmachinery.com\/es\/wp-json\/wp\/v2\/media\/316"}],"wp:attachment":[{"href":"https:\/\/www.dasmachinery.com\/es\/wp-json\/wp\/v2\/media?parent=337"}],"wp:term":[{"taxonomy":"product_cat","embeddable":true,"href":"https:\/\/www.dasmachinery.com\/es\/wp-json\/wp\/v2\/product_cat?post=337"},{"taxonomy":"product_tag","embeddable":true,"href":"https:\/\/www.dasmachinery.com\/es\/wp-json\/wp\/v2\/product_tag?post=337"}],"curies":[{"name":"wp","href":"https:\/\/api.w.org\/{rel}","templated":true}]}}