{"id":346,"date":"2024-09-23T16:45:45","date_gmt":"2024-09-23T08:45:45","guid":{"rendered":"https:\/\/dasmachinery.com\/?post_type=product&#038;p=346"},"modified":"2025-10-28T16:12:34","modified_gmt":"2025-10-28T08:12:34","slug":"double-spindle-power-turret-with-y-axis-cnc-lathe-tx800-8diy","status":"publish","type":"product","link":"https:\/\/www.dasmachinery.com\/es\/producto\/double-spindle-power-turret-with-y-axis-cnc-lathe-tx800-8diy\/","title":{"rendered":"Torno CNC de torreta de potencia de husillo doble DAS TX800-8DIY con eje Y"},"content":{"rendered":"<p>La funcionalidad de doble husillo y eje Y de una sola torreta permite el mecanizado simult\u00e1neo de ambos extremos en una sola configuraci\u00f3n. Equipada con un husillo principal de 8 pulgadas y un husillo secundario de 6 pulgadas, adem\u00e1s de sistemas integrados de filtraci\u00f3n, refrigeraci\u00f3n y drenaje. El panel de control de 10 pulgadas facilita un manejo intuitivo, complementado con un volante para el control manual, lo que proporciona una mayor eficiencia.<\/p>\n<p><img fetchpriority=\"high\" decoding=\"async\" class=\"aligncenter size-full wp-image-322\" src=\"https:\/\/dasmachinery.com\/wp-content\/uploads\/2024\/09\/TX800-8DIY.jpg\" alt=\"\" width=\"1500\" height=\"1500\" srcset=\"https:\/\/www.dasmachinery.com\/wp-content\/uploads\/2024\/09\/TX800-8DIY.jpg 1500w, https:\/\/www.dasmachinery.com\/wp-content\/uploads\/2024\/09\/TX800-8DIY-300x300.jpg 300w, https:\/\/www.dasmachinery.com\/wp-content\/uploads\/2024\/09\/TX800-8DIY-150x150.jpg 150w, https:\/\/www.dasmachinery.com\/wp-content\/uploads\/2024\/09\/TX800-8DIY-600x600.jpg 600w, https:\/\/www.dasmachinery.com\/wp-content\/uploads\/2024\/09\/TX800-8DIY-1024x1024.jpg 1024w, https:\/\/www.dasmachinery.com\/wp-content\/uploads\/2024\/09\/TX800-8DIY-768x768.jpg 768w\" sizes=\"(max-width: 1500px) 100vw, 1500px\" \/><\/p>","protected":false},"excerpt":{"rendered":"<h3>Revoluciona tu mecanizado con tornos CNC de torreta de doble husillo.<\/h3>\n<p>\u00bfBusca aumentar la productividad y la precisi\u00f3n en sus operaciones de mecanizado? El torno CNC de doble husillo con eje Y podr\u00eda ser la soluci\u00f3n que necesita. Esta avanzada tecnolog\u00eda de torneado CNC est\u00e1 dise\u00f1ada para mejorar la eficiencia al permitir el mecanizado simult\u00e1neo en m\u00faltiples \u00e1ngulos, reduciendo as\u00ed los tiempos de preparaci\u00f3n y aumentando la productividad. Presente en las conversaciones entre los principales fabricantes de tornos CNC, el torno de doble husillo ha sido aclamado por su capacidad para trabajar con geometr\u00edas complejas con una precisi\u00f3n inigualable. Si busca una soluci\u00f3n que garantice velocidad y precisi\u00f3n, esta maquinaria de vanguardia es la respuesta.<\/p>\n<h3>Comprender la mec\u00e1nica de un torno CNC de torreta de doble husillo<\/h3>\n<p>El torno CNC de doble husillo con eje Y no es un torno CNC cualquiera. Integra una torreta motorizada con husillo principal y secundario, lo que facilita operaciones complejas y proporciona una flexibilidad sin precedentes. La incorporaci\u00f3n del eje Y supone una revoluci\u00f3n, ya que permite el movimiento vertical, fundamental para procesos de mecanizado elaborados que requieren manipulaci\u00f3n en esa posici\u00f3n. Gracias a la tecnolog\u00eda CNC de \u00faltima generaci\u00f3n, este modelo garantiza un mecanizado preciso y con un margen de error m\u00ednimo. Su capacidad para realizar m\u00faltiples operaciones simult\u00e1neamente permite completar los trabajos con mayor rapidez sin sacrificar la calidad. En cuanto a soluciones de mecanizado vers\u00e1tiles, los tornos CNC de doble husillo marcan la pauta en el sector.<\/p>\n<h3>Invertir en el futuro: Las ventajas de un torno CNC de doble husillo<\/h3>\n<p>Incorporar un torno CNC de doble husillo a sus operaciones demuestra un compromiso con la calidad y la eficiencia operativa. Los beneficios son numerosos: tiempos de ciclo mejorados, reducci\u00f3n de costos laborales y la capacidad de producir componentes complejos en una sola configuraci\u00f3n. Para las empresas que buscan mantenerse competitivas en el din\u00e1mico mundo de la fabricaci\u00f3n, adoptar la tecnolog\u00eda de tornos CNC de doble husillo no es solo una opci\u00f3n, sino una necesidad. Los fabricantes de tornos CNC innovan constantemente, y mantenerse al d\u00eda con estos avances puede impulsar su negocio. Las econom\u00edas de escala, la reducci\u00f3n en la manipulaci\u00f3n de piezas y la precisi\u00f3n que ofrece la tecnolog\u00eda de vanguardia se traducen en ventajas significativas en el mercado actual. Invertir en esta maquinaria es invertir en el futuro, garantizando que sus operaciones se mantengan a la vanguardia de los avances tecnol\u00f3gicos.<\/p>","protected":false},"featured_media":322,"template":"","meta":{"content-type":""},"product_cat":[28],"product_tag":[],"class_list":{"0":"post-346","1":"product","2":"type-product","3":"status-publish","4":"has-post-thumbnail","6":"product_cat-y-axis-turning-and-milling-cnc-lathe","8":"first","9":"instock","10":"shipping-taxable","11":"product-type-simple"},"yoast_head":"<!-- This site is optimized with the Yoast SEO Premium plugin v22.6 (Yoast SEO v23.4) - https:\/\/yoast.com\/wordpress\/plugins\/seo\/ -->\n<title>DAS TX800-8DIY Dual Spindle Power Turret with Y Axis CNC Lathe Machine - Foshan Shunde Guoqiang Daosheng Industrial Co., Ltd<\/title>\n<meta name=\"description\" content=\"22+ years high precision CNC lathe machine manufacturer, using the latest technology, equipped with a power turret, 12 types of tool heads are optional, with high adaptability, long service life, higher precision and efficiency in making workpieces.\" \/>\n<meta name=\"robots\" content=\"index, follow, max-snippet:-1, max-image-preview:large, max-video-preview:-1\" \/>\n<link rel=\"canonical\" href=\"https:\/\/www.dasmachinery.com\/es\/producto\/double-spindle-power-turret-with-y-axis-cnc-lathe-tx800-8diy\/\" \/>\n<meta property=\"og:locale\" content=\"es_ES\" \/>\n<meta property=\"og:type\" content=\"article\" \/>\n<meta property=\"og:title\" content=\"DAS TX800-8DIY Dual Spindle Power Turret with Y Axis CNC Lathe Machine\" \/>\n<meta property=\"og:description\" content=\"22+ years high precision CNC lathe machine manufacturer, using the latest technology, equipped with a power turret, 12 types of tool heads are optional, with high adaptability, long service life, higher precision and efficiency in making workpieces.\" \/>\n<meta property=\"og:url\" content=\"https:\/\/www.dasmachinery.com\/es\/producto\/double-spindle-power-turret-with-y-axis-cnc-lathe-tx800-8diy\/\" \/>\n<meta property=\"og:site_name\" content=\"Foshan Shunde Guoqiang Daosheng Industrial Co., Ltd\" \/>\n<meta property=\"article:modified_time\" content=\"2025-10-28T08:12:34+00:00\" \/>\n<meta property=\"og:image\" content=\"https:\/\/www.dasmachinery.com\/wp-content\/uploads\/2024\/09\/TX800-8DIY.jpg\" \/>\n\t<meta property=\"og:image:width\" content=\"1500\" \/>\n\t<meta property=\"og:image:height\" content=\"1500\" \/>\n\t<meta property=\"og:image:type\" content=\"image\/jpeg\" \/>\n<meta name=\"twitter:card\" content=\"summary_large_image\" \/>\n<meta name=\"twitter:label1\" content=\"Tiempo de lectura\" \/>\n\t<meta name=\"twitter:data1\" content=\"1 minuto\" \/>\n<script type=\"application\/ld+json\" class=\"yoast-schema-graph\">{\"@context\":\"https:\/\/schema.org\",\"@graph\":[{\"@type\":\"WebPage\",\"@id\":\"https:\/\/www.dasmachinery.com\/product\/double-spindle-power-turret-with-y-axis-cnc-lathe-tx800-8diy\/\",\"url\":\"https:\/\/www.dasmachinery.com\/product\/double-spindle-power-turret-with-y-axis-cnc-lathe-tx800-8diy\/\",\"name\":\"DAS TX800-8DIY Dual Spindle Power Turret with Y Axis CNC Lathe Machine - Foshan Shunde Guoqiang Daosheng Industrial Co., Ltd\",\"isPartOf\":{\"@id\":\"https:\/\/www.dasmachinery.com\/#website\"},\"primaryImageOfPage\":{\"@id\":\"https:\/\/www.dasmachinery.com\/product\/double-spindle-power-turret-with-y-axis-cnc-lathe-tx800-8diy\/#primaryimage\"},\"image\":{\"@id\":\"https:\/\/www.dasmachinery.com\/product\/double-spindle-power-turret-with-y-axis-cnc-lathe-tx800-8diy\/#primaryimage\"},\"thumbnailUrl\":\"https:\/\/www.dasmachinery.com\/wp-content\/uploads\/2024\/09\/TX800-8DIY.jpg\",\"datePublished\":\"2024-09-23T08:45:45+00:00\",\"dateModified\":\"2025-10-28T08:12:34+00:00\",\"description\":\"22+ years high precision CNC lathe machine manufacturer, using the latest technology, equipped with a power turret, 12 types of tool heads are optional, with high adaptability, long service life, higher precision and efficiency in making workpieces.\",\"breadcrumb\":{\"@id\":\"https:\/\/www.dasmachinery.com\/product\/double-spindle-power-turret-with-y-axis-cnc-lathe-tx800-8diy\/#breadcrumb\"},\"inLanguage\":\"es\",\"potentialAction\":[{\"@type\":\"ReadAction\",\"target\":[\"https:\/\/www.dasmachinery.com\/product\/double-spindle-power-turret-with-y-axis-cnc-lathe-tx800-8diy\/\"]}]},{\"@type\":\"ImageObject\",\"inLanguage\":\"es\",\"@id\":\"https:\/\/www.dasmachinery.com\/product\/double-spindle-power-turret-with-y-axis-cnc-lathe-tx800-8diy\/#primaryimage\",\"url\":\"https:\/\/www.dasmachinery.com\/wp-content\/uploads\/2024\/09\/TX800-8DIY.jpg\",\"contentUrl\":\"https:\/\/www.dasmachinery.com\/wp-content\/uploads\/2024\/09\/TX800-8DIY.jpg\",\"width\":1500,\"height\":1500},{\"@type\":\"BreadcrumbList\",\"@id\":\"https:\/\/www.dasmachinery.com\/product\/double-spindle-power-turret-with-y-axis-cnc-lathe-tx800-8diy\/#breadcrumb\",\"itemListElement\":[{\"@type\":\"ListItem\",\"position\":1,\"name\":\"\u9996\u9875\",\"item\":\"https:\/\/www.dasmachinery.com\/\"},{\"@type\":\"ListItem\",\"position\":2,\"name\":\"PRODUCTS\",\"item\":\"https:\/\/www.dasmachinery.com\/products\/\"},{\"@type\":\"ListItem\",\"position\":3,\"name\":\"DAS TX800-8DIY Dual Spindle Power Turret with Y Axis CNC Lathe Machine\"}]},{\"@type\":\"WebSite\",\"@id\":\"https:\/\/www.dasmachinery.com\/#website\",\"url\":\"https:\/\/www.dasmachinery.com\/\",\"name\":\"Foshan Shunde Guoqiang Daosheng Industrial Co., Ltd\",\"description\":\"Our products are widely used in the manufacture of cars accessories, motorcycles accessories, electronic industry, optical instruments, clocks and watches as well as special motors etc.We have precision processing equipmentand top brand in precision detection equipment.\",\"publisher\":{\"@id\":\"https:\/\/www.dasmachinery.com\/#organization\"},\"potentialAction\":[{\"@type\":\"SearchAction\",\"target\":{\"@type\":\"EntryPoint\",\"urlTemplate\":\"https:\/\/www.dasmachinery.com\/?s={search_term_string}\"},\"query-input\":{\"@type\":\"PropertyValueSpecification\",\"valueRequired\":true,\"valueName\":\"search_term_string\"}}],\"inLanguage\":\"es\"},{\"@type\":\"Organization\",\"@id\":\"https:\/\/www.dasmachinery.com\/#organization\",\"name\":\"Foshan Shunde Guoqiang Daosheng Industrial Co., Ltd\",\"url\":\"https:\/\/www.dasmachinery.com\/\",\"logo\":{\"@type\":\"ImageObject\",\"inLanguage\":\"es\",\"@id\":\"https:\/\/www.dasmachinery.com\/#\/schema\/logo\/image\/\",\"url\":\"https:\/\/dasmachinery.com\/wp-content\/uploads\/2024\/09\/logo-2.png\",\"contentUrl\":\"https:\/\/dasmachinery.com\/wp-content\/uploads\/2024\/09\/logo-2.png\",\"width\":350,\"height\":350,\"caption\":\"Foshan Shunde Guoqiang Daosheng Industrial Co., Ltd\"},\"image\":{\"@id\":\"https:\/\/www.dasmachinery.com\/#\/schema\/logo\/image\/\"}}]}<\/script>\n<!-- \/ Yoast SEO Premium plugin. -->","yoast_head_json":{"title":"DAS TX800-8DIY Dual Spindle Power Turret with Y Axis CNC Lathe Machine - Foshan Shunde Guoqiang Daosheng Industrial Co., Ltd","description":"22+ years high precision CNC lathe machine manufacturer, using the latest technology, equipped with a power turret, 12 types of tool heads are optional, with high adaptability, long service life, higher precision and efficiency in making workpieces.","robots":{"index":"index","follow":"follow","max-snippet":"max-snippet:-1","max-image-preview":"max-image-preview:large","max-video-preview":"max-video-preview:-1"},"canonical":"https:\/\/www.dasmachinery.com\/es\/producto\/double-spindle-power-turret-with-y-axis-cnc-lathe-tx800-8diy\/","og_locale":"es_ES","og_type":"article","og_title":"DAS TX800-8DIY Dual Spindle Power Turret with Y Axis CNC Lathe Machine","og_description":"22+ years high precision CNC lathe machine manufacturer, using the latest technology, equipped with a power turret, 12 types of tool heads are optional, with high adaptability, long service life, higher precision and efficiency in making workpieces.","og_url":"https:\/\/www.dasmachinery.com\/es\/producto\/double-spindle-power-turret-with-y-axis-cnc-lathe-tx800-8diy\/","og_site_name":"Foshan Shunde Guoqiang Daosheng Industrial Co., Ltd","article_modified_time":"2025-10-28T08:12:34+00:00","og_image":[{"width":1500,"height":1500,"url":"https:\/\/www.dasmachinery.com\/wp-content\/uploads\/2024\/09\/TX800-8DIY.jpg","type":"image\/jpeg"}],"twitter_card":"summary_large_image","twitter_misc":{"Tiempo de lectura":"1 minuto"},"schema":{"@context":"https:\/\/schema.org","@graph":[{"@type":"WebPage","@id":"https:\/\/www.dasmachinery.com\/product\/double-spindle-power-turret-with-y-axis-cnc-lathe-tx800-8diy\/","url":"https:\/\/www.dasmachinery.com\/product\/double-spindle-power-turret-with-y-axis-cnc-lathe-tx800-8diy\/","name":"DAS TX800-8DIY Dual Spindle Power Turret with Y Axis CNC Lathe Machine - Foshan Shunde Guoqiang Daosheng Industrial Co., Ltd","isPartOf":{"@id":"https:\/\/www.dasmachinery.com\/#website"},"primaryImageOfPage":{"@id":"https:\/\/www.dasmachinery.com\/product\/double-spindle-power-turret-with-y-axis-cnc-lathe-tx800-8diy\/#primaryimage"},"image":{"@id":"https:\/\/www.dasmachinery.com\/product\/double-spindle-power-turret-with-y-axis-cnc-lathe-tx800-8diy\/#primaryimage"},"thumbnailUrl":"https:\/\/www.dasmachinery.com\/wp-content\/uploads\/2024\/09\/TX800-8DIY.jpg","datePublished":"2024-09-23T08:45:45+00:00","dateModified":"2025-10-28T08:12:34+00:00","description":"22+ years high precision CNC lathe machine manufacturer, using the latest technology, equipped with a power turret, 12 types of tool heads are optional, with high adaptability, long service life, higher precision and efficiency in making workpieces.","breadcrumb":{"@id":"https:\/\/www.dasmachinery.com\/product\/double-spindle-power-turret-with-y-axis-cnc-lathe-tx800-8diy\/#breadcrumb"},"inLanguage":"es","potentialAction":[{"@type":"ReadAction","target":["https:\/\/www.dasmachinery.com\/product\/double-spindle-power-turret-with-y-axis-cnc-lathe-tx800-8diy\/"]}]},{"@type":"ImageObject","inLanguage":"es","@id":"https:\/\/www.dasmachinery.com\/product\/double-spindle-power-turret-with-y-axis-cnc-lathe-tx800-8diy\/#primaryimage","url":"https:\/\/www.dasmachinery.com\/wp-content\/uploads\/2024\/09\/TX800-8DIY.jpg","contentUrl":"https:\/\/www.dasmachinery.com\/wp-content\/uploads\/2024\/09\/TX800-8DIY.jpg","width":1500,"height":1500},{"@type":"BreadcrumbList","@id":"https:\/\/www.dasmachinery.com\/product\/double-spindle-power-turret-with-y-axis-cnc-lathe-tx800-8diy\/#breadcrumb","itemListElement":[{"@type":"ListItem","position":1,"name":"\u9996\u9875","item":"https:\/\/www.dasmachinery.com\/"},{"@type":"ListItem","position":2,"name":"PRODUCTS","item":"https:\/\/www.dasmachinery.com\/products\/"},{"@type":"ListItem","position":3,"name":"DAS TX800-8DIY Dual Spindle Power Turret with Y Axis CNC Lathe Machine"}]},{"@type":"WebSite","@id":"https:\/\/www.dasmachinery.com\/#website","url":"https:\/\/www.dasmachinery.com\/","name":"Foshan Shunde Guoqiang Daosheng Industrial Co., Ltd","description":"Our products are widely used in the manufacture of cars accessories, motorcycles accessories, electronic industry, optical instruments, clocks and watches as well as special motors etc.We have precision processing equipmentand top brand in precision detection equipment.","publisher":{"@id":"https:\/\/www.dasmachinery.com\/#organization"},"potentialAction":[{"@type":"SearchAction","target":{"@type":"EntryPoint","urlTemplate":"https:\/\/www.dasmachinery.com\/?s={search_term_string}"},"query-input":{"@type":"PropertyValueSpecification","valueRequired":true,"valueName":"search_term_string"}}],"inLanguage":"es"},{"@type":"Organization","@id":"https:\/\/www.dasmachinery.com\/#organization","name":"Foshan Shunde Guoqiang Daosheng Industrial Co., Ltd","url":"https:\/\/www.dasmachinery.com\/","logo":{"@type":"ImageObject","inLanguage":"es","@id":"https:\/\/www.dasmachinery.com\/#\/schema\/logo\/image\/","url":"https:\/\/dasmachinery.com\/wp-content\/uploads\/2024\/09\/logo-2.png","contentUrl":"https:\/\/dasmachinery.com\/wp-content\/uploads\/2024\/09\/logo-2.png","width":350,"height":350,"caption":"Foshan Shunde Guoqiang Daosheng Industrial Co., Ltd"},"image":{"@id":"https:\/\/www.dasmachinery.com\/#\/schema\/logo\/image\/"}}]}},"_links":{"self":[{"href":"https:\/\/www.dasmachinery.com\/es\/wp-json\/wp\/v2\/product\/346","targetHints":{"allow":["GET"]}}],"collection":[{"href":"https:\/\/www.dasmachinery.com\/es\/wp-json\/wp\/v2\/product"}],"about":[{"href":"https:\/\/www.dasmachinery.com\/es\/wp-json\/wp\/v2\/types\/product"}],"version-history":[{"count":6,"href":"https:\/\/www.dasmachinery.com\/es\/wp-json\/wp\/v2\/product\/346\/revisions"}],"predecessor-version":[{"id":980,"href":"https:\/\/www.dasmachinery.com\/es\/wp-json\/wp\/v2\/product\/346\/revisions\/980"}],"wp:featuredmedia":[{"embeddable":true,"href":"https:\/\/www.dasmachinery.com\/es\/wp-json\/wp\/v2\/media\/322"}],"wp:attachment":[{"href":"https:\/\/www.dasmachinery.com\/es\/wp-json\/wp\/v2\/media?parent=346"}],"wp:term":[{"taxonomy":"product_cat","embeddable":true,"href":"https:\/\/www.dasmachinery.com\/es\/wp-json\/wp\/v2\/product_cat?post=346"},{"taxonomy":"product_tag","embeddable":true,"href":"https:\/\/www.dasmachinery.com\/es\/wp-json\/wp\/v2\/product_tag?post=346"}],"curies":[{"name":"wp","href":"https:\/\/api.w.org\/{rel}","templated":true}]}}