{"id":96,"date":"2024-09-06T11:09:08","date_gmt":"2024-09-06T03:09:08","guid":{"rendered":"https:\/\/dasmachinery.com\/?post_type=product&#038;p=96"},"modified":"2024-10-22T19:27:10","modified_gmt":"2024-10-22T11:27:10","slug":"torno-cnc-high-precision-metal-automatic-hydraulic-power-slant-bed-lathe-cnc-machine","status":"publish","type":"product","link":"https:\/\/www.dasmachinery.com\/es\/producto\/torno-cnc-high-precision-metal-automatic-hydraulic-power-slant-bed-lathe-cnc-machine\/","title":{"rendered":"Torno CNC de bancada inclinada con potencia hidr\u00e1ulica autom\u00e1tica para metales de alta precisi\u00f3n CNC46C Torno CNC"},"content":{"rendered":"","protected":false},"excerpt":{"rendered":"","protected":false},"featured_media":309,"template":"","meta":{"content-type":""},"product_cat":[25],"product_tag":[34,44],"class_list":{"0":"post-96","1":"product","2":"type-product","3":"status-publish","4":"has-post-thumbnail","6":"product_cat-slant-bed-gang-type-cnc-lathe","7":"product_tag-cnc-lathe","8":"product_tag-cnc-machine","10":"first","11":"instock","12":"shipping-taxable","13":"product-type-simple"},"yoast_head":"<!-- This site is optimized with the Yoast SEO Premium plugin v22.6 (Yoast SEO v23.4) - https:\/\/yoast.com\/wordpress\/plugins\/seo\/ -->\n<title>CNC46C Torno CNC High Precision Metal Automatic Hydraulic Power Slant Bed Lathe CNC Machine - Foshan Shunde Guoqiang Daosheng Industrial Co., Ltd<\/title>\n<meta name=\"robots\" content=\"index, follow, max-snippet:-1, max-image-preview:large, max-video-preview:-1\" \/>\n<link rel=\"canonical\" href=\"https:\/\/www.dasmachinery.com\/es\/producto\/torno-cnc-high-precision-metal-automatic-hydraulic-power-slant-bed-lathe-cnc-machine\/\" \/>\n<meta property=\"og:locale\" content=\"es_ES\" \/>\n<meta property=\"og:type\" content=\"article\" \/>\n<meta property=\"og:title\" content=\"CNC46C Torno CNC High Precision Metal Automatic Hydraulic Power Slant Bed Lathe CNC Machine\" \/>\n<meta property=\"og:url\" content=\"https:\/\/www.dasmachinery.com\/es\/producto\/torno-cnc-high-precision-metal-automatic-hydraulic-power-slant-bed-lathe-cnc-machine\/\" \/>\n<meta property=\"og:site_name\" content=\"Foshan Shunde Guoqiang Daosheng Industrial Co., Ltd\" \/>\n<meta property=\"article:modified_time\" content=\"2024-10-22T11:27:10+00:00\" \/>\n<meta property=\"og:image\" content=\"https:\/\/www.dasmachinery.com\/wp-content\/uploads\/2024\/09\/CNC46C.jpg\" \/>\n\t<meta property=\"og:image:width\" content=\"1500\" \/>\n\t<meta property=\"og:image:height\" content=\"1500\" \/>\n\t<meta property=\"og:image:type\" content=\"image\/jpeg\" \/>\n<meta name=\"twitter:card\" content=\"summary_large_image\" \/>\n<meta name=\"twitter:label1\" content=\"Tiempo de lectura\" \/>\n\t<meta name=\"twitter:data1\" content=\"1 minuto\" \/>\n<script type=\"application\/ld+json\" class=\"yoast-schema-graph\">{\"@context\":\"https:\/\/schema.org\",\"@graph\":[{\"@type\":\"WebPage\",\"@id\":\"https:\/\/www.dasmachinery.com\/product\/torno-cnc-high-precision-metal-automatic-hydraulic-power-slant-bed-lathe-cnc-machine\/\",\"url\":\"https:\/\/www.dasmachinery.com\/product\/torno-cnc-high-precision-metal-automatic-hydraulic-power-slant-bed-lathe-cnc-machine\/\",\"name\":\"CNC46C Torno CNC High Precision Metal Automatic Hydraulic Power Slant Bed Lathe CNC Machine - Foshan Shunde Guoqiang Daosheng Industrial Co., Ltd\",\"isPartOf\":{\"@id\":\"https:\/\/www.dasmachinery.com\/#website\"},\"primaryImageOfPage\":{\"@id\":\"https:\/\/www.dasmachinery.com\/product\/torno-cnc-high-precision-metal-automatic-hydraulic-power-slant-bed-lathe-cnc-machine\/#primaryimage\"},\"image\":{\"@id\":\"https:\/\/www.dasmachinery.com\/product\/torno-cnc-high-precision-metal-automatic-hydraulic-power-slant-bed-lathe-cnc-machine\/#primaryimage\"},\"thumbnailUrl\":\"https:\/\/www.dasmachinery.com\/wp-content\/uploads\/2024\/09\/CNC46C.jpg\",\"datePublished\":\"2024-09-06T03:09:08+00:00\",\"dateModified\":\"2024-10-22T11:27:10+00:00\",\"breadcrumb\":{\"@id\":\"https:\/\/www.dasmachinery.com\/product\/torno-cnc-high-precision-metal-automatic-hydraulic-power-slant-bed-lathe-cnc-machine\/#breadcrumb\"},\"inLanguage\":\"es\",\"potentialAction\":[{\"@type\":\"ReadAction\",\"target\":[\"https:\/\/www.dasmachinery.com\/product\/torno-cnc-high-precision-metal-automatic-hydraulic-power-slant-bed-lathe-cnc-machine\/\"]}]},{\"@type\":\"ImageObject\",\"inLanguage\":\"es\",\"@id\":\"https:\/\/www.dasmachinery.com\/product\/torno-cnc-high-precision-metal-automatic-hydraulic-power-slant-bed-lathe-cnc-machine\/#primaryimage\",\"url\":\"https:\/\/www.dasmachinery.com\/wp-content\/uploads\/2024\/09\/CNC46C.jpg\",\"contentUrl\":\"https:\/\/www.dasmachinery.com\/wp-content\/uploads\/2024\/09\/CNC46C.jpg\",\"width\":1500,\"height\":1500},{\"@type\":\"BreadcrumbList\",\"@id\":\"https:\/\/www.dasmachinery.com\/product\/torno-cnc-high-precision-metal-automatic-hydraulic-power-slant-bed-lathe-cnc-machine\/#breadcrumb\",\"itemListElement\":[{\"@type\":\"ListItem\",\"position\":1,\"name\":\"\u9996\u9875\",\"item\":\"https:\/\/www.dasmachinery.com\/\"},{\"@type\":\"ListItem\",\"position\":2,\"name\":\"PRODUCTS\",\"item\":\"https:\/\/www.dasmachinery.com\/products\/\"},{\"@type\":\"ListItem\",\"position\":3,\"name\":\"CNC46C Torno CNC High Precision Metal Automatic Hydraulic Power Slant Bed Lathe CNC Machine\"}]},{\"@type\":\"WebSite\",\"@id\":\"https:\/\/www.dasmachinery.com\/#website\",\"url\":\"https:\/\/www.dasmachinery.com\/\",\"name\":\"Foshan Shunde Guoqiang Daosheng Industrial Co., Ltd\",\"description\":\"Our products are widely used in the manufacture of cars accessories, motorcycles accessories, electronic industry, optical instruments, clocks and watches as well as special motors etc.We have precision processing equipmentand top brand in precision detection equipment.\",\"publisher\":{\"@id\":\"https:\/\/www.dasmachinery.com\/#organization\"},\"potentialAction\":[{\"@type\":\"SearchAction\",\"target\":{\"@type\":\"EntryPoint\",\"urlTemplate\":\"https:\/\/www.dasmachinery.com\/?s={search_term_string}\"},\"query-input\":{\"@type\":\"PropertyValueSpecification\",\"valueRequired\":true,\"valueName\":\"search_term_string\"}}],\"inLanguage\":\"es\"},{\"@type\":\"Organization\",\"@id\":\"https:\/\/www.dasmachinery.com\/#organization\",\"name\":\"Foshan Shunde Guoqiang Daosheng Industrial Co., Ltd\",\"url\":\"https:\/\/www.dasmachinery.com\/\",\"logo\":{\"@type\":\"ImageObject\",\"inLanguage\":\"es\",\"@id\":\"https:\/\/www.dasmachinery.com\/#\/schema\/logo\/image\/\",\"url\":\"https:\/\/dasmachinery.com\/wp-content\/uploads\/2024\/09\/logo-2.png\",\"contentUrl\":\"https:\/\/dasmachinery.com\/wp-content\/uploads\/2024\/09\/logo-2.png\",\"width\":350,\"height\":350,\"caption\":\"Foshan Shunde Guoqiang Daosheng Industrial Co., Ltd\"},\"image\":{\"@id\":\"https:\/\/www.dasmachinery.com\/#\/schema\/logo\/image\/\"}}]}<\/script>\n<!-- \/ Yoast SEO Premium plugin. -->","yoast_head_json":{"title":"CNC46C Torno CNC High Precision Metal Automatic Hydraulic Power Slant Bed Lathe CNC Machine - Foshan Shunde Guoqiang Daosheng Industrial Co., Ltd","robots":{"index":"index","follow":"follow","max-snippet":"max-snippet:-1","max-image-preview":"max-image-preview:large","max-video-preview":"max-video-preview:-1"},"canonical":"https:\/\/www.dasmachinery.com\/es\/producto\/torno-cnc-high-precision-metal-automatic-hydraulic-power-slant-bed-lathe-cnc-machine\/","og_locale":"es_ES","og_type":"article","og_title":"CNC46C Torno CNC High Precision Metal Automatic Hydraulic Power Slant Bed Lathe CNC Machine","og_url":"https:\/\/www.dasmachinery.com\/es\/producto\/torno-cnc-high-precision-metal-automatic-hydraulic-power-slant-bed-lathe-cnc-machine\/","og_site_name":"Foshan Shunde Guoqiang Daosheng Industrial Co., Ltd","article_modified_time":"2024-10-22T11:27:10+00:00","og_image":[{"width":1500,"height":1500,"url":"https:\/\/www.dasmachinery.com\/wp-content\/uploads\/2024\/09\/CNC46C.jpg","type":"image\/jpeg"}],"twitter_card":"summary_large_image","twitter_misc":{"Tiempo de lectura":"1 minuto"},"schema":{"@context":"https:\/\/schema.org","@graph":[{"@type":"WebPage","@id":"https:\/\/www.dasmachinery.com\/product\/torno-cnc-high-precision-metal-automatic-hydraulic-power-slant-bed-lathe-cnc-machine\/","url":"https:\/\/www.dasmachinery.com\/product\/torno-cnc-high-precision-metal-automatic-hydraulic-power-slant-bed-lathe-cnc-machine\/","name":"CNC46C Torno CNC High Precision Metal Automatic Hydraulic Power Slant Bed Lathe CNC Machine - Foshan Shunde Guoqiang Daosheng Industrial Co., Ltd","isPartOf":{"@id":"https:\/\/www.dasmachinery.com\/#website"},"primaryImageOfPage":{"@id":"https:\/\/www.dasmachinery.com\/product\/torno-cnc-high-precision-metal-automatic-hydraulic-power-slant-bed-lathe-cnc-machine\/#primaryimage"},"image":{"@id":"https:\/\/www.dasmachinery.com\/product\/torno-cnc-high-precision-metal-automatic-hydraulic-power-slant-bed-lathe-cnc-machine\/#primaryimage"},"thumbnailUrl":"https:\/\/www.dasmachinery.com\/wp-content\/uploads\/2024\/09\/CNC46C.jpg","datePublished":"2024-09-06T03:09:08+00:00","dateModified":"2024-10-22T11:27:10+00:00","breadcrumb":{"@id":"https:\/\/www.dasmachinery.com\/product\/torno-cnc-high-precision-metal-automatic-hydraulic-power-slant-bed-lathe-cnc-machine\/#breadcrumb"},"inLanguage":"es","potentialAction":[{"@type":"ReadAction","target":["https:\/\/www.dasmachinery.com\/product\/torno-cnc-high-precision-metal-automatic-hydraulic-power-slant-bed-lathe-cnc-machine\/"]}]},{"@type":"ImageObject","inLanguage":"es","@id":"https:\/\/www.dasmachinery.com\/product\/torno-cnc-high-precision-metal-automatic-hydraulic-power-slant-bed-lathe-cnc-machine\/#primaryimage","url":"https:\/\/www.dasmachinery.com\/wp-content\/uploads\/2024\/09\/CNC46C.jpg","contentUrl":"https:\/\/www.dasmachinery.com\/wp-content\/uploads\/2024\/09\/CNC46C.jpg","width":1500,"height":1500},{"@type":"BreadcrumbList","@id":"https:\/\/www.dasmachinery.com\/product\/torno-cnc-high-precision-metal-automatic-hydraulic-power-slant-bed-lathe-cnc-machine\/#breadcrumb","itemListElement":[{"@type":"ListItem","position":1,"name":"\u9996\u9875","item":"https:\/\/www.dasmachinery.com\/"},{"@type":"ListItem","position":2,"name":"PRODUCTS","item":"https:\/\/www.dasmachinery.com\/products\/"},{"@type":"ListItem","position":3,"name":"CNC46C Torno CNC High Precision Metal Automatic Hydraulic Power Slant Bed Lathe CNC Machine"}]},{"@type":"WebSite","@id":"https:\/\/www.dasmachinery.com\/#website","url":"https:\/\/www.dasmachinery.com\/","name":"Foshan Shunde Guoqiang Daosheng Industrial Co., Ltd","description":"Our products are widely used in the manufacture of cars accessories, motorcycles accessories, electronic industry, optical instruments, clocks and watches as well as special motors etc.We have precision processing equipmentand top brand in precision detection equipment.","publisher":{"@id":"https:\/\/www.dasmachinery.com\/#organization"},"potentialAction":[{"@type":"SearchAction","target":{"@type":"EntryPoint","urlTemplate":"https:\/\/www.dasmachinery.com\/?s={search_term_string}"},"query-input":{"@type":"PropertyValueSpecification","valueRequired":true,"valueName":"search_term_string"}}],"inLanguage":"es"},{"@type":"Organization","@id":"https:\/\/www.dasmachinery.com\/#organization","name":"Foshan Shunde Guoqiang Daosheng Industrial Co., Ltd","url":"https:\/\/www.dasmachinery.com\/","logo":{"@type":"ImageObject","inLanguage":"es","@id":"https:\/\/www.dasmachinery.com\/#\/schema\/logo\/image\/","url":"https:\/\/dasmachinery.com\/wp-content\/uploads\/2024\/09\/logo-2.png","contentUrl":"https:\/\/dasmachinery.com\/wp-content\/uploads\/2024\/09\/logo-2.png","width":350,"height":350,"caption":"Foshan Shunde Guoqiang Daosheng Industrial Co., Ltd"},"image":{"@id":"https:\/\/www.dasmachinery.com\/#\/schema\/logo\/image\/"}}]}},"_links":{"self":[{"href":"https:\/\/www.dasmachinery.com\/es\/wp-json\/wp\/v2\/product\/96","targetHints":{"allow":["GET"]}}],"collection":[{"href":"https:\/\/www.dasmachinery.com\/es\/wp-json\/wp\/v2\/product"}],"about":[{"href":"https:\/\/www.dasmachinery.com\/es\/wp-json\/wp\/v2\/types\/product"}],"version-history":[{"count":2,"href":"https:\/\/www.dasmachinery.com\/es\/wp-json\/wp\/v2\/product\/96\/revisions"}],"predecessor-version":[{"id":378,"href":"https:\/\/www.dasmachinery.com\/es\/wp-json\/wp\/v2\/product\/96\/revisions\/378"}],"wp:featuredmedia":[{"embeddable":true,"href":"https:\/\/www.dasmachinery.com\/es\/wp-json\/wp\/v2\/media\/309"}],"wp:attachment":[{"href":"https:\/\/www.dasmachinery.com\/es\/wp-json\/wp\/v2\/media?parent=96"}],"wp:term":[{"taxonomy":"product_cat","embeddable":true,"href":"https:\/\/www.dasmachinery.com\/es\/wp-json\/wp\/v2\/product_cat?post=96"},{"taxonomy":"product_tag","embeddable":true,"href":"https:\/\/www.dasmachinery.com\/es\/wp-json\/wp\/v2\/product_tag?post=96"}],"curies":[{"name":"wp","href":"https:\/\/api.w.org\/{rel}","templated":true}]}}