{"id":329,"date":"2024-09-23T16:36:08","date_gmt":"2024-09-23T08:36:08","guid":{"rendered":"https:\/\/dasmachinery.com\/?post_type=product&#038;p=329"},"modified":"2025-10-31T16:24:09","modified_gmt":"2025-10-31T08:24:09","slug":"das-ds-5y-6y-turning-and-milling-composite-torno-cnc-machine-with-y-axis","status":"publish","type":"product","link":"https:\/\/www.dasmachinery.com\/it\/prodotto\/das-ds-5y-6y-turning-and-milling-composite-torno-cnc-machine-with-y-axis\/","title":{"rendered":"Tornio CNC con asse Y per tornitura e fresatura motorizzata DS-5Y 3*3 o 4*4"},"content":{"rendered":"<p>In primo luogo, il portautensili esteso con funzionalit\u00e0 asse Y pu\u00f2 ospitare torrette motorizzate 3x3 o 4x4 e, opzionalmente, pu\u00f2 essere dotato di una torretta servoassistita a 8 stazioni. In secondo luogo, dotato di una protezione integrata completamente chiusa, offre non solo robustezza, bassa rumorosit\u00e0 e un funzionamento fluido. Progettato per una comoda raccolta e pulizia dei trucioli, la sua fusione monolitica garantisce quindi una maggiore rigidit\u00e0.<\/p>\n<p><img fetchpriority=\"high\" decoding=\"async\" class=\"aligncenter size-full wp-image-312\" src=\"https:\/\/dasmachinery.com\/wp-content\/uploads\/2024\/09\/DS-5Y.jpg\" alt=\"\" width=\"1500\" height=\"1500\" srcset=\"https:\/\/www.dasmachinery.com\/wp-content\/uploads\/2024\/09\/DS-5Y.jpg 1500w, https:\/\/www.dasmachinery.com\/wp-content\/uploads\/2024\/09\/DS-5Y-300x300.jpg 300w, https:\/\/www.dasmachinery.com\/wp-content\/uploads\/2024\/09\/DS-5Y-150x150.jpg 150w, https:\/\/www.dasmachinery.com\/wp-content\/uploads\/2024\/09\/DS-5Y-600x600.jpg 600w, https:\/\/www.dasmachinery.com\/wp-content\/uploads\/2024\/09\/DS-5Y-1024x1024.jpg 1024w, https:\/\/www.dasmachinery.com\/wp-content\/uploads\/2024\/09\/DS-5Y-768x768.jpg 768w\" sizes=\"(max-width: 1500px) 100vw, 1500px\" \/><\/p>\n<h2>Specifiche del prodotto<\/h2>\n<table style=\"border-collapse: collapse; width: 681.77pt;\" border=\"0\" width=\"909\" cellspacing=\"0\" cellpadding=\"0\">\n<tbody>\n<tr style=\"height: 22.50pt;\">\n<td class=\"et3\" style=\"height: 22.50pt; width: 293.05pt;\" width=\"390\" height=\"30\">Articolo<\/td>\n<td class=\"et4\" style=\"width: 61.05pt;\" width=\"81\">Unit\u00e0<\/td>\n<td class=\"et4\" style=\"width: 163.90pt;\" width=\"218\">DS-5Y<\/td>\n<td class=\"et4\" style=\"width: 163.90pt;\" width=\"218\">DS-6Y<\/td>\n<\/tr>\n<tr style=\"height: 39.00pt;\">\n<td class=\"et3\" style=\"height: 39.00pt; width: 293.05pt;\" width=\"390\" height=\"52\">Diametro massimo di oscillazione<\/td>\n<td class=\"et4\" style=\"width: 61.05pt;\" width=\"81\">mm<\/td>\n<td class=\"et4\" style=\"width: 163.90pt;\" width=\"218\">\u03c6500<\/td>\n<td class=\"et4\" style=\"width: 163.90pt;\" width=\"218\">\u03c6500<\/td>\n<\/tr>\n<tr style=\"height: 39.00pt;\">\n<td class=\"et3\" style=\"height: 39.00pt; width: 293.05pt;\" width=\"390\" height=\"52\">Lunghezza massima del processo<\/td>\n<td class=\"et4\" style=\"width: 61.05pt;\" width=\"81\">mm<\/td>\n<td class=\"et4\" style=\"width: 163.90pt;\" width=\"218\">250<\/td>\n<td class=\"et4\" style=\"width: 163.90pt;\" width=\"218\">250<\/td>\n<\/tr>\n<tr style=\"height: 39.00pt;\">\n<td class=\"et3\" style=\"height: 39.00pt; width: 293.05pt;\" width=\"390\" height=\"52\">Diametro massimo del processo<\/td>\n<td class=\"et4\" style=\"width: 61.05pt;\" width=\"81\">mm<\/td>\n<td class=\"et4\" style=\"width: 163.90pt;\" width=\"218\">\u03c6400<\/td>\n<td class=\"et4\" style=\"width: 163.90pt;\" width=\"218\">\u03c6400<\/td>\n<\/tr>\n<tr style=\"height: 39.00pt;\">\n<td class=\"et3\" style=\"height: 39.00pt; width: 293.05pt;\" width=\"390\" height=\"52\">Naso del fuso<\/td>\n<td class=\"et4\" style=\"width: 61.05pt;\" width=\"81\">mm<\/td>\n<td class=\"et4\" style=\"width: 163.90pt;\" width=\"218\">A2-4<\/td>\n<td class=\"et4\" style=\"width: 163.90pt;\" width=\"218\">A2-5<\/td>\n<\/tr>\n<tr style=\"height: 39.00pt;\">\n<td class=\"et3\" style=\"height: 39.00pt; width: 293.05pt;\" width=\"390\" height=\"52\">Velocit\u00e0 del mandrino<\/td>\n<td class=\"et4\" style=\"width: 61.05pt;\" width=\"81\">giri\/min<\/td>\n<td class=\"et8\" style=\"width: 327.80pt; border-right: .5pt solid #000000;\" colspan=\"2\" width=\"437\">0-4500 (impostazione di fabbrica)<\/td>\n<\/tr>\n<tr style=\"height: 39.00pt;\">\n<td class=\"et3\" style=\"height: 39.00pt; width: 293.05pt;\" width=\"390\" height=\"52\">Foro del mandrino<\/td>\n<td class=\"et4\" style=\"width: 61.05pt;\" width=\"81\">mm<\/td>\n<td class=\"et4\" style=\"width: 163.90pt;\" width=\"218\">\u03c646<\/td>\n<td class=\"et4\" style=\"width: 163.90pt;\" width=\"218\">\u03a656<\/td>\n<\/tr>\n<tr style=\"height: 39.00pt;\">\n<td class=\"et3\" style=\"height: 39.00pt; width: 293.05pt;\" width=\"390\" height=\"52\">Potenza del motore del mandrino<\/td>\n<td class=\"et4\" style=\"width: 61.05pt;\" width=\"81\">chilowatt<\/td>\n<td class=\"et4\" style=\"width: 163.90pt;\" width=\"218\">5.5<\/td>\n<td class=\"et4\" style=\"width: 163.90pt;\" width=\"218\">7.5<\/td>\n<\/tr>\n<tr style=\"height: 39.00pt;\">\n<td class=\"et3\" style=\"height: 39.00pt; width: 293.05pt;\" width=\"390\" height=\"52\">Installazione dello strumento<\/td>\n<td class=\"et4\" style=\"width: 61.05pt;\" width=\"81\">&#8211;<\/td>\n<td class=\"et4\" style=\"width: 327.80pt;\" colspan=\"2\" width=\"437\">Testa di potenza ER25 Utensili motorizzati + tipo a colonna (opzionale: torretta)<\/td>\n<\/tr>\n<tr style=\"height: 39.00pt;\">\n<td class=\"et3\" style=\"height: 39.00pt; width: 293.05pt;\" width=\"390\" height=\"52\">Corsa effettiva dell&#039;asse X\/Z<\/td>\n<td class=\"et4\" style=\"width: 61.05pt;\" width=\"81\">mm<\/td>\n<td class=\"et4\" style=\"width: 163.90pt;\" width=\"218\">1040\/310<\/td>\n<td class=\"et4\" style=\"width: 163.90pt;\" width=\"218\">1040\/310<\/td>\n<\/tr>\n<tr style=\"height: 39.00pt;\">\n<td class=\"et3\" style=\"height: 39.00pt; width: 293.05pt;\" width=\"390\" height=\"52\">Corsa dell&#039;asse Y<\/td>\n<td class=\"et4\" style=\"width: 61.05pt;\" width=\"81\">mm<\/td>\n<td class=\"et4\" style=\"width: 163.90pt;\" width=\"218\">210<\/td>\n<td class=\"et4\" style=\"width: 163.90pt;\" width=\"218\">210<\/td>\n<\/tr>\n<tr style=\"height: 39.00pt;\">\n<td class=\"et3\" style=\"height: 39.00pt; width: 293.05pt;\" width=\"390\" height=\"52\">Dimensioni del mandrino<\/td>\n<td class=\"et4\" style=\"width: 61.05pt;\" width=\"81\">pollice<\/td>\n<td class=\"et4\" style=\"width: 163.90pt;\" width=\"218\">5&#8243;<\/td>\n<td class=\"et4\" style=\"width: 163.90pt;\" width=\"218\">6&#8243;<\/td>\n<\/tr>\n<tr style=\"height: 39.00pt;\">\n<td class=\"et3\" style=\"height: 39.00pt; width: 293.05pt;\" width=\"390\" height=\"52\">Altezza centrale<\/td>\n<td class=\"et4\" style=\"width: 61.05pt;\" width=\"81\">mm<\/td>\n<td class=\"et4\" style=\"width: 163.90pt;\" width=\"218\">96<\/td>\n<td class=\"et4\" style=\"width: 163.90pt;\" width=\"218\">96<\/td>\n<\/tr>\n<tr style=\"height: 39.00pt;\">\n<td class=\"et3\" style=\"height: 39.00pt; width: 293.05pt;\" width=\"390\" height=\"52\">Altezza centrale dell&#039;alimentatore di barre corrispondente<\/td>\n<td class=\"et4\" style=\"width: 61.05pt;\" width=\"81\">mm<\/td>\n<td class=\"et4\" style=\"width: 163.90pt;\" width=\"218\">1200<\/td>\n<td class=\"et4\" style=\"width: 163.90pt;\" width=\"218\">1200<\/td>\n<\/tr>\n<tr style=\"height: 39.00pt;\">\n<td class=\"et3\" style=\"height: 39.00pt; width: 293.05pt;\" width=\"390\" height=\"52\">Corsa di lavorazione dell&#039;asse X\/Z<\/td>\n<td class=\"et4\" style=\"width: 61.05pt;\" width=\"81\">mm<\/td>\n<td class=\"et4\" style=\"width: 163.90pt;\" width=\"218\">1020\/250<\/td>\n<td class=\"et4\" style=\"width: 163.90pt;\" width=\"218\">1020\/250<\/td>\n<\/tr>\n<tr style=\"height: 39.00pt;\">\n<td class=\"et3\" style=\"height: 39.00pt; width: 293.05pt;\" width=\"390\" height=\"52\">Ripetibilit\u00e0 dell&#039;asse X\/Z<\/td>\n<td class=\"et4\" style=\"width: 61.05pt;\" width=\"81\">mm<\/td>\n<td class=\"et4\" style=\"width: 163.90pt;\" width=\"218\">\u00b10,005<\/td>\n<td class=\"et4\" style=\"width: 163.90pt;\" width=\"218\">\u00b10,005<\/td>\n<\/tr>\n<tr style=\"height: 39.00pt;\">\n<td class=\"et3\" style=\"height: 39.00pt; width: 293.05pt;\" width=\"390\" height=\"52\">Dimensioni del portautensili quadrato<\/td>\n<td class=\"et4\" style=\"width: 61.05pt;\" width=\"81\">mm<\/td>\n<td class=\"et4\" style=\"width: 163.90pt;\" width=\"218\">20\u00d720<\/td>\n<td class=\"et4\" style=\"width: 163.90pt;\" width=\"218\">20\u00d720<\/td>\n<\/tr>\n<tr style=\"height: 39.00pt;\">\n<td class=\"et3\" style=\"height: 39.00pt; width: 293.05pt;\" width=\"390\" height=\"52\">Dimensioni del portautensili con foro rotondo<\/td>\n<td class=\"et4\" style=\"width: 61.05pt;\" width=\"81\">mm<\/td>\n<td class=\"et4\" style=\"width: 163.90pt;\" width=\"218\">\u03c620<\/td>\n<td class=\"et4\" style=\"width: 163.90pt;\" width=\"218\">\u03c620<\/td>\n<\/tr>\n<tr style=\"height: 39.00pt;\">\n<td class=\"et3\" style=\"height: 39.00pt; width: 293.05pt;\" width=\"390\" height=\"52\">Potenza del motore dell&#039;asse X\/Z<\/td>\n<td class=\"et4\" style=\"width: 61.05pt;\" width=\"81\">chilowatt<\/td>\n<td class=\"et4\" style=\"width: 163.90pt;\" width=\"218\">2.4\/2.4<\/td>\n<td class=\"et4\" style=\"width: 163.90pt;\" width=\"218\">2.4\/2.4<\/td>\n<\/tr>\n<tr style=\"height: 39.00pt;\">\n<td class=\"et3\" style=\"height: 39.00pt; width: 293.05pt;\" width=\"390\" height=\"52\">Potenza del motore dell&#039;asse Y su e gi\u00f9<\/td>\n<td class=\"et4\" style=\"width: 61.05pt;\" width=\"81\">chilowatt<\/td>\n<td class=\"et4\" style=\"width: 163.90pt;\" width=\"218\">1.1<\/td>\n<td class=\"et4\" style=\"width: 163.90pt;\" width=\"218\">1.1<\/td>\n<\/tr>\n<tr style=\"height: 39.00pt;\">\n<td class=\"et3\" style=\"height: 39.00pt; width: 293.05pt;\" width=\"390\" height=\"52\">Struttura di potenza dell&#039;asse Y<\/td>\n<td class=\"et4\" style=\"width: 61.05pt;\" width=\"81\"><\/td>\n<td class=\"et4\" style=\"width: 327.80pt;\" colspan=\"2\" width=\"437\">4+4 (Ingranaggio) (Fresatura laterale*4 + Fresatura frontale*4)<\/td>\n<\/tr>\n<tr style=\"height: 22.50pt;\">\n<td class=\"et3\" style=\"height: 22.50pt; width: 293.05pt;\" width=\"390\" height=\"30\">Diametro massimo della barra passante<\/td>\n<td class=\"et4\" style=\"width: 61.05pt;\" width=\"81\">mm<\/td>\n<td class=\"et4\" style=\"width: 163.90pt;\" width=\"218\">\u03c635<\/td>\n<td class=\"et4\" style=\"width: 163.90pt;\" width=\"218\">\u03c645<\/td>\n<\/tr>\n<tr style=\"height: 39.00pt;\">\n<td class=\"et3\" style=\"height: 39.00pt; width: 293.05pt;\" width=\"390\" height=\"52\">Velocit\u00e0 della testa di potenza dell&#039;asse Y<\/td>\n<td class=\"et4\" style=\"width: 61.05pt;\" width=\"81\">giri\/min<\/td>\n<td class=\"et4\" style=\"width: 327.80pt;\" colspan=\"2\" width=\"437\">0-4000 (impostazione di fabbrica) (selezionare la velocit\u00e0 di adattamento del motore)<\/td>\n<\/tr>\n<tr style=\"height: 39.00pt;\">\n<td class=\"et3\" style=\"height: 39.00pt; width: 293.05pt;\" width=\"390\" height=\"52\">Potenza del motore della testa di potenza dell&#039;asse Y<\/td>\n<td class=\"et4\" style=\"width: 61.05pt;\" width=\"81\">chilowatt<\/td>\n<td class=\"et4\" style=\"width: 163.90pt;\" width=\"218\">3.1<\/td>\n<td class=\"et4\" style=\"width: 163.90pt;\" width=\"218\">3.1<\/td>\n<\/tr>\n<tr style=\"height: 22.50pt;\">\n<td class=\"et3\" style=\"height: 22.50pt; width: 293.05pt;\" width=\"390\" height=\"30\">Velocit\u00e0 di movimento rapida dell&#039;asse X\/Z<\/td>\n<td class=\"et4\" style=\"width: 61.05pt;\" width=\"81\">metri al minuto<\/td>\n<td class=\"et4\" style=\"width: 327.80pt;\" colspan=\"2\" width=\"437\">X:26 Z:26 Y:18 (impostazione di fabbrica)<\/td>\n<\/tr>\n<tr style=\"height: 39.00pt;\">\n<td class=\"et3\" style=\"height: 39.00pt; width: 293.05pt;\" width=\"390\" height=\"52\">Potenza della macchina<\/td>\n<td class=\"et4\" style=\"width: 61.05pt;\" width=\"81\">chilowatt<\/td>\n<td class=\"et4\" style=\"width: 163.90pt;\" width=\"218\">18.5<\/td>\n<td class=\"et4\" style=\"width: 163.90pt;\" width=\"218\">20.5<\/td>\n<\/tr>\n<tr style=\"height: 39.00pt;\">\n<td class=\"et3\" style=\"height: 39.00pt; width: 293.05pt;\" width=\"390\" height=\"52\">Peso netto<\/td>\n<td class=\"et4\" style=\"width: 61.05pt;\" width=\"81\">kg<\/td>\n<td class=\"et4\" style=\"width: 163.90pt;\" width=\"218\">3100<\/td>\n<td class=\"et4\" style=\"width: 163.90pt;\" width=\"218\">3200<\/td>\n<\/tr>\n<tr style=\"height: 39.00pt;\">\n<td class=\"et3\" style=\"height: 39.00pt; width: 293.05pt;\" width=\"390\" height=\"52\">Dimensioni della macchina (L\u00d7W\u00d7H)<\/td>\n<td class=\"et4\" style=\"width: 61.05pt;\" width=\"81\">mm<\/td>\n<td class=\"et4\" style=\"width: 163.90pt;\" width=\"218\">2400\u00d71500\u00d72000<\/td>\n<td class=\"et4\" style=\"width: 163.90pt;\" width=\"218\">2400\u00d71500\u00d72000<\/td>\n<\/tr>\n<\/tbody>\n<\/table>","protected":false},"excerpt":{"rendered":"<p>Tornio CNC composito con asse Y per fresatura e tornitura. Il carrello portautensili esteso con funzionalit\u00e0 asse Y \u00e8 dotato di una testa motorizzata 4x4, con una torretta servoassistita opzionale a 8 stazioni. La protezione integrata completamente chiusa garantisce robustezza, bassa rumorosit\u00e0 e funzionamento regolare, facilitando al contempo la raccolta e la pulizia dei trucioli. La fusione monolitica offre una maggiore rigidit\u00e0.<\/p>","protected":false},"featured_media":312,"template":"","meta":{"content-type":""},"product_cat":[28],"product_tag":[34,47],"class_list":{"0":"post-329","1":"product","2":"type-product","3":"status-publish","4":"has-post-thumbnail","6":"product_cat-y-axis-turning-and-milling-cnc-lathe","7":"product_tag-cnc-lathe","8":"product_tag-y-axis-cnc-lathe-machine","10":"first","11":"instock","12":"shipping-taxable","13":"product-type-simple"},"yoast_head":"<!-- This site is optimized with the Yoast SEO Premium plugin v22.6 (Yoast SEO v23.4) - https:\/\/yoast.com\/wordpress\/plugins\/seo\/ -->\n<title>DS-5Y 3*3 or 4*4 live tool turning milling Y-axis CNC lathe machine - Foshan Shunde Guoqiang Daosheng Industrial Co., Ltd<\/title>\n<meta name=\"description\" content=\"ER25 power live tools gang type or turret optional Y axis turning machine with milling function suitable for machining complex shaft components cnc lathe\" \/>\n<meta name=\"robots\" content=\"index, follow, max-snippet:-1, max-image-preview:large, max-video-preview:-1\" \/>\n<link rel=\"canonical\" href=\"https:\/\/www.dasmachinery.com\/it\/prodotto\/das-ds-5y-6y-turning-and-milling-composite-torno-cnc-machine-with-y-axis\/\" \/>\n<meta property=\"og:locale\" content=\"it_IT\" \/>\n<meta property=\"og:type\" content=\"article\" \/>\n<meta property=\"og:title\" content=\"DS-5Y 3*3 or 4*4 live tool turning milling Y-axis CNC lathe machine\" \/>\n<meta property=\"og:description\" content=\"ER25 power live tools gang type or turret optional Y axis turning machine with milling function suitable for machining complex shaft components cnc lathe\" \/>\n<meta property=\"og:url\" content=\"https:\/\/www.dasmachinery.com\/it\/prodotto\/das-ds-5y-6y-turning-and-milling-composite-torno-cnc-machine-with-y-axis\/\" \/>\n<meta property=\"og:site_name\" content=\"Foshan Shunde Guoqiang Daosheng Industrial Co., Ltd\" \/>\n<meta property=\"article:modified_time\" content=\"2025-10-31T08:24:09+00:00\" \/>\n<meta property=\"og:image\" content=\"https:\/\/www.dasmachinery.com\/wp-content\/uploads\/2024\/09\/DS-5Y.jpg\" \/>\n\t<meta property=\"og:image:width\" content=\"1500\" \/>\n\t<meta property=\"og:image:height\" content=\"1500\" \/>\n\t<meta property=\"og:image:type\" content=\"image\/jpeg\" \/>\n<meta name=\"twitter:card\" content=\"summary_large_image\" \/>\n<meta name=\"twitter:label1\" content=\"Tempo di lettura stimato\" \/>\n\t<meta name=\"twitter:data1\" content=\"2 minuti\" \/>\n<script type=\"application\/ld+json\" class=\"yoast-schema-graph\">{\"@context\":\"https:\/\/schema.org\",\"@graph\":[{\"@type\":\"WebPage\",\"@id\":\"https:\/\/www.dasmachinery.com\/product\/das-ds-5y-6y-turning-and-milling-composite-torno-cnc-machine-with-y-axis\/\",\"url\":\"https:\/\/www.dasmachinery.com\/product\/das-ds-5y-6y-turning-and-milling-composite-torno-cnc-machine-with-y-axis\/\",\"name\":\"DS-5Y 3*3 or 4*4 live tool turning milling Y-axis CNC lathe machine - Foshan Shunde Guoqiang Daosheng Industrial Co., Ltd\",\"isPartOf\":{\"@id\":\"https:\/\/www.dasmachinery.com\/#website\"},\"primaryImageOfPage\":{\"@id\":\"https:\/\/www.dasmachinery.com\/product\/das-ds-5y-6y-turning-and-milling-composite-torno-cnc-machine-with-y-axis\/#primaryimage\"},\"image\":{\"@id\":\"https:\/\/www.dasmachinery.com\/product\/das-ds-5y-6y-turning-and-milling-composite-torno-cnc-machine-with-y-axis\/#primaryimage\"},\"thumbnailUrl\":\"https:\/\/www.dasmachinery.com\/wp-content\/uploads\/2024\/09\/DS-5Y.jpg\",\"datePublished\":\"2024-09-23T08:36:08+00:00\",\"dateModified\":\"2025-10-31T08:24:09+00:00\",\"description\":\"ER25 power live tools gang type or turret optional Y axis turning machine with milling function suitable for machining complex shaft components cnc lathe\",\"breadcrumb\":{\"@id\":\"https:\/\/www.dasmachinery.com\/product\/das-ds-5y-6y-turning-and-milling-composite-torno-cnc-machine-with-y-axis\/#breadcrumb\"},\"inLanguage\":\"it-IT\",\"potentialAction\":[{\"@type\":\"ReadAction\",\"target\":[\"https:\/\/www.dasmachinery.com\/product\/das-ds-5y-6y-turning-and-milling-composite-torno-cnc-machine-with-y-axis\/\"]}]},{\"@type\":\"ImageObject\",\"inLanguage\":\"it-IT\",\"@id\":\"https:\/\/www.dasmachinery.com\/product\/das-ds-5y-6y-turning-and-milling-composite-torno-cnc-machine-with-y-axis\/#primaryimage\",\"url\":\"https:\/\/www.dasmachinery.com\/wp-content\/uploads\/2024\/09\/DS-5Y.jpg\",\"contentUrl\":\"https:\/\/www.dasmachinery.com\/wp-content\/uploads\/2024\/09\/DS-5Y.jpg\",\"width\":1500,\"height\":1500},{\"@type\":\"BreadcrumbList\",\"@id\":\"https:\/\/www.dasmachinery.com\/product\/das-ds-5y-6y-turning-and-milling-composite-torno-cnc-machine-with-y-axis\/#breadcrumb\",\"itemListElement\":[{\"@type\":\"ListItem\",\"position\":1,\"name\":\"\u9996\u9875\",\"item\":\"https:\/\/www.dasmachinery.com\/\"},{\"@type\":\"ListItem\",\"position\":2,\"name\":\"PRODUCTS\",\"item\":\"https:\/\/www.dasmachinery.com\/products\/\"},{\"@type\":\"ListItem\",\"position\":3,\"name\":\"DS-5Y 3*3 or 4*4 live tool turning milling Y-axis CNC lathe machine\"}]},{\"@type\":\"WebSite\",\"@id\":\"https:\/\/www.dasmachinery.com\/#website\",\"url\":\"https:\/\/www.dasmachinery.com\/\",\"name\":\"Foshan Shunde Guoqiang Daosheng Industrial Co., Ltd\",\"description\":\"Our products are widely used in the manufacture of cars accessories, motorcycles accessories, electronic industry, optical instruments, clocks and watches as well as special motors etc.We have precision processing equipmentand top brand in precision detection equipment.\",\"publisher\":{\"@id\":\"https:\/\/www.dasmachinery.com\/#organization\"},\"potentialAction\":[{\"@type\":\"SearchAction\",\"target\":{\"@type\":\"EntryPoint\",\"urlTemplate\":\"https:\/\/www.dasmachinery.com\/?s={search_term_string}\"},\"query-input\":{\"@type\":\"PropertyValueSpecification\",\"valueRequired\":true,\"valueName\":\"search_term_string\"}}],\"inLanguage\":\"it-IT\"},{\"@type\":\"Organization\",\"@id\":\"https:\/\/www.dasmachinery.com\/#organization\",\"name\":\"Foshan Shunde Guoqiang Daosheng Industrial Co., Ltd\",\"url\":\"https:\/\/www.dasmachinery.com\/\",\"logo\":{\"@type\":\"ImageObject\",\"inLanguage\":\"it-IT\",\"@id\":\"https:\/\/www.dasmachinery.com\/#\/schema\/logo\/image\/\",\"url\":\"https:\/\/dasmachinery.com\/wp-content\/uploads\/2024\/09\/logo-2.png\",\"contentUrl\":\"https:\/\/dasmachinery.com\/wp-content\/uploads\/2024\/09\/logo-2.png\",\"width\":350,\"height\":350,\"caption\":\"Foshan Shunde Guoqiang Daosheng Industrial Co., Ltd\"},\"image\":{\"@id\":\"https:\/\/www.dasmachinery.com\/#\/schema\/logo\/image\/\"}}]}<\/script>\n<!-- \/ Yoast SEO Premium plugin. -->","yoast_head_json":{"title":"DS-5Y 3*3 or 4*4 live tool turning milling Y-axis CNC lathe machine - Foshan Shunde Guoqiang Daosheng Industrial Co., Ltd","description":"ER25 power live tools gang type or turret optional Y axis turning machine with milling function suitable for machining complex shaft components cnc lathe","robots":{"index":"index","follow":"follow","max-snippet":"max-snippet:-1","max-image-preview":"max-image-preview:large","max-video-preview":"max-video-preview:-1"},"canonical":"https:\/\/www.dasmachinery.com\/it\/prodotto\/das-ds-5y-6y-turning-and-milling-composite-torno-cnc-machine-with-y-axis\/","og_locale":"it_IT","og_type":"article","og_title":"DS-5Y 3*3 or 4*4 live tool turning milling Y-axis CNC lathe machine","og_description":"ER25 power live tools gang type or turret optional Y axis turning machine with milling function suitable for machining complex shaft components cnc lathe","og_url":"https:\/\/www.dasmachinery.com\/it\/prodotto\/das-ds-5y-6y-turning-and-milling-composite-torno-cnc-machine-with-y-axis\/","og_site_name":"Foshan Shunde Guoqiang Daosheng Industrial Co., Ltd","article_modified_time":"2025-10-31T08:24:09+00:00","og_image":[{"width":1500,"height":1500,"url":"https:\/\/www.dasmachinery.com\/wp-content\/uploads\/2024\/09\/DS-5Y.jpg","type":"image\/jpeg"}],"twitter_card":"summary_large_image","twitter_misc":{"Tempo di lettura stimato":"2 minuti"},"schema":{"@context":"https:\/\/schema.org","@graph":[{"@type":"WebPage","@id":"https:\/\/www.dasmachinery.com\/product\/das-ds-5y-6y-turning-and-milling-composite-torno-cnc-machine-with-y-axis\/","url":"https:\/\/www.dasmachinery.com\/product\/das-ds-5y-6y-turning-and-milling-composite-torno-cnc-machine-with-y-axis\/","name":"DS-5Y 3*3 or 4*4 live tool turning milling Y-axis CNC lathe machine - Foshan Shunde Guoqiang Daosheng Industrial Co., Ltd","isPartOf":{"@id":"https:\/\/www.dasmachinery.com\/#website"},"primaryImageOfPage":{"@id":"https:\/\/www.dasmachinery.com\/product\/das-ds-5y-6y-turning-and-milling-composite-torno-cnc-machine-with-y-axis\/#primaryimage"},"image":{"@id":"https:\/\/www.dasmachinery.com\/product\/das-ds-5y-6y-turning-and-milling-composite-torno-cnc-machine-with-y-axis\/#primaryimage"},"thumbnailUrl":"https:\/\/www.dasmachinery.com\/wp-content\/uploads\/2024\/09\/DS-5Y.jpg","datePublished":"2024-09-23T08:36:08+00:00","dateModified":"2025-10-31T08:24:09+00:00","description":"ER25 power live tools gang type or turret optional Y axis turning machine with milling function suitable for machining complex shaft components cnc lathe","breadcrumb":{"@id":"https:\/\/www.dasmachinery.com\/product\/das-ds-5y-6y-turning-and-milling-composite-torno-cnc-machine-with-y-axis\/#breadcrumb"},"inLanguage":"it-IT","potentialAction":[{"@type":"ReadAction","target":["https:\/\/www.dasmachinery.com\/product\/das-ds-5y-6y-turning-and-milling-composite-torno-cnc-machine-with-y-axis\/"]}]},{"@type":"ImageObject","inLanguage":"it-IT","@id":"https:\/\/www.dasmachinery.com\/product\/das-ds-5y-6y-turning-and-milling-composite-torno-cnc-machine-with-y-axis\/#primaryimage","url":"https:\/\/www.dasmachinery.com\/wp-content\/uploads\/2024\/09\/DS-5Y.jpg","contentUrl":"https:\/\/www.dasmachinery.com\/wp-content\/uploads\/2024\/09\/DS-5Y.jpg","width":1500,"height":1500},{"@type":"BreadcrumbList","@id":"https:\/\/www.dasmachinery.com\/product\/das-ds-5y-6y-turning-and-milling-composite-torno-cnc-machine-with-y-axis\/#breadcrumb","itemListElement":[{"@type":"ListItem","position":1,"name":"\u9996\u9875","item":"https:\/\/www.dasmachinery.com\/"},{"@type":"ListItem","position":2,"name":"PRODUCTS","item":"https:\/\/www.dasmachinery.com\/products\/"},{"@type":"ListItem","position":3,"name":"DS-5Y 3*3 or 4*4 live tool turning milling Y-axis CNC lathe machine"}]},{"@type":"WebSite","@id":"https:\/\/www.dasmachinery.com\/#website","url":"https:\/\/www.dasmachinery.com\/","name":"Foshan Shunde Guoqiang Daosheng Industrial Co., Ltd","description":"Our products are widely used in the manufacture of cars accessories, motorcycles accessories, electronic industry, optical instruments, clocks and watches as well as special motors etc.We have precision processing equipmentand top brand in precision detection equipment.","publisher":{"@id":"https:\/\/www.dasmachinery.com\/#organization"},"potentialAction":[{"@type":"SearchAction","target":{"@type":"EntryPoint","urlTemplate":"https:\/\/www.dasmachinery.com\/?s={search_term_string}"},"query-input":{"@type":"PropertyValueSpecification","valueRequired":true,"valueName":"search_term_string"}}],"inLanguage":"it-IT"},{"@type":"Organization","@id":"https:\/\/www.dasmachinery.com\/#organization","name":"Foshan Shunde Guoqiang Daosheng Industrial Co., Ltd","url":"https:\/\/www.dasmachinery.com\/","logo":{"@type":"ImageObject","inLanguage":"it-IT","@id":"https:\/\/www.dasmachinery.com\/#\/schema\/logo\/image\/","url":"https:\/\/dasmachinery.com\/wp-content\/uploads\/2024\/09\/logo-2.png","contentUrl":"https:\/\/dasmachinery.com\/wp-content\/uploads\/2024\/09\/logo-2.png","width":350,"height":350,"caption":"Foshan Shunde Guoqiang Daosheng Industrial Co., Ltd"},"image":{"@id":"https:\/\/www.dasmachinery.com\/#\/schema\/logo\/image\/"}}]}},"_links":{"self":[{"href":"https:\/\/www.dasmachinery.com\/it\/wp-json\/wp\/v2\/product\/329","targetHints":{"allow":["GET"]}}],"collection":[{"href":"https:\/\/www.dasmachinery.com\/it\/wp-json\/wp\/v2\/product"}],"about":[{"href":"https:\/\/www.dasmachinery.com\/it\/wp-json\/wp\/v2\/types\/product"}],"version-history":[{"count":8,"href":"https:\/\/www.dasmachinery.com\/it\/wp-json\/wp\/v2\/product\/329\/revisions"}],"predecessor-version":[{"id":1039,"href":"https:\/\/www.dasmachinery.com\/it\/wp-json\/wp\/v2\/product\/329\/revisions\/1039"}],"wp:featuredmedia":[{"embeddable":true,"href":"https:\/\/www.dasmachinery.com\/it\/wp-json\/wp\/v2\/media\/312"}],"wp:attachment":[{"href":"https:\/\/www.dasmachinery.com\/it\/wp-json\/wp\/v2\/media?parent=329"}],"wp:term":[{"taxonomy":"product_cat","embeddable":true,"href":"https:\/\/www.dasmachinery.com\/it\/wp-json\/wp\/v2\/product_cat?post=329"},{"taxonomy":"product_tag","embeddable":true,"href":"https:\/\/www.dasmachinery.com\/it\/wp-json\/wp\/v2\/product_tag?post=329"}],"curies":[{"name":"wp","href":"https:\/\/api.w.org\/{rel}","templated":true}]}}