{"id":100,"date":"2024-09-06T11:09:29","date_gmt":"2024-09-06T03:09:29","guid":{"rendered":"https:\/\/dasmachinery.com\/?post_type=product&#038;p=100"},"modified":"2026-05-05T11:21:03","modified_gmt":"2026-05-05T03:21:03","slug":"das-syntec-fanuc-siemens-gsk-controller-twin-spindle-cnc-lathe-machine-ds-5-di","status":"publish","type":"product","link":"https:\/\/www.dasmachinery.com\/pt\/produto\/das-syntec-fanuc-siemens-gsk-controller-twin-spindle-cnc-lathe-machine-ds-5-di\/","title":{"rendered":"Torno CNC de eixo duplo tipo Gang de 5 polegadas DS-5-DI"},"content":{"rendered":"<h1>Torno CNC de duplo eixo (tipo coluna fixa, ferramenta m\u00f3vel)<\/h1>\n<p>Torno CNC de duplo fuso, adequado para usinagem de pe\u00e7as pequenas com extremidades duplas. Equipado com dois fusos de 5 polegadas, sendo um deles m\u00f3vel para facilitar o alinhamento durante a usinagem.<\/p>\n<div id=\"attachment_1063\" style=\"width: 1510px\" class=\"wp-caption aligncenter\"><img fetchpriority=\"high\" decoding=\"async\" aria-describedby=\"caption-attachment-1063\" class=\"wp-image-1063\" src=\"https:\/\/www.dasmachinery.com\/wp-content\/uploads\/2024\/09\/DS-5-DI-1.jpg\" alt=\"Details for DAS &quot;DS-5-DI&quot;\" width=\"1500\" height=\"900\" srcset=\"https:\/\/www.dasmachinery.com\/wp-content\/uploads\/2024\/09\/DS-5-DI-1.jpg 1000w, https:\/\/www.dasmachinery.com\/wp-content\/uploads\/2024\/09\/DS-5-DI-1-300x180.jpg 300w, https:\/\/www.dasmachinery.com\/wp-content\/uploads\/2024\/09\/DS-5-DI-1-768x461.jpg 768w, https:\/\/www.dasmachinery.com\/wp-content\/uploads\/2024\/09\/DS-5-DI-1-18x12.jpg 18w, https:\/\/www.dasmachinery.com\/wp-content\/uploads\/2024\/09\/DS-5-DI-1-600x360.jpg 600w, https:\/\/www.dasmachinery.com\/wp-content\/uploads\/2024\/09\/DS-5-DI-1-150x90.jpg 150w\" sizes=\"(max-width: 1500px) 100vw, 1500px\" \/><p id=\"caption-attachment-1063\" class=\"wp-caption-text\">Configura\u00e7\u00e3o do DS-5-DI<\/p><\/div>\n<h2>Especifica\u00e7\u00f5es do produto<\/h2>\n<table style=\"border-collapse: collapse; width: 1361px; height: 744px;\" border=\"0\" width=\"588\" cellspacing=\"0\" cellpadding=\"0\">\n<tbody>\n<tr style=\"height: 18.50pt;\">\n<td class=\"et2\" style=\"height: 18.50pt; width: 198.00pt;\" width=\"264\" height=\"24\">Item<\/td>\n<td class=\"et3\" style=\"width: 54.00pt;\" width=\"72\">Unidade<\/td>\n<td class=\"et3\" style=\"width: 189.00pt;\" width=\"252\">DS-5-DI<\/td>\n<\/tr>\n<tr style=\"height: 18.50pt;\">\n<td class=\"et4\" style=\"height: 18.50pt; width: 198.00pt;\" width=\"264\" height=\"24\">Di\u00e2metro m\u00e1ximo de oscila\u00e7\u00e3o<\/td>\n<td class=\"et5\" style=\"width: 54.00pt;\" width=\"72\">mm<\/td>\n<td class=\"et5\" style=\"width: 189.00pt;\" width=\"252\">\u03a6200<\/td>\n<\/tr>\n<tr style=\"height: 18.50pt;\">\n<td class=\"et4\" style=\"height: 18.50pt; width: 198.00pt;\" width=\"264\" height=\"24\">Di\u00e2metro m\u00e1ximo do processo<\/td>\n<td class=\"et5\" style=\"width: 54.00pt;\" width=\"72\">mm<\/td>\n<td class=\"et5\" style=\"width: 189.00pt;\" width=\"252\">\u03a6129<\/td>\n<\/tr>\n<tr style=\"height: 18.50pt;\">\n<td class=\"et4\" style=\"height: 18.50pt; width: 198.00pt;\" width=\"264\" height=\"24\">Dura\u00e7\u00e3o m\u00e1xima do processo<\/td>\n<td class=\"et5\" style=\"width: 54.00pt;\" width=\"72\">mm<\/td>\n<td class=\"et5\" style=\"width: 189.00pt;\" width=\"252\">150<\/td>\n<\/tr>\n<tr style=\"height: 18.50pt;\">\n<td class=\"et4\" style=\"height: 18.50pt; width: 198.00pt;\" width=\"264\" height=\"24\">Nariz de fuso<\/td>\n<td class=\"et5\" style=\"width: 54.00pt;\" width=\"72\">&#8211;<\/td>\n<td class=\"et5\" style=\"width: 189.00pt;\" width=\"252\">A2-4 (Tipo 36)<\/td>\n<\/tr>\n<tr style=\"height: 18.50pt;\">\n<td class=\"et4\" style=\"height: 18.50pt; width: 198.00pt;\" width=\"264\" height=\"24\">Nariz sub-fuso<\/td>\n<td class=\"et5\" style=\"width: 54.00pt;\" width=\"72\">&#8211;<\/td>\n<td class=\"et5\" style=\"width: 189.00pt;\" width=\"252\">A2-4 (Tipo 25)<\/td>\n<\/tr>\n<tr style=\"height: 18.50pt;\">\n<td class=\"et4\" style=\"height: 18.50pt; width: 198.00pt;\" width=\"264\" height=\"24\">Altura central do suporte de ferramentas<\/td>\n<td class=\"et5\" style=\"width: 54.00pt;\" width=\"72\">mm<\/td>\n<td class=\"et5\" style=\"width: 189.00pt;\" width=\"252\">65<\/td>\n<\/tr>\n<tr style=\"height: 18.50pt;\">\n<td class=\"et4\" style=\"height: 18.50pt; width: 198.00pt;\" width=\"264\" height=\"24\">Velocidade do fuso<\/td>\n<td class=\"et5\" style=\"width: 54.00pt;\" width=\"72\">r\/min<\/td>\n<td class=\"et5\" style=\"width: 189.00pt;\" width=\"252\">0-4500 (Configura\u00e7\u00e3o de f\u00e1brica)<\/td>\n<\/tr>\n<tr style=\"height: 18.50pt;\">\n<td class=\"et4\" style=\"height: 18.50pt; width: 198.00pt;\" width=\"264\" height=\"24\">Furo do eixo<\/td>\n<td class=\"et5\" style=\"width: 54.00pt;\" width=\"72\">mm<\/td>\n<td class=\"et5\" style=\"width: 189.00pt;\" width=\"252\">\u03a646<\/td>\n<\/tr>\n<tr style=\"height: 18.50pt;\">\n<td class=\"et4\" style=\"height: 18.50pt; width: 198.00pt;\" width=\"264\" height=\"24\">Furo do sub-eixo<\/td>\n<td class=\"et5\" style=\"width: 54.00pt;\" width=\"72\">mm<\/td>\n<td class=\"et5\" style=\"width: 189.00pt;\" width=\"252\">\u03a632<\/td>\n<\/tr>\n<tr style=\"height: 18.50pt;\">\n<td class=\"et4\" style=\"height: 18.50pt; width: 198.00pt;\" width=\"264\" height=\"24\">Pot\u00eancia do motor do fuso\/subfuso<\/td>\n<td class=\"et5\" style=\"width: 54.00pt;\" width=\"72\">kW<\/td>\n<td class=\"et5\" style=\"width: 189.00pt;\" width=\"252\">5.5\/5.5<\/td>\n<\/tr>\n<tr style=\"height: 18.50pt;\">\n<td class=\"et4\" style=\"height: 18.50pt; width: 198.00pt;\" width=\"264\" height=\"24\">Instala\u00e7\u00e3o de ferramentas<\/td>\n<td class=\"et5\" style=\"width: 54.00pt;\" width=\"72\">&#8211;<\/td>\n<td class=\"et5\" style=\"width: 189.00pt;\" width=\"252\">Tipo de gangue<\/td>\n<\/tr>\n<tr style=\"height: 18.50pt;\">\n<td class=\"et4\" style=\"height: 18.50pt; width: 198.00pt;\" width=\"264\" height=\"24\">Deslocamento do eixo X1\/Z1<\/td>\n<td class=\"et5\" style=\"width: 54.00pt;\" width=\"72\">mm<\/td>\n<td class=\"et5\" style=\"width: 189.00pt;\" width=\"252\">670\/220<\/td>\n<\/tr>\n<tr style=\"height: 18.50pt;\">\n<td class=\"et4\" style=\"height: 18.50pt; width: 198.00pt;\" width=\"264\" height=\"24\">Deslocamento do eixo X2\/Z2<\/td>\n<td class=\"et5\" style=\"width: 54.00pt;\" width=\"72\">mm<\/td>\n<td class=\"et5\" style=\"width: 189.00pt;\" width=\"252\">600\/200<\/td>\n<\/tr>\n<tr style=\"height: 18.50pt;\">\n<td class=\"et4\" style=\"height: 18.50pt; width: 198.00pt;\" width=\"264\" height=\"24\">Alimenta\u00e7\u00e3o do servomotor do eixo X1\/Z1\/X2\/Z2<\/td>\n<td class=\"et5\" style=\"width: 54.00pt;\" width=\"72\">kW<\/td>\n<td class=\"et5\" style=\"width: 189.00pt;\" width=\"252\">1.7\/1.7\/1.7\/1.7<\/td>\n<\/tr>\n<tr style=\"height: 18.50pt;\">\n<td class=\"et4\" style=\"height: 18.50pt; width: 198.00pt;\" width=\"264\" height=\"24\">Suporte de ferramentas quadrado<\/td>\n<td class=\"et5\" style=\"width: 54.00pt;\" width=\"72\">mm<\/td>\n<td class=\"et5\" style=\"width: 189.00pt;\" width=\"252\">16&#215;16<\/td>\n<\/tr>\n<tr style=\"height: 18.50pt;\">\n<td class=\"et4\" style=\"height: 18.50pt; width: 198.00pt;\" width=\"264\" height=\"24\">Suporte para ferramenta com orif\u00edcio redondo<\/td>\n<td class=\"et5\" style=\"width: 54.00pt;\" width=\"72\">mm<\/td>\n<td class=\"et5\" style=\"width: 189.00pt;\" width=\"252\">\u03a620<\/td>\n<\/tr>\n<tr style=\"height: 18.50pt;\">\n<td class=\"et4\" style=\"height: 18.50pt; width: 198.00pt;\" width=\"264\" height=\"24\">Tipo de fixa\u00e7\u00e3o do cilindro do sub-eixo<\/td>\n<td class=\"et5\" style=\"width: 54.00pt;\" width=\"72\">&#8211;<\/td>\n<td class=\"et5\" style=\"width: 189.00pt;\" width=\"252\">Tipo de empurr\u00e3o para a frente<\/td>\n<\/tr>\n<tr style=\"height: 18.50pt;\">\n<td class=\"et4\" style=\"height: 18.50pt; width: 198.00pt;\" width=\"264\" height=\"24\">Formul\u00e1rio de guia<\/td>\n<td class=\"et5\" style=\"width: 54.00pt;\" width=\"72\">&#8211;<\/td>\n<td class=\"et5\" style=\"width: 189.00pt;\" width=\"252\">Guia linear<\/td>\n<\/tr>\n<tr style=\"height: 18.50pt;\">\n<td class=\"et4\" style=\"height: 18.50pt; width: 198.00pt;\" width=\"264\" height=\"24\">Velocidade de movimento r\u00e1pido nos eixos X1\/X2\/Z1\/Z2<\/td>\n<td class=\"et5\" style=\"width: 54.00pt;\" width=\"72\">mm<\/td>\n<td class=\"et5\" style=\"width: 189.00pt;\" width=\"252\">24\/24 (Configura\u00e7\u00e3o de f\u00e1brica)<\/td>\n<\/tr>\n<tr style=\"height: 18.50pt;\">\n<td class=\"et4\" style=\"height: 18.50pt; width: 198.00pt;\" width=\"264\" height=\"24\"><\/td>\n<td class=\"et5\" style=\"width: 54.00pt;\" width=\"72\"><\/td>\n<td class=\"et5\" style=\"width: 189.00pt;\" width=\"252\"><\/td>\n<\/tr>\n<tr style=\"height: 18.50pt;\">\n<td class=\"et4\" style=\"height: 18.50pt; width: 198.00pt;\" width=\"264\" height=\"24\">Pot\u00eancia do motor da esta\u00e7\u00e3o hidr\u00e1ulica<\/td>\n<td class=\"et5\" style=\"width: 54.00pt;\" width=\"72\">kW<\/td>\n<td class=\"et5\" style=\"width: 189.00pt;\" width=\"252\">1.5<\/td>\n<\/tr>\n<tr style=\"height: 18.50pt;\">\n<td class=\"et4\" style=\"height: 18.50pt; width: 198.00pt;\" width=\"264\" height=\"24\">Pot\u00eancia do motor da bomba<\/td>\n<td class=\"et5\" style=\"width: 54.00pt;\" width=\"72\">c<\/td>\n<td class=\"et5\" style=\"width: 189.00pt;\" width=\"252\">750\u00d72<\/td>\n<\/tr>\n<tr style=\"height: 18.50pt;\">\n<td class=\"et4\" style=\"height: 18.50pt; width: 198.00pt;\" width=\"264\" height=\"24\">Pot\u00eancia da m\u00e1quina<\/td>\n<td class=\"et5\" style=\"width: 54.00pt;\" width=\"72\">kW<\/td>\n<td class=\"et5\" style=\"width: 189.00pt;\" width=\"252\">22<\/td>\n<\/tr>\n<tr style=\"height: 18.50pt;\">\n<td class=\"et4\" style=\"height: 18.50pt; width: 198.00pt;\" width=\"264\" height=\"24\">Peso l\u00edquido<\/td>\n<td class=\"et5\" style=\"width: 54.00pt;\" width=\"72\">kg<\/td>\n<td class=\"et5\" style=\"width: 189.00pt;\" width=\"252\">4500<\/td>\n<\/tr>\n<tr style=\"height: 18.50pt;\">\n<td class=\"et4\" style=\"height: 18.50pt; width: 198.00pt;\" width=\"264\" height=\"24\">Dimens\u00f5es da m\u00e1quina (C x L x A)<\/td>\n<td class=\"et5\" style=\"width: 54.00pt;\" width=\"72\">mm<\/td>\n<td class=\"et5\" style=\"width: 189.00pt;\" width=\"252\">2500 x 1700 x 1750<\/td>\n<\/tr>\n<\/tbody>\n<\/table>","protected":false},"excerpt":{"rendered":"<p>Torno CNC de duplo fuso, adequado para usinagem de pe\u00e7as pequenas com extremidades duplas. Equipado com dois fusos de 5 polegadas, sendo um deles m\u00f3vel para facilitar o alinhamento durante a usinagem.<\/p>","protected":false},"featured_media":310,"template":"","meta":{"content-type":""},"product_cat":[24],"product_tag":[37,38],"class_list":{"0":"post-100","1":"product","2":"type-product","3":"status-publish","4":"has-post-thumbnail","6":"product_cat-double-spindle-dual-channel-cnc-lathe","7":"product_tag-5-axis-cnc-lathe-machine","8":"product_tag-gang-type-double-spindle-cnc-lathe","10":"first","11":"instock","12":"shipping-taxable","13":"product-type-simple"},"yoast_head":"<!-- This site is optimized with the Yoast SEO Premium plugin v22.6 (Yoast SEO v23.4) - https:\/\/yoast.com\/wordpress\/plugins\/seo\/ -->\n<title>Gang Type Double Spindle 5 Inch CNC Lathe Machine DS-5-DI - Foshan Shunde Guoqiang Daosheng Industrial Co., Ltd<\/title>\n<meta name=\"description\" content=\"DAS Dual-spindle series CNC lathe with broad machining capabilities, one spindle is movable for convenient tandem machining.\" \/>\n<meta name=\"robots\" content=\"index, follow, max-snippet:-1, max-image-preview:large, max-video-preview:-1\" \/>\n<link rel=\"canonical\" href=\"https:\/\/www.dasmachinery.com\/pt\/produto\/das-syntec-fanuc-siemens-gsk-controller-twin-spindle-cnc-lathe-machine-ds-5-di\/\" \/>\n<meta property=\"og:locale\" content=\"pt_PT\" \/>\n<meta property=\"og:type\" content=\"article\" \/>\n<meta property=\"og:title\" content=\"Gang Type Double Spindle 5 Inch CNC Lathe Machine DS-5-DI\" \/>\n<meta property=\"og:description\" content=\"DAS Dual-spindle series CNC lathe with broad machining capabilities, one spindle is movable for convenient tandem machining.\" \/>\n<meta property=\"og:url\" content=\"https:\/\/www.dasmachinery.com\/pt\/produto\/das-syntec-fanuc-siemens-gsk-controller-twin-spindle-cnc-lathe-machine-ds-5-di\/\" \/>\n<meta property=\"og:site_name\" content=\"Foshan Shunde Guoqiang Daosheng Industrial Co., Ltd\" \/>\n<meta property=\"article:modified_time\" content=\"2026-05-05T03:21:03+00:00\" \/>\n<meta property=\"og:image\" content=\"https:\/\/www.dasmachinery.com\/wp-content\/uploads\/2024\/09\/DS-5-DI.jpg\" \/>\n\t<meta property=\"og:image:width\" content=\"1500\" \/>\n\t<meta property=\"og:image:height\" content=\"1500\" \/>\n\t<meta property=\"og:image:type\" content=\"image\/jpeg\" \/>\n<meta name=\"twitter:card\" content=\"summary_large_image\" \/>\n<meta name=\"twitter:label1\" content=\"Tempo estimado de leitura\" \/>\n\t<meta name=\"twitter:data1\" content=\"2 minutos\" \/>\n<script type=\"application\/ld+json\" class=\"yoast-schema-graph\">{\"@context\":\"https:\/\/schema.org\",\"@graph\":[{\"@type\":\"WebPage\",\"@id\":\"https:\/\/www.dasmachinery.com\/product\/das-syntec-fanuc-siemens-gsk-controller-twin-spindle-cnc-lathe-machine-ds-5-di\/\",\"url\":\"https:\/\/www.dasmachinery.com\/product\/das-syntec-fanuc-siemens-gsk-controller-twin-spindle-cnc-lathe-machine-ds-5-di\/\",\"name\":\"Gang Type Double Spindle 5 Inch CNC Lathe Machine DS-5-DI - Foshan Shunde Guoqiang Daosheng Industrial Co., Ltd\",\"isPartOf\":{\"@id\":\"https:\/\/www.dasmachinery.com\/#website\"},\"primaryImageOfPage\":{\"@id\":\"https:\/\/www.dasmachinery.com\/product\/das-syntec-fanuc-siemens-gsk-controller-twin-spindle-cnc-lathe-machine-ds-5-di\/#primaryimage\"},\"image\":{\"@id\":\"https:\/\/www.dasmachinery.com\/product\/das-syntec-fanuc-siemens-gsk-controller-twin-spindle-cnc-lathe-machine-ds-5-di\/#primaryimage\"},\"thumbnailUrl\":\"https:\/\/www.dasmachinery.com\/wp-content\/uploads\/2024\/09\/DS-5-DI.jpg\",\"datePublished\":\"2024-09-06T03:09:29+00:00\",\"dateModified\":\"2026-05-05T03:21:03+00:00\",\"description\":\"DAS Dual-spindle series CNC lathe with broad machining capabilities, one spindle is movable for convenient tandem machining.\",\"breadcrumb\":{\"@id\":\"https:\/\/www.dasmachinery.com\/product\/das-syntec-fanuc-siemens-gsk-controller-twin-spindle-cnc-lathe-machine-ds-5-di\/#breadcrumb\"},\"inLanguage\":\"pt-PT\",\"potentialAction\":[{\"@type\":\"ReadAction\",\"target\":[\"https:\/\/www.dasmachinery.com\/product\/das-syntec-fanuc-siemens-gsk-controller-twin-spindle-cnc-lathe-machine-ds-5-di\/\"]}]},{\"@type\":\"ImageObject\",\"inLanguage\":\"pt-PT\",\"@id\":\"https:\/\/www.dasmachinery.com\/product\/das-syntec-fanuc-siemens-gsk-controller-twin-spindle-cnc-lathe-machine-ds-5-di\/#primaryimage\",\"url\":\"https:\/\/www.dasmachinery.com\/wp-content\/uploads\/2024\/09\/DS-5-DI.jpg\",\"contentUrl\":\"https:\/\/www.dasmachinery.com\/wp-content\/uploads\/2024\/09\/DS-5-DI.jpg\",\"width\":1500,\"height\":1500},{\"@type\":\"BreadcrumbList\",\"@id\":\"https:\/\/www.dasmachinery.com\/product\/das-syntec-fanuc-siemens-gsk-controller-twin-spindle-cnc-lathe-machine-ds-5-di\/#breadcrumb\",\"itemListElement\":[{\"@type\":\"ListItem\",\"position\":1,\"name\":\"\u9996\u9875\",\"item\":\"https:\/\/www.dasmachinery.com\/\"},{\"@type\":\"ListItem\",\"position\":2,\"name\":\"PRODUCTS\",\"item\":\"https:\/\/www.dasmachinery.com\/products\/\"},{\"@type\":\"ListItem\",\"position\":3,\"name\":\"Gang Type Double Spindle 5 Inch CNC Lathe Machine DS-5-DI\"}]},{\"@type\":\"WebSite\",\"@id\":\"https:\/\/www.dasmachinery.com\/#website\",\"url\":\"https:\/\/www.dasmachinery.com\/\",\"name\":\"Foshan Shunde Guoqiang Daosheng Industrial Co., Ltd\",\"description\":\"Our products are widely used in the manufacture of cars accessories, motorcycles accessories, electronic industry, optical instruments, clocks and watches as well as special motors etc.We have precision processing equipmentand top brand in precision detection equipment.\",\"publisher\":{\"@id\":\"https:\/\/www.dasmachinery.com\/#organization\"},\"potentialAction\":[{\"@type\":\"SearchAction\",\"target\":{\"@type\":\"EntryPoint\",\"urlTemplate\":\"https:\/\/www.dasmachinery.com\/?s={search_term_string}\"},\"query-input\":{\"@type\":\"PropertyValueSpecification\",\"valueRequired\":true,\"valueName\":\"search_term_string\"}}],\"inLanguage\":\"pt-PT\"},{\"@type\":\"Organization\",\"@id\":\"https:\/\/www.dasmachinery.com\/#organization\",\"name\":\"Foshan Shunde Guoqiang Daosheng Industrial Co., Ltd\",\"url\":\"https:\/\/www.dasmachinery.com\/\",\"logo\":{\"@type\":\"ImageObject\",\"inLanguage\":\"pt-PT\",\"@id\":\"https:\/\/www.dasmachinery.com\/#\/schema\/logo\/image\/\",\"url\":\"https:\/\/dasmachinery.com\/wp-content\/uploads\/2024\/09\/logo-2.png\",\"contentUrl\":\"https:\/\/dasmachinery.com\/wp-content\/uploads\/2024\/09\/logo-2.png\",\"width\":350,\"height\":350,\"caption\":\"Foshan Shunde Guoqiang Daosheng Industrial Co., Ltd\"},\"image\":{\"@id\":\"https:\/\/www.dasmachinery.com\/#\/schema\/logo\/image\/\"}}]}<\/script>\n<!-- \/ Yoast SEO Premium plugin. -->","yoast_head_json":{"title":"Gang Type Double Spindle 5 Inch CNC Lathe Machine DS-5-DI - Foshan Shunde Guoqiang Daosheng Industrial Co., Ltd","description":"DAS Dual-spindle series CNC lathe with broad machining capabilities, one spindle is movable for convenient tandem machining.","robots":{"index":"index","follow":"follow","max-snippet":"max-snippet:-1","max-image-preview":"max-image-preview:large","max-video-preview":"max-video-preview:-1"},"canonical":"https:\/\/www.dasmachinery.com\/pt\/produto\/das-syntec-fanuc-siemens-gsk-controller-twin-spindle-cnc-lathe-machine-ds-5-di\/","og_locale":"pt_PT","og_type":"article","og_title":"Gang Type Double Spindle 5 Inch CNC Lathe Machine DS-5-DI","og_description":"DAS Dual-spindle series CNC lathe with broad machining capabilities, one spindle is movable for convenient tandem machining.","og_url":"https:\/\/www.dasmachinery.com\/pt\/produto\/das-syntec-fanuc-siemens-gsk-controller-twin-spindle-cnc-lathe-machine-ds-5-di\/","og_site_name":"Foshan Shunde Guoqiang Daosheng Industrial Co., Ltd","article_modified_time":"2026-05-05T03:21:03+00:00","og_image":[{"width":1500,"height":1500,"url":"https:\/\/www.dasmachinery.com\/wp-content\/uploads\/2024\/09\/DS-5-DI.jpg","type":"image\/jpeg"}],"twitter_card":"summary_large_image","twitter_misc":{"Tempo estimado de leitura":"2 minutos"},"schema":{"@context":"https:\/\/schema.org","@graph":[{"@type":"WebPage","@id":"https:\/\/www.dasmachinery.com\/product\/das-syntec-fanuc-siemens-gsk-controller-twin-spindle-cnc-lathe-machine-ds-5-di\/","url":"https:\/\/www.dasmachinery.com\/product\/das-syntec-fanuc-siemens-gsk-controller-twin-spindle-cnc-lathe-machine-ds-5-di\/","name":"Gang Type Double Spindle 5 Inch CNC Lathe Machine DS-5-DI - Foshan Shunde Guoqiang Daosheng Industrial Co., Ltd","isPartOf":{"@id":"https:\/\/www.dasmachinery.com\/#website"},"primaryImageOfPage":{"@id":"https:\/\/www.dasmachinery.com\/product\/das-syntec-fanuc-siemens-gsk-controller-twin-spindle-cnc-lathe-machine-ds-5-di\/#primaryimage"},"image":{"@id":"https:\/\/www.dasmachinery.com\/product\/das-syntec-fanuc-siemens-gsk-controller-twin-spindle-cnc-lathe-machine-ds-5-di\/#primaryimage"},"thumbnailUrl":"https:\/\/www.dasmachinery.com\/wp-content\/uploads\/2024\/09\/DS-5-DI.jpg","datePublished":"2024-09-06T03:09:29+00:00","dateModified":"2026-05-05T03:21:03+00:00","description":"DAS Dual-spindle series CNC lathe with broad machining capabilities, one spindle is movable for convenient tandem machining.","breadcrumb":{"@id":"https:\/\/www.dasmachinery.com\/product\/das-syntec-fanuc-siemens-gsk-controller-twin-spindle-cnc-lathe-machine-ds-5-di\/#breadcrumb"},"inLanguage":"pt-PT","potentialAction":[{"@type":"ReadAction","target":["https:\/\/www.dasmachinery.com\/product\/das-syntec-fanuc-siemens-gsk-controller-twin-spindle-cnc-lathe-machine-ds-5-di\/"]}]},{"@type":"ImageObject","inLanguage":"pt-PT","@id":"https:\/\/www.dasmachinery.com\/product\/das-syntec-fanuc-siemens-gsk-controller-twin-spindle-cnc-lathe-machine-ds-5-di\/#primaryimage","url":"https:\/\/www.dasmachinery.com\/wp-content\/uploads\/2024\/09\/DS-5-DI.jpg","contentUrl":"https:\/\/www.dasmachinery.com\/wp-content\/uploads\/2024\/09\/DS-5-DI.jpg","width":1500,"height":1500},{"@type":"BreadcrumbList","@id":"https:\/\/www.dasmachinery.com\/product\/das-syntec-fanuc-siemens-gsk-controller-twin-spindle-cnc-lathe-machine-ds-5-di\/#breadcrumb","itemListElement":[{"@type":"ListItem","position":1,"name":"\u9996\u9875","item":"https:\/\/www.dasmachinery.com\/"},{"@type":"ListItem","position":2,"name":"PRODUCTS","item":"https:\/\/www.dasmachinery.com\/products\/"},{"@type":"ListItem","position":3,"name":"Gang Type Double Spindle 5 Inch CNC Lathe Machine DS-5-DI"}]},{"@type":"WebSite","@id":"https:\/\/www.dasmachinery.com\/#website","url":"https:\/\/www.dasmachinery.com\/","name":"Foshan Shunde Guoqiang Daosheng Industrial Co., Ltd","description":"Our products are widely used in the manufacture of cars accessories, motorcycles accessories, electronic industry, optical instruments, clocks and watches as well as special motors etc.We have precision processing equipmentand top brand in precision detection equipment.","publisher":{"@id":"https:\/\/www.dasmachinery.com\/#organization"},"potentialAction":[{"@type":"SearchAction","target":{"@type":"EntryPoint","urlTemplate":"https:\/\/www.dasmachinery.com\/?s={search_term_string}"},"query-input":{"@type":"PropertyValueSpecification","valueRequired":true,"valueName":"search_term_string"}}],"inLanguage":"pt-PT"},{"@type":"Organization","@id":"https:\/\/www.dasmachinery.com\/#organization","name":"Foshan Shunde Guoqiang Daosheng Industrial Co., Ltd","url":"https:\/\/www.dasmachinery.com\/","logo":{"@type":"ImageObject","inLanguage":"pt-PT","@id":"https:\/\/www.dasmachinery.com\/#\/schema\/logo\/image\/","url":"https:\/\/dasmachinery.com\/wp-content\/uploads\/2024\/09\/logo-2.png","contentUrl":"https:\/\/dasmachinery.com\/wp-content\/uploads\/2024\/09\/logo-2.png","width":350,"height":350,"caption":"Foshan Shunde Guoqiang Daosheng Industrial Co., Ltd"},"image":{"@id":"https:\/\/www.dasmachinery.com\/#\/schema\/logo\/image\/"}}]}},"_links":{"self":[{"href":"https:\/\/www.dasmachinery.com\/pt\/wp-json\/wp\/v2\/product\/100","targetHints":{"allow":["GET"]}}],"collection":[{"href":"https:\/\/www.dasmachinery.com\/pt\/wp-json\/wp\/v2\/product"}],"about":[{"href":"https:\/\/www.dasmachinery.com\/pt\/wp-json\/wp\/v2\/types\/product"}],"version-history":[{"count":6,"href":"https:\/\/www.dasmachinery.com\/pt\/wp-json\/wp\/v2\/product\/100\/revisions"}],"predecessor-version":[{"id":1163,"href":"https:\/\/www.dasmachinery.com\/pt\/wp-json\/wp\/v2\/product\/100\/revisions\/1163"}],"wp:featuredmedia":[{"embeddable":true,"href":"https:\/\/www.dasmachinery.com\/pt\/wp-json\/wp\/v2\/media\/310"}],"wp:attachment":[{"href":"https:\/\/www.dasmachinery.com\/pt\/wp-json\/wp\/v2\/media?parent=100"}],"wp:term":[{"taxonomy":"product_cat","embeddable":true,"href":"https:\/\/www.dasmachinery.com\/pt\/wp-json\/wp\/v2\/product_cat?post=100"},{"taxonomy":"product_tag","embeddable":true,"href":"https:\/\/www.dasmachinery.com\/pt\/wp-json\/wp\/v2\/product_tag?post=100"}],"curies":[{"name":"wp","href":"https:\/\/api.w.org\/{rel}","templated":true}]}}