{"id":103,"date":"2024-09-06T11:09:45","date_gmt":"2024-09-06T03:09:45","guid":{"rendered":"https:\/\/dasmachinery.com\/?post_type=product&#038;p=103"},"modified":"2024-10-22T19:31:03","modified_gmt":"2024-10-22T11:31:03","slug":"8-station-servo-turret-diamond-cutting-cnc-lathe-machine-metal-cutting-tool-turn-mill-cnc-machine-machining-lathe","status":"publish","type":"product","link":"https:\/\/www.dasmachinery.com\/pt\/produto\/8-station-servo-turret-diamond-cutting-cnc-lathe-machine-metal-cutting-tool-turn-mill-cnc-machine-machining-lathe\/","title":{"rendered":"DS-5LS 8 esta\u00e7\u00e3o servo torre de corte de diamante CNC torno m\u00e1quina ferramenta de corte de metal torno fresadora CNC m\u00e1quina usinagem torno"},"content":{"rendered":"","protected":false},"excerpt":{"rendered":"","protected":false},"featured_media":104,"template":"","meta":{"content-type":""},"product_cat":[26],"product_tag":[45,46],"class_list":{"0":"post-103","1":"product","2":"type-product","3":"status-publish","4":"has-post-thumbnail","6":"product_cat-slant-bed-gang-type-long-travel-cnc-lathe","7":"product_tag-cnc-lathe-machine","8":"product_tag-turn-mill-cnc-machine","10":"first","11":"instock","12":"shipping-taxable","13":"product-type-simple"},"yoast_head":"<!-- This site is optimized with the Yoast SEO Premium plugin v22.6 (Yoast SEO v23.4) - https:\/\/yoast.com\/wordpress\/plugins\/seo\/ -->\n<title>DS-5LS 8 station servo turret Diamond Cutting CNC Lathe Machine Metal-cutting tool turn mill CNC machine machining lathe - Foshan Shunde Guoqiang Daosheng Industrial Co., Ltd<\/title>\n<meta name=\"robots\" content=\"index, follow, max-snippet:-1, max-image-preview:large, max-video-preview:-1\" \/>\n<link rel=\"canonical\" href=\"https:\/\/www.dasmachinery.com\/pt\/ru\/produto\/8-station-servo-turret-diamond-cutting-cnc-lathe-machine-metal-cutting-tool-turn-mill-cnc-machine-machining-lathe\/\" \/>\n<meta property=\"og:locale\" content=\"pt_PT\" \/>\n<meta property=\"og:type\" content=\"article\" \/>\n<meta property=\"og:title\" content=\"DS-5LS 8 station servo turret Diamond Cutting CNC Lathe Machine Metal-cutting tool turn mill CNC machine machining lathe\" \/>\n<meta property=\"og:url\" content=\"https:\/\/www.dasmachinery.com\/pt\/ru\/produto\/8-station-servo-turret-diamond-cutting-cnc-lathe-machine-metal-cutting-tool-turn-mill-cnc-machine-machining-lathe\/\" \/>\n<meta property=\"og:site_name\" content=\"Foshan Shunde Guoqiang Daosheng Industrial Co., Ltd\" \/>\n<meta property=\"article:modified_time\" content=\"2024-10-22T11:31:03+00:00\" \/>\n<meta property=\"og:image\" content=\"https:\/\/www.dasmachinery.com\/wp-content\/uploads\/2024\/09\/DS-5LS.png\" \/>\n\t<meta property=\"og:image:width\" content=\"800\" \/>\n\t<meta property=\"og:image:height\" content=\"800\" \/>\n\t<meta property=\"og:image:type\" content=\"image\/png\" \/>\n<meta name=\"twitter:card\" content=\"summary_large_image\" \/>\n<meta name=\"twitter:label1\" content=\"Tempo estimado de leitura\" \/>\n\t<meta name=\"twitter:data1\" content=\"1 minuto\" \/>\n<script type=\"application\/ld+json\" class=\"yoast-schema-graph\">{\"@context\":\"https:\/\/schema.org\",\"@graph\":[{\"@type\":\"WebPage\",\"@id\":\"https:\/\/www.dasmachinery.com\/ru\/product\/8-station-servo-turret-diamond-cutting-cnc-lathe-machine-metal-cutting-tool-turn-mill-cnc-machine-machining-lathe\/\",\"url\":\"https:\/\/www.dasmachinery.com\/ru\/product\/8-station-servo-turret-diamond-cutting-cnc-lathe-machine-metal-cutting-tool-turn-mill-cnc-machine-machining-lathe\/\",\"name\":\"DS-5LS 8 station servo turret Diamond Cutting CNC Lathe Machine Metal-cutting tool turn mill CNC machine machining lathe - Foshan Shunde Guoqiang Daosheng Industrial Co., Ltd\",\"isPartOf\":{\"@id\":\"https:\/\/www.dasmachinery.com\/#website\"},\"primaryImageOfPage\":{\"@id\":\"https:\/\/www.dasmachinery.com\/ru\/product\/8-station-servo-turret-diamond-cutting-cnc-lathe-machine-metal-cutting-tool-turn-mill-cnc-machine-machining-lathe\/#primaryimage\"},\"image\":{\"@id\":\"https:\/\/www.dasmachinery.com\/ru\/product\/8-station-servo-turret-diamond-cutting-cnc-lathe-machine-metal-cutting-tool-turn-mill-cnc-machine-machining-lathe\/#primaryimage\"},\"thumbnailUrl\":\"https:\/\/www.dasmachinery.com\/wp-content\/uploads\/2024\/09\/DS-5LS.png\",\"datePublished\":\"2024-09-06T03:09:45+00:00\",\"dateModified\":\"2024-10-22T11:31:03+00:00\",\"breadcrumb\":{\"@id\":\"https:\/\/www.dasmachinery.com\/ru\/product\/8-station-servo-turret-diamond-cutting-cnc-lathe-machine-metal-cutting-tool-turn-mill-cnc-machine-machining-lathe\/#breadcrumb\"},\"inLanguage\":\"pt-PT\",\"potentialAction\":[{\"@type\":\"ReadAction\",\"target\":[\"https:\/\/www.dasmachinery.com\/ru\/product\/8-station-servo-turret-diamond-cutting-cnc-lathe-machine-metal-cutting-tool-turn-mill-cnc-machine-machining-lathe\/\"]}]},{\"@type\":\"ImageObject\",\"inLanguage\":\"pt-PT\",\"@id\":\"https:\/\/www.dasmachinery.com\/ru\/product\/8-station-servo-turret-diamond-cutting-cnc-lathe-machine-metal-cutting-tool-turn-mill-cnc-machine-machining-lathe\/#primaryimage\",\"url\":\"https:\/\/www.dasmachinery.com\/wp-content\/uploads\/2024\/09\/DS-5LS.png\",\"contentUrl\":\"https:\/\/www.dasmachinery.com\/wp-content\/uploads\/2024\/09\/DS-5LS.png\",\"width\":800,\"height\":800},{\"@type\":\"BreadcrumbList\",\"@id\":\"https:\/\/www.dasmachinery.com\/ru\/product\/8-station-servo-turret-diamond-cutting-cnc-lathe-machine-metal-cutting-tool-turn-mill-cnc-machine-machining-lathe\/#breadcrumb\",\"itemListElement\":[{\"@type\":\"ListItem\",\"position\":1,\"name\":\"\u9996\u9875\",\"item\":\"https:\/\/www.dasmachinery.com\/\"},{\"@type\":\"ListItem\",\"position\":2,\"name\":\"PRODUCTS\",\"item\":\"https:\/\/www.dasmachinery.com\/products\/\"},{\"@type\":\"ListItem\",\"position\":3,\"name\":\"DS-5LS 8 station servo turret Diamond Cutting CNC Lathe Machine Metal-cutting tool turn mill CNC machine machining lathe\"}]},{\"@type\":\"WebSite\",\"@id\":\"https:\/\/www.dasmachinery.com\/#website\",\"url\":\"https:\/\/www.dasmachinery.com\/\",\"name\":\"Foshan Shunde Guoqiang Daosheng Industrial Co., Ltd\",\"description\":\"Our products are widely used in the manufacture of cars accessories, motorcycles accessories, electronic industry, optical instruments, clocks and watches as well as special motors etc.We have precision processing equipmentand top brand in precision detection equipment.\",\"publisher\":{\"@id\":\"https:\/\/www.dasmachinery.com\/#organization\"},\"potentialAction\":[{\"@type\":\"SearchAction\",\"target\":{\"@type\":\"EntryPoint\",\"urlTemplate\":\"https:\/\/www.dasmachinery.com\/?s={search_term_string}\"},\"query-input\":{\"@type\":\"PropertyValueSpecification\",\"valueRequired\":true,\"valueName\":\"search_term_string\"}}],\"inLanguage\":\"pt-PT\"},{\"@type\":\"Organization\",\"@id\":\"https:\/\/www.dasmachinery.com\/#organization\",\"name\":\"Foshan Shunde Guoqiang Daosheng Industrial Co., Ltd\",\"url\":\"https:\/\/www.dasmachinery.com\/\",\"logo\":{\"@type\":\"ImageObject\",\"inLanguage\":\"pt-PT\",\"@id\":\"https:\/\/www.dasmachinery.com\/#\/schema\/logo\/image\/\",\"url\":\"https:\/\/dasmachinery.com\/wp-content\/uploads\/2024\/09\/logo-2.png\",\"contentUrl\":\"https:\/\/dasmachinery.com\/wp-content\/uploads\/2024\/09\/logo-2.png\",\"width\":350,\"height\":350,\"caption\":\"Foshan Shunde Guoqiang Daosheng Industrial Co., Ltd\"},\"image\":{\"@id\":\"https:\/\/www.dasmachinery.com\/#\/schema\/logo\/image\/\"}}]}<\/script>\n<!-- \/ Yoast SEO Premium plugin. -->","yoast_head_json":{"title":"DS-5LS 8 station servo turret Diamond Cutting CNC Lathe Machine Metal-cutting tool turn mill CNC machine machining lathe - Foshan Shunde Guoqiang Daosheng Industrial Co., Ltd","robots":{"index":"index","follow":"follow","max-snippet":"max-snippet:-1","max-image-preview":"max-image-preview:large","max-video-preview":"max-video-preview:-1"},"canonical":"https:\/\/www.dasmachinery.com\/pt\/ru\/produto\/8-station-servo-turret-diamond-cutting-cnc-lathe-machine-metal-cutting-tool-turn-mill-cnc-machine-machining-lathe\/","og_locale":"pt_PT","og_type":"article","og_title":"DS-5LS 8 station servo turret Diamond Cutting CNC Lathe Machine Metal-cutting tool turn mill CNC machine machining lathe","og_url":"https:\/\/www.dasmachinery.com\/pt\/ru\/produto\/8-station-servo-turret-diamond-cutting-cnc-lathe-machine-metal-cutting-tool-turn-mill-cnc-machine-machining-lathe\/","og_site_name":"Foshan Shunde Guoqiang Daosheng Industrial Co., Ltd","article_modified_time":"2024-10-22T11:31:03+00:00","og_image":[{"width":800,"height":800,"url":"https:\/\/www.dasmachinery.com\/wp-content\/uploads\/2024\/09\/DS-5LS.png","type":"image\/png"}],"twitter_card":"summary_large_image","twitter_misc":{"Tempo estimado de leitura":"1 minuto"},"schema":{"@context":"https:\/\/schema.org","@graph":[{"@type":"WebPage","@id":"https:\/\/www.dasmachinery.com\/ru\/product\/8-station-servo-turret-diamond-cutting-cnc-lathe-machine-metal-cutting-tool-turn-mill-cnc-machine-machining-lathe\/","url":"https:\/\/www.dasmachinery.com\/ru\/product\/8-station-servo-turret-diamond-cutting-cnc-lathe-machine-metal-cutting-tool-turn-mill-cnc-machine-machining-lathe\/","name":"DS-5LS 8 station servo turret Diamond Cutting CNC Lathe Machine Metal-cutting tool turn mill CNC machine machining lathe - Foshan Shunde Guoqiang Daosheng Industrial Co., Ltd","isPartOf":{"@id":"https:\/\/www.dasmachinery.com\/#website"},"primaryImageOfPage":{"@id":"https:\/\/www.dasmachinery.com\/ru\/product\/8-station-servo-turret-diamond-cutting-cnc-lathe-machine-metal-cutting-tool-turn-mill-cnc-machine-machining-lathe\/#primaryimage"},"image":{"@id":"https:\/\/www.dasmachinery.com\/ru\/product\/8-station-servo-turret-diamond-cutting-cnc-lathe-machine-metal-cutting-tool-turn-mill-cnc-machine-machining-lathe\/#primaryimage"},"thumbnailUrl":"https:\/\/www.dasmachinery.com\/wp-content\/uploads\/2024\/09\/DS-5LS.png","datePublished":"2024-09-06T03:09:45+00:00","dateModified":"2024-10-22T11:31:03+00:00","breadcrumb":{"@id":"https:\/\/www.dasmachinery.com\/ru\/product\/8-station-servo-turret-diamond-cutting-cnc-lathe-machine-metal-cutting-tool-turn-mill-cnc-machine-machining-lathe\/#breadcrumb"},"inLanguage":"pt-PT","potentialAction":[{"@type":"ReadAction","target":["https:\/\/www.dasmachinery.com\/ru\/product\/8-station-servo-turret-diamond-cutting-cnc-lathe-machine-metal-cutting-tool-turn-mill-cnc-machine-machining-lathe\/"]}]},{"@type":"ImageObject","inLanguage":"pt-PT","@id":"https:\/\/www.dasmachinery.com\/ru\/product\/8-station-servo-turret-diamond-cutting-cnc-lathe-machine-metal-cutting-tool-turn-mill-cnc-machine-machining-lathe\/#primaryimage","url":"https:\/\/www.dasmachinery.com\/wp-content\/uploads\/2024\/09\/DS-5LS.png","contentUrl":"https:\/\/www.dasmachinery.com\/wp-content\/uploads\/2024\/09\/DS-5LS.png","width":800,"height":800},{"@type":"BreadcrumbList","@id":"https:\/\/www.dasmachinery.com\/ru\/product\/8-station-servo-turret-diamond-cutting-cnc-lathe-machine-metal-cutting-tool-turn-mill-cnc-machine-machining-lathe\/#breadcrumb","itemListElement":[{"@type":"ListItem","position":1,"name":"\u9996\u9875","item":"https:\/\/www.dasmachinery.com\/"},{"@type":"ListItem","position":2,"name":"PRODUCTS","item":"https:\/\/www.dasmachinery.com\/products\/"},{"@type":"ListItem","position":3,"name":"DS-5LS 8 station servo turret Diamond Cutting CNC Lathe Machine Metal-cutting tool turn mill CNC machine machining lathe"}]},{"@type":"WebSite","@id":"https:\/\/www.dasmachinery.com\/#website","url":"https:\/\/www.dasmachinery.com\/","name":"Foshan Shunde Guoqiang Daosheng Industrial Co., Ltd","description":"Our products are widely used in the manufacture of cars accessories, motorcycles accessories, electronic industry, optical instruments, clocks and watches as well as special motors etc.We have precision processing equipmentand top brand in precision detection equipment.","publisher":{"@id":"https:\/\/www.dasmachinery.com\/#organization"},"potentialAction":[{"@type":"SearchAction","target":{"@type":"EntryPoint","urlTemplate":"https:\/\/www.dasmachinery.com\/?s={search_term_string}"},"query-input":{"@type":"PropertyValueSpecification","valueRequired":true,"valueName":"search_term_string"}}],"inLanguage":"pt-PT"},{"@type":"Organization","@id":"https:\/\/www.dasmachinery.com\/#organization","name":"Foshan Shunde Guoqiang Daosheng Industrial Co., Ltd","url":"https:\/\/www.dasmachinery.com\/","logo":{"@type":"ImageObject","inLanguage":"pt-PT","@id":"https:\/\/www.dasmachinery.com\/#\/schema\/logo\/image\/","url":"https:\/\/dasmachinery.com\/wp-content\/uploads\/2024\/09\/logo-2.png","contentUrl":"https:\/\/dasmachinery.com\/wp-content\/uploads\/2024\/09\/logo-2.png","width":350,"height":350,"caption":"Foshan Shunde Guoqiang Daosheng Industrial Co., Ltd"},"image":{"@id":"https:\/\/www.dasmachinery.com\/#\/schema\/logo\/image\/"}}]}},"_links":{"self":[{"href":"https:\/\/www.dasmachinery.com\/pt\/wp-json\/wp\/v2\/product\/103","targetHints":{"allow":["GET"]}}],"collection":[{"href":"https:\/\/www.dasmachinery.com\/pt\/wp-json\/wp\/v2\/product"}],"about":[{"href":"https:\/\/www.dasmachinery.com\/pt\/wp-json\/wp\/v2\/types\/product"}],"version-history":[{"count":2,"href":"https:\/\/www.dasmachinery.com\/pt\/wp-json\/wp\/v2\/product\/103\/revisions"}],"predecessor-version":[{"id":379,"href":"https:\/\/www.dasmachinery.com\/pt\/wp-json\/wp\/v2\/product\/103\/revisions\/379"}],"wp:featuredmedia":[{"embeddable":true,"href":"https:\/\/www.dasmachinery.com\/pt\/wp-json\/wp\/v2\/media\/104"}],"wp:attachment":[{"href":"https:\/\/www.dasmachinery.com\/pt\/wp-json\/wp\/v2\/media?parent=103"}],"wp:term":[{"taxonomy":"product_cat","embeddable":true,"href":"https:\/\/www.dasmachinery.com\/pt\/wp-json\/wp\/v2\/product_cat?post=103"},{"taxonomy":"product_tag","embeddable":true,"href":"https:\/\/www.dasmachinery.com\/pt\/wp-json\/wp\/v2\/product_tag?post=103"}],"curies":[{"name":"wp","href":"https:\/\/api.w.org\/{rel}","templated":true}]}}