{"id":120,"date":"2024-09-06T11:27:52","date_gmt":"2024-09-06T03:27:52","guid":{"rendered":"https:\/\/dasmachinery.com\/?post_type=product&#038;p=120"},"modified":"2025-11-14T16:18:17","modified_gmt":"2025-11-14T08:18:17","slug":"das-efficient-inner-rotary-whirlwind-milling-machine-a2-4-spindle-lathe-cnc-ds-25w","status":"publish","type":"product","link":"https:\/\/www.dasmachinery.com\/pt\/produto\/das-efficient-inner-rotary-whirlwind-milling-machine-a2-4-spindle-lathe-cnc-ds-25w\/","title":{"rendered":"M\u00e1quina de torno CNC DS-25W com fresa interna de engrenagem helicoidal"},"content":{"rendered":"<h1>Fresadora interna DAS STAR com contraponto DS-25W<\/h1>\n<p>Suporta m\u00f3dulos de 0,4M a 1,5M para atender a diversas necessidades de processamento. Compat\u00edvel com sistemas de automa\u00e7\u00e3o, integra-se perfeitamente \u00e0s linhas de produ\u00e7\u00e3o para otimizar fluxos de trabalho e reduzir custos operacionais.<\/p>\n<h2>Informa\u00e7\u00f5es do produto<\/h2>\n<div id=\"attachment_121\" style=\"width: 810px\" class=\"wp-caption aligncenter\"><a href=\"https:\/\/www.dasmachinery.com\/pt\/categoria-produto\/worm-whirlwind-milling-machine\/\"><img fetchpriority=\"high\" decoding=\"async\" aria-describedby=\"caption-attachment-121\" class=\"size-full wp-image-121\" src=\"https:\/\/www.dasmachinery.com\/wp-content\/uploads\/2024\/09\/DS-25W.png\" alt=\"inner whirlwind milling machine cnc lathe\" width=\"800\" height=\"800\" srcset=\"https:\/\/www.dasmachinery.com\/wp-content\/uploads\/2024\/09\/DS-25W.png 800w, https:\/\/www.dasmachinery.com\/wp-content\/uploads\/2024\/09\/DS-25W-300x300.png 300w, https:\/\/www.dasmachinery.com\/wp-content\/uploads\/2024\/09\/DS-25W-150x150.png 150w, https:\/\/www.dasmachinery.com\/wp-content\/uploads\/2024\/09\/DS-25W-600x600.png 600w, https:\/\/www.dasmachinery.com\/wp-content\/uploads\/2024\/09\/DS-25W-768x768.png 768w\" sizes=\"(max-width: 800px) 100vw, 800px\" \/><\/a><p id=\"caption-attachment-121\" class=\"wp-caption-text\">Fresadora de redemoinho interno com automa\u00e7\u00e3o<\/p><\/div>\n<div id=\"attachment_1018\" style=\"width: 1510px\" class=\"wp-caption aligncenter\"><img decoding=\"async\" aria-describedby=\"caption-attachment-1018\" class=\"wp-image-1018\" src=\"https:\/\/www.dasmachinery.com\/wp-content\/uploads\/2025\/10\/\u8717\u6746\u673a\u8be6\u60c5\u9875_\u957f\u56fe-scaled.png\" alt=\"details of the whirlwind milling machine for DAS cnc machine factory\" width=\"1500\" height=\"6047\" srcset=\"https:\/\/www.dasmachinery.com\/wp-content\/uploads\/2025\/10\/\u8717\u6746\u673a\u8be6\u60c5\u9875_\u957f\u56fe-scaled.png 635w, https:\/\/www.dasmachinery.com\/wp-content\/uploads\/2025\/10\/\u8717\u6746\u673a\u8be6\u60c5\u9875_\u957f\u56fe-254x1024.png 254w, https:\/\/www.dasmachinery.com\/wp-content\/uploads\/2025\/10\/\u8717\u6746\u673a\u8be6\u60c5\u9875_\u957f\u56fe-381x1536.png 381w, https:\/\/www.dasmachinery.com\/wp-content\/uploads\/2025\/10\/\u8717\u6746\u673a\u8be6\u60c5\u9875_\u957f\u56fe-508x2048.png 508w, https:\/\/www.dasmachinery.com\/wp-content\/uploads\/2025\/10\/\u8717\u6746\u673a\u8be6\u60c5\u9875_\u957f\u56fe-3x12.png 3w, https:\/\/www.dasmachinery.com\/wp-content\/uploads\/2025\/10\/\u8717\u6746\u673a\u8be6\u60c5\u9875_\u957f\u56fe-150x605.png 150w\" sizes=\"(max-width: 1500px) 100vw, 1500px\" \/><p id=\"caption-attachment-1018\" class=\"wp-caption-text\">Introdu\u00e7\u00e3o \u00e0 fresadora Whirlwind<\/p><\/div>","protected":false},"excerpt":{"rendered":"<p>Configura\u00e7\u00e3o flex\u00edvel: Oferece uma gama de recursos opcionais, incluindo fun\u00e7\u00e3o de contraponto e guia de ferramenta. Op\u00e7\u00f5es adicionais incluem transportador magn\u00e9tico de cavacos integrado (zona magn\u00e9tica dupla com controle de temperatura), resfriador de \u00f3leo, coletor de n\u00e9voa e sistema de automa\u00e7\u00e3o, aprimorando ainda mais as capacidades de produ\u00e7\u00e3o da m\u00e1quina.<\/p>","protected":false},"featured_media":121,"template":"","meta":{"content-type":""},"product_cat":[30],"product_tag":[50],"class_list":{"0":"post-120","1":"product","2":"type-product","3":"status-publish","4":"has-post-thumbnail","6":"product_cat-worm-whirlwind-milling-machine","7":"product_tag-whirling-milling-cnc-lathe","9":"first","10":"instock","11":"shipping-taxable","12":"product-type-simple"},"yoast_head":"<!-- This site is optimized with the Yoast SEO Premium plugin v22.6 (Yoast SEO v23.4) - https:\/\/yoast.com\/wordpress\/plugins\/seo\/ -->\n<title>DS-25W Inner Whirling Milling Worm Gear CNC Lathe Machine - Foshan Shunde Guoqiang Daosheng Industrial Co., Ltd<\/title>\n<meta name=\"description\" content=\"With a maxium machining length of 250 mm and a module range of 0.4M-1.5M, adheres to DIN-3974-27 standards. It supports maximum angle of \u00b131\u00b0.\" \/>\n<meta name=\"robots\" content=\"index, follow, max-snippet:-1, max-image-preview:large, max-video-preview:-1\" \/>\n<link rel=\"canonical\" href=\"https:\/\/www.dasmachinery.com\/pt\/produto\/das-efficient-inner-rotary-whirlwind-milling-machine-a2-4-spindle-lathe-cnc-ds-25w\/\" \/>\n<meta property=\"og:locale\" content=\"pt_PT\" \/>\n<meta property=\"og:type\" content=\"article\" \/>\n<meta property=\"og:title\" content=\"DS-25W Inner Whirling Milling Worm Gear CNC Lathe Machine\" \/>\n<meta property=\"og:description\" content=\"With a maxium machining length of 250 mm and a module range of 0.4M-1.5M, adheres to DIN-3974-27 standards. It supports maximum angle of \u00b131\u00b0.\" \/>\n<meta property=\"og:url\" content=\"https:\/\/www.dasmachinery.com\/pt\/produto\/das-efficient-inner-rotary-whirlwind-milling-machine-a2-4-spindle-lathe-cnc-ds-25w\/\" \/>\n<meta property=\"og:site_name\" content=\"Foshan Shunde Guoqiang Daosheng Industrial Co., Ltd\" \/>\n<meta property=\"article:modified_time\" content=\"2025-11-14T08:18:17+00:00\" \/>\n<meta property=\"og:image\" content=\"https:\/\/www.dasmachinery.com\/wp-content\/uploads\/2024\/09\/DS-25W.png\" \/>\n\t<meta property=\"og:image:width\" content=\"800\" \/>\n\t<meta property=\"og:image:height\" content=\"800\" \/>\n\t<meta property=\"og:image:type\" content=\"image\/png\" \/>\n<meta name=\"twitter:card\" content=\"summary_large_image\" \/>\n<meta name=\"twitter:label1\" content=\"Tempo estimado de leitura\" \/>\n\t<meta name=\"twitter:data1\" content=\"1 minuto\" \/>\n<script type=\"application\/ld+json\" class=\"yoast-schema-graph\">{\"@context\":\"https:\/\/schema.org\",\"@graph\":[{\"@type\":\"WebPage\",\"@id\":\"https:\/\/www.dasmachinery.com\/product\/das-efficient-inner-rotary-whirlwind-milling-machine-a2-4-spindle-lathe-cnc-ds-25w\/\",\"url\":\"https:\/\/www.dasmachinery.com\/product\/das-efficient-inner-rotary-whirlwind-milling-machine-a2-4-spindle-lathe-cnc-ds-25w\/\",\"name\":\"DS-25W Inner Whirling Milling Worm Gear CNC Lathe Machine - Foshan Shunde Guoqiang Daosheng Industrial Co., Ltd\",\"isPartOf\":{\"@id\":\"https:\/\/www.dasmachinery.com\/#website\"},\"primaryImageOfPage\":{\"@id\":\"https:\/\/www.dasmachinery.com\/product\/das-efficient-inner-rotary-whirlwind-milling-machine-a2-4-spindle-lathe-cnc-ds-25w\/#primaryimage\"},\"image\":{\"@id\":\"https:\/\/www.dasmachinery.com\/product\/das-efficient-inner-rotary-whirlwind-milling-machine-a2-4-spindle-lathe-cnc-ds-25w\/#primaryimage\"},\"thumbnailUrl\":\"https:\/\/www.dasmachinery.com\/wp-content\/uploads\/2024\/09\/DS-25W.png\",\"datePublished\":\"2024-09-06T03:27:52+00:00\",\"dateModified\":\"2025-11-14T08:18:17+00:00\",\"description\":\"With a maxium machining length of 250 mm and a module range of 0.4M-1.5M, adheres to DIN-3974-27 standards. It supports maximum angle of \u00b131\u00b0.\",\"breadcrumb\":{\"@id\":\"https:\/\/www.dasmachinery.com\/product\/das-efficient-inner-rotary-whirlwind-milling-machine-a2-4-spindle-lathe-cnc-ds-25w\/#breadcrumb\"},\"inLanguage\":\"pt-PT\",\"potentialAction\":[{\"@type\":\"ReadAction\",\"target\":[\"https:\/\/www.dasmachinery.com\/product\/das-efficient-inner-rotary-whirlwind-milling-machine-a2-4-spindle-lathe-cnc-ds-25w\/\"]}]},{\"@type\":\"ImageObject\",\"inLanguage\":\"pt-PT\",\"@id\":\"https:\/\/www.dasmachinery.com\/product\/das-efficient-inner-rotary-whirlwind-milling-machine-a2-4-spindle-lathe-cnc-ds-25w\/#primaryimage\",\"url\":\"https:\/\/www.dasmachinery.com\/wp-content\/uploads\/2024\/09\/DS-25W.png\",\"contentUrl\":\"https:\/\/www.dasmachinery.com\/wp-content\/uploads\/2024\/09\/DS-25W.png\",\"width\":800,\"height\":800,\"caption\":\"Inner Whirlwind Milling Machine with Automation\"},{\"@type\":\"BreadcrumbList\",\"@id\":\"https:\/\/www.dasmachinery.com\/product\/das-efficient-inner-rotary-whirlwind-milling-machine-a2-4-spindle-lathe-cnc-ds-25w\/#breadcrumb\",\"itemListElement\":[{\"@type\":\"ListItem\",\"position\":1,\"name\":\"\u9996\u9875\",\"item\":\"https:\/\/www.dasmachinery.com\/\"},{\"@type\":\"ListItem\",\"position\":2,\"name\":\"PRODUCTS\",\"item\":\"https:\/\/www.dasmachinery.com\/products\/\"},{\"@type\":\"ListItem\",\"position\":3,\"name\":\"DS-25W Inner Whirling Milling Worm Gear CNC Lathe Machine\"}]},{\"@type\":\"WebSite\",\"@id\":\"https:\/\/www.dasmachinery.com\/#website\",\"url\":\"https:\/\/www.dasmachinery.com\/\",\"name\":\"Foshan Shunde Guoqiang Daosheng Industrial Co., Ltd\",\"description\":\"Our products are widely used in the manufacture of cars accessories, motorcycles accessories, electronic industry, optical instruments, clocks and watches as well as special motors etc.We have precision processing equipmentand top brand in precision detection equipment.\",\"publisher\":{\"@id\":\"https:\/\/www.dasmachinery.com\/#organization\"},\"potentialAction\":[{\"@type\":\"SearchAction\",\"target\":{\"@type\":\"EntryPoint\",\"urlTemplate\":\"https:\/\/www.dasmachinery.com\/?s={search_term_string}\"},\"query-input\":{\"@type\":\"PropertyValueSpecification\",\"valueRequired\":true,\"valueName\":\"search_term_string\"}}],\"inLanguage\":\"pt-PT\"},{\"@type\":\"Organization\",\"@id\":\"https:\/\/www.dasmachinery.com\/#organization\",\"name\":\"Foshan Shunde Guoqiang Daosheng Industrial Co., Ltd\",\"url\":\"https:\/\/www.dasmachinery.com\/\",\"logo\":{\"@type\":\"ImageObject\",\"inLanguage\":\"pt-PT\",\"@id\":\"https:\/\/www.dasmachinery.com\/#\/schema\/logo\/image\/\",\"url\":\"https:\/\/dasmachinery.com\/wp-content\/uploads\/2024\/09\/logo-2.png\",\"contentUrl\":\"https:\/\/dasmachinery.com\/wp-content\/uploads\/2024\/09\/logo-2.png\",\"width\":350,\"height\":350,\"caption\":\"Foshan Shunde Guoqiang Daosheng Industrial Co., Ltd\"},\"image\":{\"@id\":\"https:\/\/www.dasmachinery.com\/#\/schema\/logo\/image\/\"}}]}<\/script>\n<!-- \/ Yoast SEO Premium plugin. -->","yoast_head_json":{"title":"DS-25W Inner Whirling Milling Worm Gear CNC Lathe Machine - Foshan Shunde Guoqiang Daosheng Industrial Co., Ltd","description":"With a maxium machining length of 250 mm and a module range of 0.4M-1.5M, adheres to DIN-3974-27 standards. It supports maximum angle of \u00b131\u00b0.","robots":{"index":"index","follow":"follow","max-snippet":"max-snippet:-1","max-image-preview":"max-image-preview:large","max-video-preview":"max-video-preview:-1"},"canonical":"https:\/\/www.dasmachinery.com\/pt\/produto\/das-efficient-inner-rotary-whirlwind-milling-machine-a2-4-spindle-lathe-cnc-ds-25w\/","og_locale":"pt_PT","og_type":"article","og_title":"DS-25W Inner Whirling Milling Worm Gear CNC Lathe Machine","og_description":"With a maxium machining length of 250 mm and a module range of 0.4M-1.5M, adheres to DIN-3974-27 standards. It supports maximum angle of \u00b131\u00b0.","og_url":"https:\/\/www.dasmachinery.com\/pt\/produto\/das-efficient-inner-rotary-whirlwind-milling-machine-a2-4-spindle-lathe-cnc-ds-25w\/","og_site_name":"Foshan Shunde Guoqiang Daosheng Industrial Co., Ltd","article_modified_time":"2025-11-14T08:18:17+00:00","og_image":[{"width":800,"height":800,"url":"https:\/\/www.dasmachinery.com\/wp-content\/uploads\/2024\/09\/DS-25W.png","type":"image\/png"}],"twitter_card":"summary_large_image","twitter_misc":{"Tempo estimado de leitura":"1 minuto"},"schema":{"@context":"https:\/\/schema.org","@graph":[{"@type":"WebPage","@id":"https:\/\/www.dasmachinery.com\/product\/das-efficient-inner-rotary-whirlwind-milling-machine-a2-4-spindle-lathe-cnc-ds-25w\/","url":"https:\/\/www.dasmachinery.com\/product\/das-efficient-inner-rotary-whirlwind-milling-machine-a2-4-spindle-lathe-cnc-ds-25w\/","name":"DS-25W Inner Whirling Milling Worm Gear CNC Lathe Machine - Foshan Shunde Guoqiang Daosheng Industrial Co., Ltd","isPartOf":{"@id":"https:\/\/www.dasmachinery.com\/#website"},"primaryImageOfPage":{"@id":"https:\/\/www.dasmachinery.com\/product\/das-efficient-inner-rotary-whirlwind-milling-machine-a2-4-spindle-lathe-cnc-ds-25w\/#primaryimage"},"image":{"@id":"https:\/\/www.dasmachinery.com\/product\/das-efficient-inner-rotary-whirlwind-milling-machine-a2-4-spindle-lathe-cnc-ds-25w\/#primaryimage"},"thumbnailUrl":"https:\/\/www.dasmachinery.com\/wp-content\/uploads\/2024\/09\/DS-25W.png","datePublished":"2024-09-06T03:27:52+00:00","dateModified":"2025-11-14T08:18:17+00:00","description":"With a maxium machining length of 250 mm and a module range of 0.4M-1.5M, adheres to DIN-3974-27 standards. It supports maximum angle of \u00b131\u00b0.","breadcrumb":{"@id":"https:\/\/www.dasmachinery.com\/product\/das-efficient-inner-rotary-whirlwind-milling-machine-a2-4-spindle-lathe-cnc-ds-25w\/#breadcrumb"},"inLanguage":"pt-PT","potentialAction":[{"@type":"ReadAction","target":["https:\/\/www.dasmachinery.com\/product\/das-efficient-inner-rotary-whirlwind-milling-machine-a2-4-spindle-lathe-cnc-ds-25w\/"]}]},{"@type":"ImageObject","inLanguage":"pt-PT","@id":"https:\/\/www.dasmachinery.com\/product\/das-efficient-inner-rotary-whirlwind-milling-machine-a2-4-spindle-lathe-cnc-ds-25w\/#primaryimage","url":"https:\/\/www.dasmachinery.com\/wp-content\/uploads\/2024\/09\/DS-25W.png","contentUrl":"https:\/\/www.dasmachinery.com\/wp-content\/uploads\/2024\/09\/DS-25W.png","width":800,"height":800,"caption":"Inner Whirlwind Milling Machine with Automation"},{"@type":"BreadcrumbList","@id":"https:\/\/www.dasmachinery.com\/product\/das-efficient-inner-rotary-whirlwind-milling-machine-a2-4-spindle-lathe-cnc-ds-25w\/#breadcrumb","itemListElement":[{"@type":"ListItem","position":1,"name":"\u9996\u9875","item":"https:\/\/www.dasmachinery.com\/"},{"@type":"ListItem","position":2,"name":"PRODUCTS","item":"https:\/\/www.dasmachinery.com\/products\/"},{"@type":"ListItem","position":3,"name":"DS-25W Inner Whirling Milling Worm Gear CNC Lathe Machine"}]},{"@type":"WebSite","@id":"https:\/\/www.dasmachinery.com\/#website","url":"https:\/\/www.dasmachinery.com\/","name":"Foshan Shunde Guoqiang Daosheng Industrial Co., Ltd","description":"Our products are widely used in the manufacture of cars accessories, motorcycles accessories, electronic industry, optical instruments, clocks and watches as well as special motors etc.We have precision processing equipmentand top brand in precision detection equipment.","publisher":{"@id":"https:\/\/www.dasmachinery.com\/#organization"},"potentialAction":[{"@type":"SearchAction","target":{"@type":"EntryPoint","urlTemplate":"https:\/\/www.dasmachinery.com\/?s={search_term_string}"},"query-input":{"@type":"PropertyValueSpecification","valueRequired":true,"valueName":"search_term_string"}}],"inLanguage":"pt-PT"},{"@type":"Organization","@id":"https:\/\/www.dasmachinery.com\/#organization","name":"Foshan Shunde Guoqiang Daosheng Industrial Co., Ltd","url":"https:\/\/www.dasmachinery.com\/","logo":{"@type":"ImageObject","inLanguage":"pt-PT","@id":"https:\/\/www.dasmachinery.com\/#\/schema\/logo\/image\/","url":"https:\/\/dasmachinery.com\/wp-content\/uploads\/2024\/09\/logo-2.png","contentUrl":"https:\/\/dasmachinery.com\/wp-content\/uploads\/2024\/09\/logo-2.png","width":350,"height":350,"caption":"Foshan Shunde Guoqiang Daosheng Industrial Co., Ltd"},"image":{"@id":"https:\/\/www.dasmachinery.com\/#\/schema\/logo\/image\/"}}]}},"_links":{"self":[{"href":"https:\/\/www.dasmachinery.com\/pt\/wp-json\/wp\/v2\/product\/120","targetHints":{"allow":["GET"]}}],"collection":[{"href":"https:\/\/www.dasmachinery.com\/pt\/wp-json\/wp\/v2\/product"}],"about":[{"href":"https:\/\/www.dasmachinery.com\/pt\/wp-json\/wp\/v2\/types\/product"}],"version-history":[{"count":4,"href":"https:\/\/www.dasmachinery.com\/pt\/wp-json\/wp\/v2\/product\/120\/revisions"}],"predecessor-version":[{"id":1090,"href":"https:\/\/www.dasmachinery.com\/pt\/wp-json\/wp\/v2\/product\/120\/revisions\/1090"}],"wp:featuredmedia":[{"embeddable":true,"href":"https:\/\/www.dasmachinery.com\/pt\/wp-json\/wp\/v2\/media\/121"}],"wp:attachment":[{"href":"https:\/\/www.dasmachinery.com\/pt\/wp-json\/wp\/v2\/media?parent=120"}],"wp:term":[{"taxonomy":"product_cat","embeddable":true,"href":"https:\/\/www.dasmachinery.com\/pt\/wp-json\/wp\/v2\/product_cat?post=120"},{"taxonomy":"product_tag","embeddable":true,"href":"https:\/\/www.dasmachinery.com\/pt\/wp-json\/wp\/v2\/product_tag?post=120"}],"curies":[{"name":"wp","href":"https:\/\/api.w.org\/{rel}","templated":true}]}}