{"id":123,"date":"2024-09-06T11:29:05","date_gmt":"2024-09-06T03:29:05","guid":{"rendered":"https:\/\/dasmachinery.com\/?post_type=product&#038;p=123"},"modified":"2025-10-31T17:03:33","modified_gmt":"2025-10-31T09:03:33","slug":"ds-25ws-cnc-machine-lathe","status":"publish","type":"product","link":"https:\/\/www.dasmachinery.com\/pt\/produto\/ds-25ws-cnc-machine-lathe\/","title":{"rendered":"DAS DS-25WS Fresamento externo Whirlwind 3 eixos CNC M\u00e1quina Torno"},"content":{"rendered":"<h1 style=\"text-align: center;\">Fresadora externa Whirlwind DS-25WS<\/h1>\n<ul>\n<li><strong><b>Fora do comum <\/b><\/strong><strong><b>Usinagem <\/b><\/strong><strong><b>Capacidade<\/b><\/strong>Com um comprimento m\u00e1ximo de usinagem de 250 mm e m\u00f3dulos de suporte de 0,4 M a 15 M, esta m\u00e1quina atende aos padr\u00f5es DIN 397427. Ela oferece uma faixa de \u00e2ngulo de usinagem de +35\u00b0 a -30\u00b0 e um di\u00e2metro m\u00e1ximo de usinagem de \u03c630 mm, garantindo o atendimento a uma ampla gama de necessidades de usinagem.<\/li>\n<li><strong><b>Moagem eficiente: <\/b><\/strong>A m\u00e1quina utiliza um modo de fresagem rotativa externa com ferramentas de conforma\u00e7\u00e3o (fresas circulares), permitindo usinagem de alta precis\u00e3o. O motor do fuso tem uma pot\u00eancia de 3,1 kW e pode atingir velocidades de at\u00e9 3000 RPM (configura\u00e7\u00e3o de f\u00e1brica), lidando eficazmente com a maioria das tarefas de fresagem.<\/li>\n<li><strong><b>Preciso <\/b><\/strong><strong><b>Fuso: <\/b><\/strong>O eixo apresenta um Design com di\u00e2metro de 46 mm, motor de eixo com pot\u00eancia de 5,5 kW e velocidade m\u00e1xima de 1500 RPM (configura\u00e7\u00e3o de f\u00e1brica), garantindo estabilidade e durabilidade.<\/li>\n<li><strong><b>Poderoso <\/b><\/strong><strong><b>Axial <\/b><\/strong><strong><b>Sistema: <\/b><\/strong>O curso dos eixos X\/Z\/Y \u00e9 de 100 mm, 250 mm e 300 mm (com contraponto), respectivamente. Cada motor de eixo tem uma pot\u00eancia de 2,4 kW, com velocidades de movimento r\u00e1pidas de at\u00e9 12 m\/min. A precis\u00e3o de posicionamento repetitivo \u00e9 melhor que \u00b10,005 mm, alcan\u00e7ando excelente precis\u00e3o de usinagem.<\/li>\n<li><strong><b>Flex\u00edvel <\/b><\/strong><strong><b>Configura\u00e7\u00e3o: <\/b><\/strong>Oferece uma gama de recursos opcionais, incluindo cabe\u00e7ote m\u00f3vel, esta\u00e7\u00e3o hidr\u00e1ulica, transportador magn\u00e9tico de cavacos integrado, resfriador de \u00f3leo, coletor de n\u00e9voa e sistema de automa\u00e7\u00e3o para atender a diversas necessidades de usinagem.<\/li>\n<\/ul>\n<p><img fetchpriority=\"high\" decoding=\"async\" class=\"aligncenter size-full wp-image-317\" src=\"https:\/\/dasmachinery.com\/wp-content\/uploads\/2024\/09\/DS-25WS.jpg\" alt=\"\" width=\"1500\" height=\"1500\" srcset=\"https:\/\/www.dasmachinery.com\/wp-content\/uploads\/2024\/09\/DS-25WS.jpg 1500w, https:\/\/www.dasmachinery.com\/wp-content\/uploads\/2024\/09\/DS-25WS-300x300.jpg 300w, https:\/\/www.dasmachinery.com\/wp-content\/uploads\/2024\/09\/DS-25WS-150x150.jpg 150w, https:\/\/www.dasmachinery.com\/wp-content\/uploads\/2024\/09\/DS-25WS-600x600.jpg 600w, https:\/\/www.dasmachinery.com\/wp-content\/uploads\/2024\/09\/DS-25WS-1024x1024.jpg 1024w, https:\/\/www.dasmachinery.com\/wp-content\/uploads\/2024\/09\/DS-25WS-768x768.jpg 768w\" sizes=\"(max-width: 1500px) 100vw, 1500px\" \/><\/p>","protected":false},"excerpt":{"rendered":"<p>Fresadora Externa Whirlwind DS-25WS: Excelente Capacidade de Usinagem: Com um comprimento m\u00e1ximo de usinagem de 250 mm e m\u00f3dulos de suporte a partir de<\/p>","protected":false},"featured_media":317,"template":"","meta":{"content-type":""},"product_cat":[30],"product_tag":[34],"class_list":{"0":"post-123","1":"product","2":"type-product","3":"status-publish","4":"has-post-thumbnail","6":"product_cat-worm-whirlwind-milling-machine","7":"product_tag-cnc-lathe","9":"first","10":"instock","11":"shipping-taxable","12":"product-type-simple"},"yoast_head":"<!-- This site is optimized with the Yoast SEO Premium plugin v22.6 (Yoast SEO v23.4) - https:\/\/yoast.com\/wordpress\/plugins\/seo\/ -->\n<title>DAS DS-25WS Outer Whirlwind Milling 3 axis CNC Machine Lathe - Foshan Shunde Guoqiang Daosheng Industrial Co., Ltd<\/title>\n<meta name=\"description\" content=\"20+ years cnc lathe machine factory, DAS&#039;s patented products, focusing on the production and research and development of high-end precision CNC machine tools and equipment, and the construction of automated integrated production lines.\" \/>\n<meta name=\"robots\" content=\"index, follow, max-snippet:-1, max-image-preview:large, max-video-preview:-1\" \/>\n<link rel=\"canonical\" href=\"https:\/\/www.dasmachinery.com\/pt\/produto\/ds-25ws-cnc-machine-lathe\/\" \/>\n<meta property=\"og:locale\" content=\"pt_PT\" \/>\n<meta property=\"og:type\" content=\"article\" \/>\n<meta property=\"og:title\" content=\"DAS DS-25WS Outer Whirlwind Milling 3 axis CNC Machine Lathe\" \/>\n<meta property=\"og:description\" content=\"20+ years cnc lathe machine factory, DAS&#039;s patented products, focusing on the production and research and development of high-end precision CNC machine tools and equipment, and the construction of automated integrated production lines.\" \/>\n<meta property=\"og:url\" content=\"https:\/\/www.dasmachinery.com\/pt\/produto\/ds-25ws-cnc-machine-lathe\/\" \/>\n<meta property=\"og:site_name\" content=\"Foshan Shunde Guoqiang Daosheng Industrial Co., Ltd\" \/>\n<meta property=\"article:modified_time\" content=\"2025-10-31T09:03:33+00:00\" \/>\n<meta property=\"og:image\" content=\"https:\/\/www.dasmachinery.com\/wp-content\/uploads\/2024\/09\/DS-25WS.jpg\" \/>\n\t<meta property=\"og:image:width\" content=\"1500\" \/>\n\t<meta property=\"og:image:height\" content=\"1500\" \/>\n\t<meta property=\"og:image:type\" content=\"image\/jpeg\" \/>\n<meta name=\"twitter:card\" content=\"summary_large_image\" \/>\n<meta name=\"twitter:label1\" content=\"Tempo estimado de leitura\" \/>\n\t<meta name=\"twitter:data1\" content=\"2 minutos\" \/>\n<script type=\"application\/ld+json\" class=\"yoast-schema-graph\">{\"@context\":\"https:\/\/schema.org\",\"@graph\":[{\"@type\":\"WebPage\",\"@id\":\"https:\/\/www.dasmachinery.com\/product\/ds-25ws-cnc-machine-lathe\/\",\"url\":\"https:\/\/www.dasmachinery.com\/product\/ds-25ws-cnc-machine-lathe\/\",\"name\":\"DAS DS-25WS Outer Whirlwind Milling 3 axis CNC Machine Lathe - Foshan Shunde Guoqiang Daosheng Industrial Co., Ltd\",\"isPartOf\":{\"@id\":\"https:\/\/www.dasmachinery.com\/#website\"},\"primaryImageOfPage\":{\"@id\":\"https:\/\/www.dasmachinery.com\/product\/ds-25ws-cnc-machine-lathe\/#primaryimage\"},\"image\":{\"@id\":\"https:\/\/www.dasmachinery.com\/product\/ds-25ws-cnc-machine-lathe\/#primaryimage\"},\"thumbnailUrl\":\"https:\/\/www.dasmachinery.com\/wp-content\/uploads\/2024\/09\/DS-25WS.jpg\",\"datePublished\":\"2024-09-06T03:29:05+00:00\",\"dateModified\":\"2025-10-31T09:03:33+00:00\",\"description\":\"20+ years cnc lathe machine factory, DAS's patented products, focusing on the production and research and development of high-end precision CNC machine tools and equipment, and the construction of automated integrated production lines.\",\"breadcrumb\":{\"@id\":\"https:\/\/www.dasmachinery.com\/product\/ds-25ws-cnc-machine-lathe\/#breadcrumb\"},\"inLanguage\":\"pt-PT\",\"potentialAction\":[{\"@type\":\"ReadAction\",\"target\":[\"https:\/\/www.dasmachinery.com\/product\/ds-25ws-cnc-machine-lathe\/\"]}]},{\"@type\":\"ImageObject\",\"inLanguage\":\"pt-PT\",\"@id\":\"https:\/\/www.dasmachinery.com\/product\/ds-25ws-cnc-machine-lathe\/#primaryimage\",\"url\":\"https:\/\/www.dasmachinery.com\/wp-content\/uploads\/2024\/09\/DS-25WS.jpg\",\"contentUrl\":\"https:\/\/www.dasmachinery.com\/wp-content\/uploads\/2024\/09\/DS-25WS.jpg\",\"width\":1500,\"height\":1500},{\"@type\":\"BreadcrumbList\",\"@id\":\"https:\/\/www.dasmachinery.com\/product\/ds-25ws-cnc-machine-lathe\/#breadcrumb\",\"itemListElement\":[{\"@type\":\"ListItem\",\"position\":1,\"name\":\"\u9996\u9875\",\"item\":\"https:\/\/www.dasmachinery.com\/\"},{\"@type\":\"ListItem\",\"position\":2,\"name\":\"PRODUCTS\",\"item\":\"https:\/\/www.dasmachinery.com\/products\/\"},{\"@type\":\"ListItem\",\"position\":3,\"name\":\"DAS DS-25WS Outer Whirlwind Milling 3 axis CNC Machine Lathe\"}]},{\"@type\":\"WebSite\",\"@id\":\"https:\/\/www.dasmachinery.com\/#website\",\"url\":\"https:\/\/www.dasmachinery.com\/\",\"name\":\"Foshan Shunde Guoqiang Daosheng Industrial Co., Ltd\",\"description\":\"Our products are widely used in the manufacture of cars accessories, motorcycles accessories, electronic industry, optical instruments, clocks and watches as well as special motors etc.We have precision processing equipmentand top brand in precision detection equipment.\",\"publisher\":{\"@id\":\"https:\/\/www.dasmachinery.com\/#organization\"},\"potentialAction\":[{\"@type\":\"SearchAction\",\"target\":{\"@type\":\"EntryPoint\",\"urlTemplate\":\"https:\/\/www.dasmachinery.com\/?s={search_term_string}\"},\"query-input\":{\"@type\":\"PropertyValueSpecification\",\"valueRequired\":true,\"valueName\":\"search_term_string\"}}],\"inLanguage\":\"pt-PT\"},{\"@type\":\"Organization\",\"@id\":\"https:\/\/www.dasmachinery.com\/#organization\",\"name\":\"Foshan Shunde Guoqiang Daosheng Industrial Co., Ltd\",\"url\":\"https:\/\/www.dasmachinery.com\/\",\"logo\":{\"@type\":\"ImageObject\",\"inLanguage\":\"pt-PT\",\"@id\":\"https:\/\/www.dasmachinery.com\/#\/schema\/logo\/image\/\",\"url\":\"https:\/\/dasmachinery.com\/wp-content\/uploads\/2024\/09\/logo-2.png\",\"contentUrl\":\"https:\/\/dasmachinery.com\/wp-content\/uploads\/2024\/09\/logo-2.png\",\"width\":350,\"height\":350,\"caption\":\"Foshan Shunde Guoqiang Daosheng Industrial Co., Ltd\"},\"image\":{\"@id\":\"https:\/\/www.dasmachinery.com\/#\/schema\/logo\/image\/\"}}]}<\/script>\n<!-- \/ Yoast SEO Premium plugin. -->","yoast_head_json":{"title":"DAS DS-25WS Outer Whirlwind Milling 3 axis CNC Machine Lathe - Foshan Shunde Guoqiang Daosheng Industrial Co., Ltd","description":"20+ years cnc lathe machine factory, DAS's patented products, focusing on the production and research and development of high-end precision CNC machine tools and equipment, and the construction of automated integrated production lines.","robots":{"index":"index","follow":"follow","max-snippet":"max-snippet:-1","max-image-preview":"max-image-preview:large","max-video-preview":"max-video-preview:-1"},"canonical":"https:\/\/www.dasmachinery.com\/pt\/produto\/ds-25ws-cnc-machine-lathe\/","og_locale":"pt_PT","og_type":"article","og_title":"DAS DS-25WS Outer Whirlwind Milling 3 axis CNC Machine Lathe","og_description":"20+ years cnc lathe machine factory, DAS's patented products, focusing on the production and research and development of high-end precision CNC machine tools and equipment, and the construction of automated integrated production lines.","og_url":"https:\/\/www.dasmachinery.com\/pt\/produto\/ds-25ws-cnc-machine-lathe\/","og_site_name":"Foshan Shunde Guoqiang Daosheng Industrial Co., Ltd","article_modified_time":"2025-10-31T09:03:33+00:00","og_image":[{"width":1500,"height":1500,"url":"https:\/\/www.dasmachinery.com\/wp-content\/uploads\/2024\/09\/DS-25WS.jpg","type":"image\/jpeg"}],"twitter_card":"summary_large_image","twitter_misc":{"Tempo estimado de leitura":"2 minutos"},"schema":{"@context":"https:\/\/schema.org","@graph":[{"@type":"WebPage","@id":"https:\/\/www.dasmachinery.com\/product\/ds-25ws-cnc-machine-lathe\/","url":"https:\/\/www.dasmachinery.com\/product\/ds-25ws-cnc-machine-lathe\/","name":"DAS DS-25WS Outer Whirlwind Milling 3 axis CNC Machine Lathe - Foshan Shunde Guoqiang Daosheng Industrial Co., Ltd","isPartOf":{"@id":"https:\/\/www.dasmachinery.com\/#website"},"primaryImageOfPage":{"@id":"https:\/\/www.dasmachinery.com\/product\/ds-25ws-cnc-machine-lathe\/#primaryimage"},"image":{"@id":"https:\/\/www.dasmachinery.com\/product\/ds-25ws-cnc-machine-lathe\/#primaryimage"},"thumbnailUrl":"https:\/\/www.dasmachinery.com\/wp-content\/uploads\/2024\/09\/DS-25WS.jpg","datePublished":"2024-09-06T03:29:05+00:00","dateModified":"2025-10-31T09:03:33+00:00","description":"20+ years cnc lathe machine factory, DAS's patented products, focusing on the production and research and development of high-end precision CNC machine tools and equipment, and the construction of automated integrated production lines.","breadcrumb":{"@id":"https:\/\/www.dasmachinery.com\/product\/ds-25ws-cnc-machine-lathe\/#breadcrumb"},"inLanguage":"pt-PT","potentialAction":[{"@type":"ReadAction","target":["https:\/\/www.dasmachinery.com\/product\/ds-25ws-cnc-machine-lathe\/"]}]},{"@type":"ImageObject","inLanguage":"pt-PT","@id":"https:\/\/www.dasmachinery.com\/product\/ds-25ws-cnc-machine-lathe\/#primaryimage","url":"https:\/\/www.dasmachinery.com\/wp-content\/uploads\/2024\/09\/DS-25WS.jpg","contentUrl":"https:\/\/www.dasmachinery.com\/wp-content\/uploads\/2024\/09\/DS-25WS.jpg","width":1500,"height":1500},{"@type":"BreadcrumbList","@id":"https:\/\/www.dasmachinery.com\/product\/ds-25ws-cnc-machine-lathe\/#breadcrumb","itemListElement":[{"@type":"ListItem","position":1,"name":"\u9996\u9875","item":"https:\/\/www.dasmachinery.com\/"},{"@type":"ListItem","position":2,"name":"PRODUCTS","item":"https:\/\/www.dasmachinery.com\/products\/"},{"@type":"ListItem","position":3,"name":"DAS DS-25WS Outer Whirlwind Milling 3 axis CNC Machine Lathe"}]},{"@type":"WebSite","@id":"https:\/\/www.dasmachinery.com\/#website","url":"https:\/\/www.dasmachinery.com\/","name":"Foshan Shunde Guoqiang Daosheng Industrial Co., Ltd","description":"Our products are widely used in the manufacture of cars accessories, motorcycles accessories, electronic industry, optical instruments, clocks and watches as well as special motors etc.We have precision processing equipmentand top brand in precision detection equipment.","publisher":{"@id":"https:\/\/www.dasmachinery.com\/#organization"},"potentialAction":[{"@type":"SearchAction","target":{"@type":"EntryPoint","urlTemplate":"https:\/\/www.dasmachinery.com\/?s={search_term_string}"},"query-input":{"@type":"PropertyValueSpecification","valueRequired":true,"valueName":"search_term_string"}}],"inLanguage":"pt-PT"},{"@type":"Organization","@id":"https:\/\/www.dasmachinery.com\/#organization","name":"Foshan Shunde Guoqiang Daosheng Industrial Co., Ltd","url":"https:\/\/www.dasmachinery.com\/","logo":{"@type":"ImageObject","inLanguage":"pt-PT","@id":"https:\/\/www.dasmachinery.com\/#\/schema\/logo\/image\/","url":"https:\/\/dasmachinery.com\/wp-content\/uploads\/2024\/09\/logo-2.png","contentUrl":"https:\/\/dasmachinery.com\/wp-content\/uploads\/2024\/09\/logo-2.png","width":350,"height":350,"caption":"Foshan Shunde Guoqiang Daosheng Industrial Co., Ltd"},"image":{"@id":"https:\/\/www.dasmachinery.com\/#\/schema\/logo\/image\/"}}]}},"_links":{"self":[{"href":"https:\/\/www.dasmachinery.com\/pt\/wp-json\/wp\/v2\/product\/123","targetHints":{"allow":["GET"]}}],"collection":[{"href":"https:\/\/www.dasmachinery.com\/pt\/wp-json\/wp\/v2\/product"}],"about":[{"href":"https:\/\/www.dasmachinery.com\/pt\/wp-json\/wp\/v2\/types\/product"}],"version-history":[{"count":6,"href":"https:\/\/www.dasmachinery.com\/pt\/wp-json\/wp\/v2\/product\/123\/revisions"}],"predecessor-version":[{"id":411,"href":"https:\/\/www.dasmachinery.com\/pt\/wp-json\/wp\/v2\/product\/123\/revisions\/411"}],"wp:featuredmedia":[{"embeddable":true,"href":"https:\/\/www.dasmachinery.com\/pt\/wp-json\/wp\/v2\/media\/317"}],"wp:attachment":[{"href":"https:\/\/www.dasmachinery.com\/pt\/wp-json\/wp\/v2\/media?parent=123"}],"wp:term":[{"taxonomy":"product_cat","embeddable":true,"href":"https:\/\/www.dasmachinery.com\/pt\/wp-json\/wp\/v2\/product_cat?post=123"},{"taxonomy":"product_tag","embeddable":true,"href":"https:\/\/www.dasmachinery.com\/pt\/wp-json\/wp\/v2\/product_tag?post=123"}],"curies":[{"name":"wp","href":"https:\/\/api.w.org\/{rel}","templated":true}]}}