{"id":132,"date":"2024-09-06T11:30:09","date_gmt":"2024-09-06T03:30:09","guid":{"rendered":"https:\/\/dasmachinery.com\/?post_type=product&#038;p=132"},"modified":"2025-10-29T15:05:11","modified_gmt":"2025-10-29T07:05:11","slug":"8-inch-dual-spindle-twin-power-turret-metal-machining-cnc-lathe-machine","status":"publish","type":"product","link":"https:\/\/www.dasmachinery.com\/pt\/produto\/8-inch-dual-spindle-twin-power-turret-metal-machining-cnc-lathe-machine\/","title":{"rendered":"Torno CNC de torre de pot\u00eancia de 8 polegadas da s\u00e9rie DAS com fuso duplo"},"content":{"rendered":"<p>A torre de ferramentas el\u00e9tricas permite a usinagem de formas complexas, com capacidade para executar dois programas simultaneamente. Ambos os lados podem operar de forma independente ou cooperativa, enquanto os fusos principal e secund\u00e1rio podem alternar fun\u00e7\u00f5es durante a usinagem, proporcionando alta efici\u00eancia de processamento.<\/p>\n<p><img fetchpriority=\"high\" decoding=\"async\" class=\"aligncenter size-full wp-image-319\" src=\"https:\/\/dasmachinery.com\/wp-content\/uploads\/2024\/09\/TS-8-DII.jpg\" alt=\"\" width=\"1500\" height=\"1500\" srcset=\"https:\/\/www.dasmachinery.com\/wp-content\/uploads\/2024\/09\/TS-8-DII.jpg 1500w, https:\/\/www.dasmachinery.com\/wp-content\/uploads\/2024\/09\/TS-8-DII-300x300.jpg 300w, https:\/\/www.dasmachinery.com\/wp-content\/uploads\/2024\/09\/TS-8-DII-150x150.jpg 150w, https:\/\/www.dasmachinery.com\/wp-content\/uploads\/2024\/09\/TS-8-DII-600x600.jpg 600w, https:\/\/www.dasmachinery.com\/wp-content\/uploads\/2024\/09\/TS-8-DII-1024x1024.jpg 1024w, https:\/\/www.dasmachinery.com\/wp-content\/uploads\/2024\/09\/TS-8-DII-768x768.jpg 768w\" sizes=\"(max-width: 1500px) 100vw, 1500px\" \/><\/p>","protected":false},"excerpt":{"rendered":"<p>The power tool turret enables complex shape machining, capable of running two programs simultaneously. Both sides can operate independently or<\/p>","protected":false},"featured_media":319,"template":"","meta":{"content-type":""},"product_cat":[15],"product_tag":[],"class_list":{"0":"post-132","1":"product","2":"type-product","3":"status-publish","4":"has-post-thumbnail","6":"product_cat-uncategorized","8":"first","9":"instock","10":"shipping-taxable","11":"product-type-simple"},"yoast_head":"<!-- This site is optimized with the Yoast SEO Premium plugin v22.6 (Yoast SEO v23.4) - https:\/\/yoast.com\/wordpress\/plugins\/seo\/ -->\n<title>DAS Dual Spindle Series 8 Inch Power Turret CNC Lathe Machine - Foshan Shunde Guoqiang Daosheng Industrial Co., Ltd<\/title>\n<meta name=\"description\" content=\"550 mm max swing diameter cnc lathe\" \/>\n<meta name=\"robots\" content=\"index, follow, max-snippet:-1, max-image-preview:large, max-video-preview:-1\" \/>\n<link rel=\"canonical\" href=\"https:\/\/www.dasmachinery.com\/pt\/produto\/8-inch-dual-spindle-twin-power-turret-metal-machining-cnc-lathe-machine\/\" \/>\n<meta property=\"og:locale\" content=\"pt_PT\" \/>\n<meta property=\"og:type\" content=\"article\" \/>\n<meta property=\"og:title\" content=\"DAS Dual Spindle Series 8 Inch Power Turret CNC Lathe Machine\" \/>\n<meta property=\"og:description\" content=\"550 mm max swing diameter cnc lathe\" \/>\n<meta property=\"og:url\" content=\"https:\/\/www.dasmachinery.com\/pt\/produto\/8-inch-dual-spindle-twin-power-turret-metal-machining-cnc-lathe-machine\/\" \/>\n<meta property=\"og:site_name\" content=\"Foshan Shunde Guoqiang Daosheng Industrial Co., Ltd\" \/>\n<meta property=\"article:modified_time\" content=\"2025-10-29T07:05:11+00:00\" \/>\n<meta property=\"og:image\" content=\"https:\/\/www.dasmachinery.com\/wp-content\/uploads\/2024\/09\/TS-8-DII.jpg\" \/>\n\t<meta property=\"og:image:width\" content=\"1500\" \/>\n\t<meta property=\"og:image:height\" content=\"1500\" \/>\n\t<meta property=\"og:image:type\" content=\"image\/jpeg\" \/>\n<meta name=\"twitter:card\" content=\"summary_large_image\" \/>\n<meta name=\"twitter:label1\" content=\"Tempo estimado de leitura\" \/>\n\t<meta name=\"twitter:data1\" content=\"1 minuto\" \/>\n<script type=\"application\/ld+json\" class=\"yoast-schema-graph\">{\"@context\":\"https:\/\/schema.org\",\"@graph\":[{\"@type\":\"WebPage\",\"@id\":\"https:\/\/www.dasmachinery.com\/product\/8-inch-dual-spindle-twin-power-turret-metal-machining-cnc-lathe-machine\/\",\"url\":\"https:\/\/www.dasmachinery.com\/product\/8-inch-dual-spindle-twin-power-turret-metal-machining-cnc-lathe-machine\/\",\"name\":\"DAS Dual Spindle Series 8 Inch Power Turret CNC Lathe Machine - Foshan Shunde Guoqiang Daosheng Industrial Co., Ltd\",\"isPartOf\":{\"@id\":\"https:\/\/www.dasmachinery.com\/#website\"},\"primaryImageOfPage\":{\"@id\":\"https:\/\/www.dasmachinery.com\/product\/8-inch-dual-spindle-twin-power-turret-metal-machining-cnc-lathe-machine\/#primaryimage\"},\"image\":{\"@id\":\"https:\/\/www.dasmachinery.com\/product\/8-inch-dual-spindle-twin-power-turret-metal-machining-cnc-lathe-machine\/#primaryimage\"},\"thumbnailUrl\":\"https:\/\/www.dasmachinery.com\/wp-content\/uploads\/2024\/09\/TS-8-DII.jpg\",\"datePublished\":\"2024-09-06T03:30:09+00:00\",\"dateModified\":\"2025-10-29T07:05:11+00:00\",\"description\":\"550 mm max swing diameter cnc lathe\",\"breadcrumb\":{\"@id\":\"https:\/\/www.dasmachinery.com\/product\/8-inch-dual-spindle-twin-power-turret-metal-machining-cnc-lathe-machine\/#breadcrumb\"},\"inLanguage\":\"pt-PT\",\"potentialAction\":[{\"@type\":\"ReadAction\",\"target\":[\"https:\/\/www.dasmachinery.com\/product\/8-inch-dual-spindle-twin-power-turret-metal-machining-cnc-lathe-machine\/\"]}]},{\"@type\":\"ImageObject\",\"inLanguage\":\"pt-PT\",\"@id\":\"https:\/\/www.dasmachinery.com\/product\/8-inch-dual-spindle-twin-power-turret-metal-machining-cnc-lathe-machine\/#primaryimage\",\"url\":\"https:\/\/www.dasmachinery.com\/wp-content\/uploads\/2024\/09\/TS-8-DII.jpg\",\"contentUrl\":\"https:\/\/www.dasmachinery.com\/wp-content\/uploads\/2024\/09\/TS-8-DII.jpg\",\"width\":1500,\"height\":1500},{\"@type\":\"BreadcrumbList\",\"@id\":\"https:\/\/www.dasmachinery.com\/product\/8-inch-dual-spindle-twin-power-turret-metal-machining-cnc-lathe-machine\/#breadcrumb\",\"itemListElement\":[{\"@type\":\"ListItem\",\"position\":1,\"name\":\"\u9996\u9875\",\"item\":\"https:\/\/www.dasmachinery.com\/\"},{\"@type\":\"ListItem\",\"position\":2,\"name\":\"PRODUCTS\",\"item\":\"https:\/\/www.dasmachinery.com\/products\/\"},{\"@type\":\"ListItem\",\"position\":3,\"name\":\"DAS Dual Spindle Series 8 Inch Power Turret CNC Lathe Machine\"}]},{\"@type\":\"WebSite\",\"@id\":\"https:\/\/www.dasmachinery.com\/#website\",\"url\":\"https:\/\/www.dasmachinery.com\/\",\"name\":\"Foshan Shunde Guoqiang Daosheng Industrial Co., Ltd\",\"description\":\"Our products are widely used in the manufacture of cars accessories, motorcycles accessories, electronic industry, optical instruments, clocks and watches as well as special motors etc.We have precision processing equipmentand top brand in precision detection equipment.\",\"publisher\":{\"@id\":\"https:\/\/www.dasmachinery.com\/#organization\"},\"potentialAction\":[{\"@type\":\"SearchAction\",\"target\":{\"@type\":\"EntryPoint\",\"urlTemplate\":\"https:\/\/www.dasmachinery.com\/?s={search_term_string}\"},\"query-input\":{\"@type\":\"PropertyValueSpecification\",\"valueRequired\":true,\"valueName\":\"search_term_string\"}}],\"inLanguage\":\"pt-PT\"},{\"@type\":\"Organization\",\"@id\":\"https:\/\/www.dasmachinery.com\/#organization\",\"name\":\"Foshan Shunde Guoqiang Daosheng Industrial Co., Ltd\",\"url\":\"https:\/\/www.dasmachinery.com\/\",\"logo\":{\"@type\":\"ImageObject\",\"inLanguage\":\"pt-PT\",\"@id\":\"https:\/\/www.dasmachinery.com\/#\/schema\/logo\/image\/\",\"url\":\"https:\/\/dasmachinery.com\/wp-content\/uploads\/2024\/09\/logo-2.png\",\"contentUrl\":\"https:\/\/dasmachinery.com\/wp-content\/uploads\/2024\/09\/logo-2.png\",\"width\":350,\"height\":350,\"caption\":\"Foshan Shunde Guoqiang Daosheng Industrial Co., Ltd\"},\"image\":{\"@id\":\"https:\/\/www.dasmachinery.com\/#\/schema\/logo\/image\/\"}}]}<\/script>\n<!-- \/ Yoast SEO Premium plugin. -->","yoast_head_json":{"title":"DAS Dual Spindle Series 8 Inch Power Turret CNC Lathe Machine - Foshan Shunde Guoqiang Daosheng Industrial Co., Ltd","description":"550 mm max swing diameter cnc lathe","robots":{"index":"index","follow":"follow","max-snippet":"max-snippet:-1","max-image-preview":"max-image-preview:large","max-video-preview":"max-video-preview:-1"},"canonical":"https:\/\/www.dasmachinery.com\/pt\/produto\/8-inch-dual-spindle-twin-power-turret-metal-machining-cnc-lathe-machine\/","og_locale":"pt_PT","og_type":"article","og_title":"DAS Dual Spindle Series 8 Inch Power Turret CNC Lathe Machine","og_description":"550 mm max swing diameter cnc lathe","og_url":"https:\/\/www.dasmachinery.com\/pt\/produto\/8-inch-dual-spindle-twin-power-turret-metal-machining-cnc-lathe-machine\/","og_site_name":"Foshan Shunde Guoqiang Daosheng Industrial Co., Ltd","article_modified_time":"2025-10-29T07:05:11+00:00","og_image":[{"width":1500,"height":1500,"url":"https:\/\/www.dasmachinery.com\/wp-content\/uploads\/2024\/09\/TS-8-DII.jpg","type":"image\/jpeg"}],"twitter_card":"summary_large_image","twitter_misc":{"Tempo estimado de leitura":"1 minuto"},"schema":{"@context":"https:\/\/schema.org","@graph":[{"@type":"WebPage","@id":"https:\/\/www.dasmachinery.com\/product\/8-inch-dual-spindle-twin-power-turret-metal-machining-cnc-lathe-machine\/","url":"https:\/\/www.dasmachinery.com\/product\/8-inch-dual-spindle-twin-power-turret-metal-machining-cnc-lathe-machine\/","name":"DAS Dual Spindle Series 8 Inch Power Turret CNC Lathe Machine - Foshan Shunde Guoqiang Daosheng Industrial Co., Ltd","isPartOf":{"@id":"https:\/\/www.dasmachinery.com\/#website"},"primaryImageOfPage":{"@id":"https:\/\/www.dasmachinery.com\/product\/8-inch-dual-spindle-twin-power-turret-metal-machining-cnc-lathe-machine\/#primaryimage"},"image":{"@id":"https:\/\/www.dasmachinery.com\/product\/8-inch-dual-spindle-twin-power-turret-metal-machining-cnc-lathe-machine\/#primaryimage"},"thumbnailUrl":"https:\/\/www.dasmachinery.com\/wp-content\/uploads\/2024\/09\/TS-8-DII.jpg","datePublished":"2024-09-06T03:30:09+00:00","dateModified":"2025-10-29T07:05:11+00:00","description":"550 mm max swing diameter cnc lathe","breadcrumb":{"@id":"https:\/\/www.dasmachinery.com\/product\/8-inch-dual-spindle-twin-power-turret-metal-machining-cnc-lathe-machine\/#breadcrumb"},"inLanguage":"pt-PT","potentialAction":[{"@type":"ReadAction","target":["https:\/\/www.dasmachinery.com\/product\/8-inch-dual-spindle-twin-power-turret-metal-machining-cnc-lathe-machine\/"]}]},{"@type":"ImageObject","inLanguage":"pt-PT","@id":"https:\/\/www.dasmachinery.com\/product\/8-inch-dual-spindle-twin-power-turret-metal-machining-cnc-lathe-machine\/#primaryimage","url":"https:\/\/www.dasmachinery.com\/wp-content\/uploads\/2024\/09\/TS-8-DII.jpg","contentUrl":"https:\/\/www.dasmachinery.com\/wp-content\/uploads\/2024\/09\/TS-8-DII.jpg","width":1500,"height":1500},{"@type":"BreadcrumbList","@id":"https:\/\/www.dasmachinery.com\/product\/8-inch-dual-spindle-twin-power-turret-metal-machining-cnc-lathe-machine\/#breadcrumb","itemListElement":[{"@type":"ListItem","position":1,"name":"\u9996\u9875","item":"https:\/\/www.dasmachinery.com\/"},{"@type":"ListItem","position":2,"name":"PRODUCTS","item":"https:\/\/www.dasmachinery.com\/products\/"},{"@type":"ListItem","position":3,"name":"DAS Dual Spindle Series 8 Inch Power Turret CNC Lathe Machine"}]},{"@type":"WebSite","@id":"https:\/\/www.dasmachinery.com\/#website","url":"https:\/\/www.dasmachinery.com\/","name":"Foshan Shunde Guoqiang Daosheng Industrial Co., Ltd","description":"Our products are widely used in the manufacture of cars accessories, motorcycles accessories, electronic industry, optical instruments, clocks and watches as well as special motors etc.We have precision processing equipmentand top brand in precision detection equipment.","publisher":{"@id":"https:\/\/www.dasmachinery.com\/#organization"},"potentialAction":[{"@type":"SearchAction","target":{"@type":"EntryPoint","urlTemplate":"https:\/\/www.dasmachinery.com\/?s={search_term_string}"},"query-input":{"@type":"PropertyValueSpecification","valueRequired":true,"valueName":"search_term_string"}}],"inLanguage":"pt-PT"},{"@type":"Organization","@id":"https:\/\/www.dasmachinery.com\/#organization","name":"Foshan Shunde Guoqiang Daosheng Industrial Co., Ltd","url":"https:\/\/www.dasmachinery.com\/","logo":{"@type":"ImageObject","inLanguage":"pt-PT","@id":"https:\/\/www.dasmachinery.com\/#\/schema\/logo\/image\/","url":"https:\/\/dasmachinery.com\/wp-content\/uploads\/2024\/09\/logo-2.png","contentUrl":"https:\/\/dasmachinery.com\/wp-content\/uploads\/2024\/09\/logo-2.png","width":350,"height":350,"caption":"Foshan Shunde Guoqiang Daosheng Industrial Co., Ltd"},"image":{"@id":"https:\/\/www.dasmachinery.com\/#\/schema\/logo\/image\/"}}]}},"_links":{"self":[{"href":"https:\/\/www.dasmachinery.com\/pt\/wp-json\/wp\/v2\/product\/132","targetHints":{"allow":["GET"]}}],"collection":[{"href":"https:\/\/www.dasmachinery.com\/pt\/wp-json\/wp\/v2\/product"}],"about":[{"href":"https:\/\/www.dasmachinery.com\/pt\/wp-json\/wp\/v2\/types\/product"}],"version-history":[{"count":4,"href":"https:\/\/www.dasmachinery.com\/pt\/wp-json\/wp\/v2\/product\/132\/revisions"}],"predecessor-version":[{"id":997,"href":"https:\/\/www.dasmachinery.com\/pt\/wp-json\/wp\/v2\/product\/132\/revisions\/997"}],"wp:featuredmedia":[{"embeddable":true,"href":"https:\/\/www.dasmachinery.com\/pt\/wp-json\/wp\/v2\/media\/319"}],"wp:attachment":[{"href":"https:\/\/www.dasmachinery.com\/pt\/wp-json\/wp\/v2\/media?parent=132"}],"wp:term":[{"taxonomy":"product_cat","embeddable":true,"href":"https:\/\/www.dasmachinery.com\/pt\/wp-json\/wp\/v2\/product_cat?post=132"},{"taxonomy":"product_tag","embeddable":true,"href":"https:\/\/www.dasmachinery.com\/pt\/wp-json\/wp\/v2\/product_tag?post=132"}],"curies":[{"name":"wp","href":"https:\/\/api.w.org\/{rel}","templated":true}]}}