{"id":335,"date":"2024-09-23T16:41:09","date_gmt":"2024-09-23T08:41:09","guid":{"rendered":"https:\/\/dasmachinery.com\/?post_type=product&#038;p=335"},"modified":"2025-10-30T14:32:25","modified_gmt":"2025-10-30T06:32:25","slug":"dual-spindle-dual-y-axis-cnc-swiss-lathe-with-side-and-end-milling-function-ds-20z-dy","status":"publish","type":"product","link":"https:\/\/www.dasmachinery.com\/pt\/produto\/dual-spindle-dual-y-axis-cnc-swiss-lathe-with-side-and-end-milling-function-ds-20z-dy\/","title":{"rendered":"Torno CNC tipo su\u00ed\u00e7o com eixo Y duplo e fresamento lateral e frontal."},"content":{"rendered":"<p>Equipada com usinagem auxiliar de eixo Y duplo, oferece alta velocidade, alto torque e desempenho potente, lidando sem esfor\u00e7o com pe\u00e7as complexas que exigem alta precis\u00e3o.<\/p>\n<p><img fetchpriority=\"high\" decoding=\"async\" class=\"aligncenter size-full wp-image-315\" src=\"https:\/\/dasmachinery.com\/wp-content\/uploads\/2024\/09\/DS-20Z-DY.jpg\" alt=\"\" width=\"1500\" height=\"1500\" srcset=\"https:\/\/www.dasmachinery.com\/wp-content\/uploads\/2024\/09\/DS-20Z-DY.jpg 1500w, https:\/\/www.dasmachinery.com\/wp-content\/uploads\/2024\/09\/DS-20Z-DY-300x300.jpg 300w, https:\/\/www.dasmachinery.com\/wp-content\/uploads\/2024\/09\/DS-20Z-DY-150x150.jpg 150w, https:\/\/www.dasmachinery.com\/wp-content\/uploads\/2024\/09\/DS-20Z-DY-600x600.jpg 600w, https:\/\/www.dasmachinery.com\/wp-content\/uploads\/2024\/09\/DS-20Z-DY-1024x1024.jpg 1024w, https:\/\/www.dasmachinery.com\/wp-content\/uploads\/2024\/09\/DS-20Z-DY-768x768.jpg 768w\" sizes=\"(max-width: 1500px) 100vw, 1500px\" \/><\/p>","protected":false},"excerpt":{"rendered":"<p>Com usinagem auxiliar de eixo Y duplo, oferece alta velocidade, alto torque e desempenho potente, lidando sem esfor\u00e7o com pe\u00e7as complexas e exigentes.<\/p>","protected":false},"featured_media":315,"template":"","meta":{"content-type":""},"product_cat":[29],"product_tag":[],"class_list":{"0":"post-335","1":"product","2":"type-product","3":"status-publish","4":"has-post-thumbnail","6":"product_cat-swiss-type-cnc-lathe","8":"first","9":"instock","10":"shipping-taxable","11":"product-type-simple"},"yoast_head":"<!-- This site is optimized with the Yoast SEO Premium plugin v22.6 (Yoast SEO v23.4) - https:\/\/yoast.com\/wordpress\/plugins\/seo\/ -->\n<title>Double Y-axis Swiss Lathe CNC Machine with Side &amp; End Milling - Foshan Shunde Guoqiang Daosheng Industrial Co., Ltd<\/title>\n<meta name=\"description\" content=\"DAS swiss type series cnc lathe machine automated configuration DS-20Z-DY, with 8000 rpm turning speed suitable for machining complex, slender metal parts.\" \/>\n<meta name=\"robots\" content=\"index, follow, max-snippet:-1, max-image-preview:large, max-video-preview:-1\" \/>\n<link rel=\"canonical\" href=\"https:\/\/www.dasmachinery.com\/pt\/produto\/dual-spindle-dual-y-axis-cnc-swiss-lathe-with-side-and-end-milling-function-ds-20z-dy\/\" \/>\n<meta property=\"og:locale\" content=\"pt_PT\" \/>\n<meta property=\"og:type\" content=\"article\" \/>\n<meta property=\"og:title\" content=\"Double Y-axis Swiss Lathe CNC Machine with Side &amp; End Milling\" \/>\n<meta property=\"og:description\" content=\"DAS swiss type series cnc lathe machine automated configuration DS-20Z-DY, with 8000 rpm turning speed suitable for machining complex, slender metal parts.\" \/>\n<meta property=\"og:url\" content=\"https:\/\/www.dasmachinery.com\/pt\/produto\/dual-spindle-dual-y-axis-cnc-swiss-lathe-with-side-and-end-milling-function-ds-20z-dy\/\" \/>\n<meta property=\"og:site_name\" content=\"Foshan Shunde Guoqiang Daosheng Industrial Co., Ltd\" \/>\n<meta property=\"article:modified_time\" content=\"2025-10-30T06:32:25+00:00\" \/>\n<meta property=\"og:image\" content=\"https:\/\/www.dasmachinery.com\/wp-content\/uploads\/2024\/09\/DS-20Z-DY.jpg\" \/>\n\t<meta property=\"og:image:width\" content=\"1500\" \/>\n\t<meta property=\"og:image:height\" content=\"1500\" \/>\n\t<meta property=\"og:image:type\" content=\"image\/jpeg\" \/>\n<meta name=\"twitter:card\" content=\"summary_large_image\" \/>\n<meta name=\"twitter:label1\" content=\"Tempo estimado de leitura\" \/>\n\t<meta name=\"twitter:data1\" content=\"1 minuto\" \/>\n<script type=\"application\/ld+json\" class=\"yoast-schema-graph\">{\"@context\":\"https:\/\/schema.org\",\"@graph\":[{\"@type\":\"WebPage\",\"@id\":\"https:\/\/www.dasmachinery.com\/product\/dual-spindle-dual-y-axis-cnc-swiss-lathe-with-side-and-end-milling-function-ds-20z-dy\/\",\"url\":\"https:\/\/www.dasmachinery.com\/product\/dual-spindle-dual-y-axis-cnc-swiss-lathe-with-side-and-end-milling-function-ds-20z-dy\/\",\"name\":\"Double Y-axis Swiss Lathe CNC Machine with Side & End Milling - Foshan Shunde Guoqiang Daosheng Industrial Co., Ltd\",\"isPartOf\":{\"@id\":\"https:\/\/www.dasmachinery.com\/#website\"},\"primaryImageOfPage\":{\"@id\":\"https:\/\/www.dasmachinery.com\/product\/dual-spindle-dual-y-axis-cnc-swiss-lathe-with-side-and-end-milling-function-ds-20z-dy\/#primaryimage\"},\"image\":{\"@id\":\"https:\/\/www.dasmachinery.com\/product\/dual-spindle-dual-y-axis-cnc-swiss-lathe-with-side-and-end-milling-function-ds-20z-dy\/#primaryimage\"},\"thumbnailUrl\":\"https:\/\/www.dasmachinery.com\/wp-content\/uploads\/2024\/09\/DS-20Z-DY.jpg\",\"datePublished\":\"2024-09-23T08:41:09+00:00\",\"dateModified\":\"2025-10-30T06:32:25+00:00\",\"description\":\"DAS swiss type series cnc lathe machine automated configuration DS-20Z-DY, with 8000 rpm turning speed suitable for machining complex, slender metal parts.\",\"breadcrumb\":{\"@id\":\"https:\/\/www.dasmachinery.com\/product\/dual-spindle-dual-y-axis-cnc-swiss-lathe-with-side-and-end-milling-function-ds-20z-dy\/#breadcrumb\"},\"inLanguage\":\"pt-PT\",\"potentialAction\":[{\"@type\":\"ReadAction\",\"target\":[\"https:\/\/www.dasmachinery.com\/product\/dual-spindle-dual-y-axis-cnc-swiss-lathe-with-side-and-end-milling-function-ds-20z-dy\/\"]}]},{\"@type\":\"ImageObject\",\"inLanguage\":\"pt-PT\",\"@id\":\"https:\/\/www.dasmachinery.com\/product\/dual-spindle-dual-y-axis-cnc-swiss-lathe-with-side-and-end-milling-function-ds-20z-dy\/#primaryimage\",\"url\":\"https:\/\/www.dasmachinery.com\/wp-content\/uploads\/2024\/09\/DS-20Z-DY.jpg\",\"contentUrl\":\"https:\/\/www.dasmachinery.com\/wp-content\/uploads\/2024\/09\/DS-20Z-DY.jpg\",\"width\":1500,\"height\":1500,\"caption\":\"High speed swiss type cnc lathe for metal machining\"},{\"@type\":\"BreadcrumbList\",\"@id\":\"https:\/\/www.dasmachinery.com\/product\/dual-spindle-dual-y-axis-cnc-swiss-lathe-with-side-and-end-milling-function-ds-20z-dy\/#breadcrumb\",\"itemListElement\":[{\"@type\":\"ListItem\",\"position\":1,\"name\":\"\u9996\u9875\",\"item\":\"https:\/\/www.dasmachinery.com\/\"},{\"@type\":\"ListItem\",\"position\":2,\"name\":\"PRODUCTS\",\"item\":\"https:\/\/www.dasmachinery.com\/products\/\"},{\"@type\":\"ListItem\",\"position\":3,\"name\":\"Double Y-axis Swiss Lathe CNC Machine with Side &#038; End Milling\"}]},{\"@type\":\"WebSite\",\"@id\":\"https:\/\/www.dasmachinery.com\/#website\",\"url\":\"https:\/\/www.dasmachinery.com\/\",\"name\":\"Foshan Shunde Guoqiang Daosheng Industrial Co., Ltd\",\"description\":\"Our products are widely used in the manufacture of cars accessories, motorcycles accessories, electronic industry, optical instruments, clocks and watches as well as special motors etc.We have precision processing equipmentand top brand in precision detection equipment.\",\"publisher\":{\"@id\":\"https:\/\/www.dasmachinery.com\/#organization\"},\"potentialAction\":[{\"@type\":\"SearchAction\",\"target\":{\"@type\":\"EntryPoint\",\"urlTemplate\":\"https:\/\/www.dasmachinery.com\/?s={search_term_string}\"},\"query-input\":{\"@type\":\"PropertyValueSpecification\",\"valueRequired\":true,\"valueName\":\"search_term_string\"}}],\"inLanguage\":\"pt-PT\"},{\"@type\":\"Organization\",\"@id\":\"https:\/\/www.dasmachinery.com\/#organization\",\"name\":\"Foshan Shunde Guoqiang Daosheng Industrial Co., Ltd\",\"url\":\"https:\/\/www.dasmachinery.com\/\",\"logo\":{\"@type\":\"ImageObject\",\"inLanguage\":\"pt-PT\",\"@id\":\"https:\/\/www.dasmachinery.com\/#\/schema\/logo\/image\/\",\"url\":\"https:\/\/dasmachinery.com\/wp-content\/uploads\/2024\/09\/logo-2.png\",\"contentUrl\":\"https:\/\/dasmachinery.com\/wp-content\/uploads\/2024\/09\/logo-2.png\",\"width\":350,\"height\":350,\"caption\":\"Foshan Shunde Guoqiang Daosheng Industrial Co., Ltd\"},\"image\":{\"@id\":\"https:\/\/www.dasmachinery.com\/#\/schema\/logo\/image\/\"}}]}<\/script>\n<!-- \/ Yoast SEO Premium plugin. -->","yoast_head_json":{"title":"Double Y-axis Swiss Lathe CNC Machine with Side & End Milling - Foshan Shunde Guoqiang Daosheng Industrial Co., Ltd","description":"DAS swiss type series cnc lathe machine automated configuration DS-20Z-DY, with 8000 rpm turning speed suitable for machining complex, slender metal parts.","robots":{"index":"index","follow":"follow","max-snippet":"max-snippet:-1","max-image-preview":"max-image-preview:large","max-video-preview":"max-video-preview:-1"},"canonical":"https:\/\/www.dasmachinery.com\/pt\/produto\/dual-spindle-dual-y-axis-cnc-swiss-lathe-with-side-and-end-milling-function-ds-20z-dy\/","og_locale":"pt_PT","og_type":"article","og_title":"Double Y-axis Swiss Lathe CNC Machine with Side & End Milling","og_description":"DAS swiss type series cnc lathe machine automated configuration DS-20Z-DY, with 8000 rpm turning speed suitable for machining complex, slender metal parts.","og_url":"https:\/\/www.dasmachinery.com\/pt\/produto\/dual-spindle-dual-y-axis-cnc-swiss-lathe-with-side-and-end-milling-function-ds-20z-dy\/","og_site_name":"Foshan Shunde Guoqiang Daosheng Industrial Co., Ltd","article_modified_time":"2025-10-30T06:32:25+00:00","og_image":[{"width":1500,"height":1500,"url":"https:\/\/www.dasmachinery.com\/wp-content\/uploads\/2024\/09\/DS-20Z-DY.jpg","type":"image\/jpeg"}],"twitter_card":"summary_large_image","twitter_misc":{"Tempo estimado de leitura":"1 minuto"},"schema":{"@context":"https:\/\/schema.org","@graph":[{"@type":"WebPage","@id":"https:\/\/www.dasmachinery.com\/product\/dual-spindle-dual-y-axis-cnc-swiss-lathe-with-side-and-end-milling-function-ds-20z-dy\/","url":"https:\/\/www.dasmachinery.com\/product\/dual-spindle-dual-y-axis-cnc-swiss-lathe-with-side-and-end-milling-function-ds-20z-dy\/","name":"Double Y-axis Swiss Lathe CNC Machine with Side & End Milling - Foshan Shunde Guoqiang Daosheng Industrial Co., Ltd","isPartOf":{"@id":"https:\/\/www.dasmachinery.com\/#website"},"primaryImageOfPage":{"@id":"https:\/\/www.dasmachinery.com\/product\/dual-spindle-dual-y-axis-cnc-swiss-lathe-with-side-and-end-milling-function-ds-20z-dy\/#primaryimage"},"image":{"@id":"https:\/\/www.dasmachinery.com\/product\/dual-spindle-dual-y-axis-cnc-swiss-lathe-with-side-and-end-milling-function-ds-20z-dy\/#primaryimage"},"thumbnailUrl":"https:\/\/www.dasmachinery.com\/wp-content\/uploads\/2024\/09\/DS-20Z-DY.jpg","datePublished":"2024-09-23T08:41:09+00:00","dateModified":"2025-10-30T06:32:25+00:00","description":"DAS swiss type series cnc lathe machine automated configuration DS-20Z-DY, with 8000 rpm turning speed suitable for machining complex, slender metal parts.","breadcrumb":{"@id":"https:\/\/www.dasmachinery.com\/product\/dual-spindle-dual-y-axis-cnc-swiss-lathe-with-side-and-end-milling-function-ds-20z-dy\/#breadcrumb"},"inLanguage":"pt-PT","potentialAction":[{"@type":"ReadAction","target":["https:\/\/www.dasmachinery.com\/product\/dual-spindle-dual-y-axis-cnc-swiss-lathe-with-side-and-end-milling-function-ds-20z-dy\/"]}]},{"@type":"ImageObject","inLanguage":"pt-PT","@id":"https:\/\/www.dasmachinery.com\/product\/dual-spindle-dual-y-axis-cnc-swiss-lathe-with-side-and-end-milling-function-ds-20z-dy\/#primaryimage","url":"https:\/\/www.dasmachinery.com\/wp-content\/uploads\/2024\/09\/DS-20Z-DY.jpg","contentUrl":"https:\/\/www.dasmachinery.com\/wp-content\/uploads\/2024\/09\/DS-20Z-DY.jpg","width":1500,"height":1500,"caption":"High speed swiss type cnc lathe for metal machining"},{"@type":"BreadcrumbList","@id":"https:\/\/www.dasmachinery.com\/product\/dual-spindle-dual-y-axis-cnc-swiss-lathe-with-side-and-end-milling-function-ds-20z-dy\/#breadcrumb","itemListElement":[{"@type":"ListItem","position":1,"name":"\u9996\u9875","item":"https:\/\/www.dasmachinery.com\/"},{"@type":"ListItem","position":2,"name":"PRODUCTS","item":"https:\/\/www.dasmachinery.com\/products\/"},{"@type":"ListItem","position":3,"name":"Double Y-axis Swiss Lathe CNC Machine with Side &#038; End Milling"}]},{"@type":"WebSite","@id":"https:\/\/www.dasmachinery.com\/#website","url":"https:\/\/www.dasmachinery.com\/","name":"Foshan Shunde Guoqiang Daosheng Industrial Co., Ltd","description":"Our products are widely used in the manufacture of cars accessories, motorcycles accessories, electronic industry, optical instruments, clocks and watches as well as special motors etc.We have precision processing equipmentand top brand in precision detection equipment.","publisher":{"@id":"https:\/\/www.dasmachinery.com\/#organization"},"potentialAction":[{"@type":"SearchAction","target":{"@type":"EntryPoint","urlTemplate":"https:\/\/www.dasmachinery.com\/?s={search_term_string}"},"query-input":{"@type":"PropertyValueSpecification","valueRequired":true,"valueName":"search_term_string"}}],"inLanguage":"pt-PT"},{"@type":"Organization","@id":"https:\/\/www.dasmachinery.com\/#organization","name":"Foshan Shunde Guoqiang Daosheng Industrial Co., Ltd","url":"https:\/\/www.dasmachinery.com\/","logo":{"@type":"ImageObject","inLanguage":"pt-PT","@id":"https:\/\/www.dasmachinery.com\/#\/schema\/logo\/image\/","url":"https:\/\/dasmachinery.com\/wp-content\/uploads\/2024\/09\/logo-2.png","contentUrl":"https:\/\/dasmachinery.com\/wp-content\/uploads\/2024\/09\/logo-2.png","width":350,"height":350,"caption":"Foshan Shunde Guoqiang Daosheng Industrial Co., Ltd"},"image":{"@id":"https:\/\/www.dasmachinery.com\/#\/schema\/logo\/image\/"}}]}},"_links":{"self":[{"href":"https:\/\/www.dasmachinery.com\/pt\/wp-json\/wp\/v2\/product\/335","targetHints":{"allow":["GET"]}}],"collection":[{"href":"https:\/\/www.dasmachinery.com\/pt\/wp-json\/wp\/v2\/product"}],"about":[{"href":"https:\/\/www.dasmachinery.com\/pt\/wp-json\/wp\/v2\/types\/product"}],"version-history":[{"count":3,"href":"https:\/\/www.dasmachinery.com\/pt\/wp-json\/wp\/v2\/product\/335\/revisions"}],"predecessor-version":[{"id":1011,"href":"https:\/\/www.dasmachinery.com\/pt\/wp-json\/wp\/v2\/product\/335\/revisions\/1011"}],"wp:featuredmedia":[{"embeddable":true,"href":"https:\/\/www.dasmachinery.com\/pt\/wp-json\/wp\/v2\/media\/315"}],"wp:attachment":[{"href":"https:\/\/www.dasmachinery.com\/pt\/wp-json\/wp\/v2\/media?parent=335"}],"wp:term":[{"taxonomy":"product_cat","embeddable":true,"href":"https:\/\/www.dasmachinery.com\/pt\/wp-json\/wp\/v2\/product_cat?post=335"},{"taxonomy":"product_tag","embeddable":true,"href":"https:\/\/www.dasmachinery.com\/pt\/wp-json\/wp\/v2\/product_tag?post=335"}],"curies":[{"name":"wp","href":"https:\/\/api.w.org\/{rel}","templated":true}]}}