{"id":93,"date":"2024-09-06T10:22:17","date_gmt":"2024-09-06T02:22:17","guid":{"rendered":"https:\/\/dasmachinery.com\/?post_type=product&#038;p=93"},"modified":"2026-05-05T11:31:11","modified_gmt":"2026-05-05T03:31:11","slug":"das-cnc-turning-lathe-for-sale-gang-type-slant-bed-machine-for-metal-machining","status":"publish","type":"product","link":"https:\/\/www.dasmachinery.com\/pt\/produto\/das-cnc-turning-lathe-for-sale-gang-type-slant-bed-machine-for-metal-machining\/","title":{"rendered":"Torno CNC horizontal autom\u00e1tico DAS 46C"},"content":{"rendered":"<p style=\"text-align: left;\">Opera\u00e7\u00e3o e remo\u00e7\u00e3o de chips mais convenientes, baixa resist\u00eancia, alta rigidez, tempo de processamento curto, alta efici\u00eancia, excelente dissipa\u00e7\u00e3o de calor e opera\u00e7\u00e3o mais est\u00e1vel.<\/p>\n<p><img fetchpriority=\"high\" decoding=\"async\" class=\"size-full wp-image-1023 alignleft\" src=\"https:\/\/www.dasmachinery.com\/wp-content\/uploads\/2024\/09\/CNC46C\u4e3b\u56fe1.png\" alt=\"slant bed cnc lathe machine\" width=\"1000\" height=\"1000\" srcset=\"https:\/\/www.dasmachinery.com\/wp-content\/uploads\/2024\/09\/CNC46C\u4e3b\u56fe1.png 1000w, https:\/\/www.dasmachinery.com\/wp-content\/uploads\/2024\/09\/CNC46C\u4e3b\u56fe1-300x300.png 300w, https:\/\/www.dasmachinery.com\/wp-content\/uploads\/2024\/09\/CNC46C\u4e3b\u56fe1-150x150.png 150w, https:\/\/www.dasmachinery.com\/wp-content\/uploads\/2024\/09\/CNC46C\u4e3b\u56fe1-768x768.png 768w, https:\/\/www.dasmachinery.com\/wp-content\/uploads\/2024\/09\/CNC46C\u4e3b\u56fe1-12x12.png 12w, https:\/\/www.dasmachinery.com\/wp-content\/uploads\/2024\/09\/CNC46C\u4e3b\u56fe1-600x600.png 600w\" sizes=\"(max-width: 1000px) 100vw, 1000px\" \/><\/p>\n<p>&nbsp;<\/p>\n<p><!--more--><\/p>\n<h2>Especifica\u00e7\u00f5es do produto<\/h2>\n<table style=\"height: 1512px;\" width=\"1019\">\n<tbody>\n<tr>\n<td width=\"172\"><strong><b>Item<\/b><\/strong><\/td>\n<td width=\"46\">\n<p style=\"text-align: left;\"><strong><b>Unidade<\/b><\/strong><\/p>\n<\/td>\n<td width=\"174\">\n<p style=\"text-align: left;\"><strong><b>CNC36C<\/b><\/strong><\/p>\n<\/td>\n<td width=\"167\">\n<p style=\"text-align: left;\"><strong><b>CNC46C<\/b><\/strong><\/p>\n<\/td>\n<\/tr>\n<tr>\n<td width=\"172\">Di\u00e2metro m\u00e1ximo de oscila\u00e7\u00e3o<\/td>\n<td width=\"46\">mm<\/td>\n<td width=\"174\">\u03a6400<\/td>\n<td width=\"167\">\u03a6400<\/td>\n<\/tr>\n<tr>\n<td width=\"172\">Di\u00e2metro m\u00e1ximo do processo<\/td>\n<td width=\"46\">mm<\/td>\n<td width=\"174\">\u03a6400<\/td>\n<td width=\"167\">\u03a6400<\/td>\n<\/tr>\n<tr>\n<td width=\"172\">Dura\u00e7\u00e3o m\u00e1xima do processo<\/td>\n<td width=\"46\">mm<\/td>\n<td width=\"174\">220<\/td>\n<td width=\"167\">220<\/td>\n<\/tr>\n<tr>\n<td width=\"172\">Nariz de fuso<\/td>\n<td width=\"46\">&#8211;<\/td>\n<td width=\"174\">A2-4<\/td>\n<td width=\"167\">A2-5<\/td>\n<\/tr>\n<tr>\n<td width=\"172\">Velocidade do fuso<\/td>\n<td width=\"46\">r\/min<\/td>\n<td width=\"174\">0-4500 (Configura\u00e7\u00e3o de f\u00e1brica)<\/td>\n<td width=\"167\">\n<p style=\"text-align: left;\">0-4500 (Configura\u00e7\u00e3o de f\u00e1brica)<\/p>\n<\/td>\n<\/tr>\n<tr>\n<td width=\"172\">Furo do eixo<\/td>\n<td width=\"46\">mm<\/td>\n<td width=\"174\">\u03c646<\/td>\n<td width=\"167\">\u03c656<\/td>\n<\/tr>\n<tr>\n<td width=\"172\">Pot\u00eancia do motor do fuso<\/td>\n<td width=\"46\">kW<\/td>\n<td width=\"174\">5.5<\/td>\n<td width=\"167\">7.5<\/td>\n<\/tr>\n<tr>\n<td width=\"172\">Instala\u00e7\u00e3o de ferramentas<\/td>\n<td width=\"46\">&#8211;<\/td>\n<td width=\"174\">Tipo de gangue<\/td>\n<td width=\"167\">Tipo de gangue<\/td>\n<\/tr>\n<tr>\n<td width=\"172\">N\u00famero m\u00e1ximo de ferramentas<\/td>\n<td width=\"46\">pe\u00e7as<\/td>\n<td width=\"174\">8<\/td>\n<td width=\"167\">8<\/td>\n<\/tr>\n<tr>\n<td width=\"172\">Curso efetivo nos eixos X\/Z<\/td>\n<td width=\"46\">mm<\/td>\n<td width=\"174\">750\/280<\/td>\n<td width=\"167\">750\/280<\/td>\n<\/tr>\n<tr>\n<td width=\"172\">Pot\u00eancia do motor do eixo X\/Z<\/td>\n<td width=\"46\">kW<\/td>\n<td width=\"174\">0.85\/1.3<\/td>\n<td width=\"167\">1.3\/1.3<\/td>\n<\/tr>\n<tr>\n<td width=\"172\"><\/td>\n<td width=\"46\"><\/td>\n<td width=\"174\"><\/td>\n<td width=\"167\"><\/td>\n<\/tr>\n<tr>\n<td width=\"172\">Tamanho do mandril<\/td>\n<td width=\"46\">polegada<\/td>\n<td width=\"174\">5&#8243;<\/td>\n<td width=\"167\">6&#8243;<\/td>\n<\/tr>\n<tr>\n<td width=\"172\">Di\u00e2metro m\u00e1ximo da barra pass\u00e1vel<\/td>\n<td width=\"46\">mm<\/td>\n<td width=\"174\">\u03c635<\/td>\n<td width=\"167\">\u03c645<\/td>\n<\/tr>\n<tr>\n<td width=\"172\">Curso de usinagem nos eixos X\/Z<\/td>\n<td width=\"46\">mm<\/td>\n<td width=\"174\">720\/250<\/td>\n<td width=\"167\">720\/250<\/td>\n<\/tr>\n<tr>\n<td width=\"172\">Altura central<\/td>\n<td width=\"46\">mm<\/td>\n<td width=\"174\">56<\/td>\n<td width=\"167\">56<\/td>\n<\/tr>\n<tr>\n<td width=\"172\">Suporte de ferramentas quadrado<\/td>\n<td width=\"46\">mm<\/td>\n<td width=\"174\">20\u00d720<\/td>\n<td width=\"167\">20\u00d720<\/td>\n<\/tr>\n<tr>\n<td width=\"172\">Suporte para ferramenta com orif\u00edcio redondo<\/td>\n<td width=\"46\">mm<\/td>\n<td width=\"174\">\u03c620<\/td>\n<td width=\"167\">\u03c620<\/td>\n<\/tr>\n<tr>\n<td width=\"172\">Velocidade de movimento r\u00e1pida nos eixos X\/Z<\/td>\n<td width=\"46\">m\/min<\/td>\n<td width=\"174\">26\/26 (Configura\u00e7\u00e3o de f\u00e1brica)<\/td>\n<td width=\"167\">26\/26 (Configura\u00e7\u00e3o de f\u00e1brica)<\/td>\n<\/tr>\n<tr>\n<td width=\"172\">Pot\u00eancia da m\u00e1quina<\/td>\n<td width=\"46\">kW<\/td>\n<td width=\"174\">10<\/td>\n<td width=\"167\">12<\/td>\n<\/tr>\n<tr>\n<td width=\"172\">Peso l\u00edquido<\/td>\n<td width=\"46\">kg<\/td>\n<td width=\"174\">2800<\/td>\n<td width=\"167\">2900<\/td>\n<\/tr>\n<tr>\n<td width=\"172\">Dimens\u00f5es da m\u00e1quina (C\u00d7L\u00d7A)<\/td>\n<td width=\"46\">mm<\/td>\n<td width=\"174\">2200\u00d71350\u00d71760<\/td>\n<td width=\"167\">2200\u00d71350\u00d71760<\/td>\n<\/tr>\n<tr>\n<td width=\"172\">Dimens\u00f5es da embalagem (C\u00d7L\u00d7A)<\/td>\n<td width=\"46\">mm<\/td>\n<td width=\"174\">2300\u00d71500\u00d72100<\/td>\n<td width=\"167\">2300\u00d71500\u00d72100<\/td>\n<\/tr>\n<\/tbody>\n<\/table>\n<h2>Vis\u00e3o geral da empresa<\/h2>\n<p><img decoding=\"async\" class=\"alignleft wp-image-1027 size-large\" src=\"https:\/\/www.dasmachinery.com\/wp-content\/uploads\/2024\/09\/\u8be6\u60c52024_03-1024x1016.jpg\" alt=\"DAS cnc machine company introduction\" width=\"1024\" height=\"1016\" srcset=\"https:\/\/www.dasmachinery.com\/wp-content\/uploads\/2024\/09\/\u8be6\u60c52024_03-1024x1016.jpg 1024w, https:\/\/www.dasmachinery.com\/wp-content\/uploads\/2024\/09\/\u8be6\u60c52024_03-300x298.jpg 300w, https:\/\/www.dasmachinery.com\/wp-content\/uploads\/2024\/09\/\u8be6\u60c52024_03-150x149.jpg 150w, https:\/\/www.dasmachinery.com\/wp-content\/uploads\/2024\/09\/\u8be6\u60c52024_03-768x762.jpg 768w, https:\/\/www.dasmachinery.com\/wp-content\/uploads\/2024\/09\/\u8be6\u60c52024_03-1536x1525.jpg 1536w, https:\/\/www.dasmachinery.com\/wp-content\/uploads\/2024\/09\/\u8be6\u60c52024_03-2048x2033.jpg 2048w, https:\/\/www.dasmachinery.com\/wp-content\/uploads\/2024\/09\/\u8be6\u60c52024_03-12x12.jpg 12w, https:\/\/www.dasmachinery.com\/wp-content\/uploads\/2024\/09\/\u8be6\u60c52024_03-600x596.jpg 600w\" sizes=\"(max-width: 1024px) 100vw, 1024px\" \/><\/p>\n<p><img decoding=\"async\" class=\"alignleft wp-image-1028\" src=\"https:\/\/www.dasmachinery.com\/wp-content\/uploads\/2024\/09\/\u8be6\u60c52024_05-scaled.jpg\" alt=\"DAS cnc machine company overview\" width=\"1024\" height=\"1247\" srcset=\"https:\/\/www.dasmachinery.com\/wp-content\/uploads\/2024\/09\/\u8be6\u60c52024_05-scaled.jpg 2102w, https:\/\/www.dasmachinery.com\/wp-content\/uploads\/2024\/09\/\u8be6\u60c52024_05-246x300.jpg 246w, https:\/\/www.dasmachinery.com\/wp-content\/uploads\/2024\/09\/\u8be6\u60c52024_05-841x1024.jpg 841w, https:\/\/www.dasmachinery.com\/wp-content\/uploads\/2024\/09\/\u8be6\u60c52024_05-768x935.jpg 768w, https:\/\/www.dasmachinery.com\/wp-content\/uploads\/2024\/09\/\u8be6\u60c52024_05-1261x1536.jpg 1261w, https:\/\/www.dasmachinery.com\/wp-content\/uploads\/2024\/09\/\u8be6\u60c52024_05-1682x2048.jpg 1682w, https:\/\/www.dasmachinery.com\/wp-content\/uploads\/2024\/09\/\u8be6\u60c52024_05-10x12.jpg 10w, https:\/\/www.dasmachinery.com\/wp-content\/uploads\/2024\/09\/\u8be6\u60c52024_05-600x731.jpg 600w, https:\/\/www.dasmachinery.com\/wp-content\/uploads\/2024\/09\/\u8be6\u60c52024_05-150x183.jpg 150w\" sizes=\"(max-width: 1024px) 100vw, 1024px\" \/><\/p>\n<p><img loading=\"lazy\" decoding=\"async\" class=\"alignleft wp-image-1029\" src=\"https:\/\/www.dasmachinery.com\/wp-content\/uploads\/2024\/09\/\u8be6\u60c52024_04-scaled.jpg\" alt=\"DAS cnc machine company's certifications and honors\" width=\"1024\" height=\"1425\" srcset=\"https:\/\/www.dasmachinery.com\/wp-content\/uploads\/2024\/09\/\u8be6\u60c52024_04-scaled.jpg 1839w, https:\/\/www.dasmachinery.com\/wp-content\/uploads\/2024\/09\/\u8be6\u60c52024_04-215x300.jpg 215w, https:\/\/www.dasmachinery.com\/wp-content\/uploads\/2024\/09\/\u8be6\u60c52024_04-735x1024.jpg 735w, https:\/\/www.dasmachinery.com\/wp-content\/uploads\/2024\/09\/\u8be6\u60c52024_04-768x1069.jpg 768w, https:\/\/www.dasmachinery.com\/wp-content\/uploads\/2024\/09\/\u8be6\u60c52024_04-1103x1536.jpg 1103w, https:\/\/www.dasmachinery.com\/wp-content\/uploads\/2024\/09\/\u8be6\u60c52024_04-1471x2048.jpg 1471w, https:\/\/www.dasmachinery.com\/wp-content\/uploads\/2024\/09\/\u8be6\u60c52024_04-9x12.jpg 9w, https:\/\/www.dasmachinery.com\/wp-content\/uploads\/2024\/09\/\u8be6\u60c52024_04-600x835.jpg 600w, https:\/\/www.dasmachinery.com\/wp-content\/uploads\/2024\/09\/\u8be6\u60c52024_04-150x209.jpg 150w\" sizes=\"(max-width: 1024px) 100vw, 1024px\" \/><\/p>","protected":false},"excerpt":{"rendered":"<ul>\n<li>O posicionamento inclinado do carro do torno CNC e o tipo de conjunto facilitam a opera\u00e7\u00e3o da m\u00e1quina-ferramenta e a remo\u00e7\u00e3o de cavacos. O CNC 36C\/46C apresenta um design agrad\u00e1vel e ocupa menos espa\u00e7o.<\/li>\n<li>Uma pin\u00e7a hidr\u00e1ulica de tr\u00eas garras de \u03c6160 ou outra bra\u00e7adeira el\u00e1stica pode ser montada diretamente no flange do eixo principal.<\/li>\n<li>A parte de acionamento da m\u00e1quina-ferramenta utiliza fuso de esferas de alta precis\u00e3o classe P3 da HIWIN\/PMI e trilho deslizante linear de alta velocidade.<\/li>\n<\/ul>\n<p style=\"padding-left: 40px;\">Marca famosa de Taiwan, equipada com sistema de lubrifica\u00e7\u00e3o autom\u00e1tica computadorizada para lubrifica\u00e7\u00e3o for\u00e7ada de guias lineares.<\/p>\n<p style=\"padding-left: 40px;\">Trilho e fuso com rolamento de esferas. Para os eixos X e Z, s\u00e3o adotados trilhos deslizantes lineares de alta rigidez com espa\u00e7amento otimizado entre os trilhos.<\/p>\n<p style=\"padding-left: 40px;\">por meio de c\u00e1lculos. Com baixa resist\u00eancia, alta rigidez e alta precis\u00e3o, a velocidade de deslocamento pode atingir at\u00e9 26 m\/min, melhorando assim a efici\u00eancia do trabalho e reduzindo o tempo de processamento.<\/p>\n<ul>\n<li>Tipo de fixa\u00e7\u00e3o da pe\u00e7a: Hidr\u00e1ulica<\/li>\n<li>Unidade de alimenta\u00e7\u00e3o hidr\u00e1ulica para m\u00e1quinas-ferramenta DAS, com reservat\u00f3rio de \u00f3leo de volume aumentado, melhor dissipa\u00e7\u00e3o de calor e opera\u00e7\u00e3o mais est\u00e1vel.<\/li>\n<\/ul>\n<p>&nbsp;<\/p>","protected":false},"featured_media":1023,"template":"","meta":{"content-type":""},"product_cat":[25],"product_tag":[45],"class_list":{"0":"post-93","1":"product","2":"type-product","3":"status-publish","4":"has-post-thumbnail","6":"product_cat-slant-bed-gang-type-cnc-lathe","7":"product_tag-cnc-lathe-machine","9":"first","10":"instock","11":"shipping-taxable","12":"product-type-simple"},"yoast_head":"<!-- This site is optimized with the Yoast SEO Premium plugin v22.6 (Yoast SEO v23.4) - https:\/\/yoast.com\/wordpress\/plugins\/seo\/ -->\n<title>DAS 46C Horizontal Automatic CNC Turning Lathe Machine - Foshan Shunde Guoqiang Daosheng Industrial Co., Ltd<\/title>\n<meta name=\"description\" content=\"DAS CNC Machine &quot;36C\/46C&quot; inclined placement of turning lathe carriage and gang type makes machine tool operation and chip removal more convenient.\" \/>\n<meta name=\"robots\" content=\"index, follow, max-snippet:-1, max-image-preview:large, max-video-preview:-1\" \/>\n<link rel=\"canonical\" href=\"https:\/\/www.dasmachinery.com\/pt\/produto\/das-cnc-turning-lathe-for-sale-gang-type-slant-bed-machine-for-metal-machining\/\" \/>\n<meta property=\"og:locale\" content=\"pt_PT\" \/>\n<meta property=\"og:type\" content=\"article\" \/>\n<meta property=\"og:title\" content=\"DAS 46C Horizontal Automatic CNC Turning Lathe Machine\" \/>\n<meta property=\"og:description\" content=\"DAS CNC Machine &quot;36C\/46C&quot; inclined placement of turning lathe carriage and gang type makes machine tool operation and chip removal more convenient.\" \/>\n<meta property=\"og:url\" content=\"https:\/\/www.dasmachinery.com\/pt\/produto\/das-cnc-turning-lathe-for-sale-gang-type-slant-bed-machine-for-metal-machining\/\" \/>\n<meta property=\"og:site_name\" content=\"Foshan Shunde Guoqiang Daosheng Industrial Co., Ltd\" \/>\n<meta property=\"article:modified_time\" content=\"2026-05-05T03:31:11+00:00\" \/>\n<meta property=\"og:image\" content=\"https:\/\/www.dasmachinery.com\/wp-content\/uploads\/2024\/09\/CNC46C\u4e3b\u56fe1.png\" \/>\n\t<meta property=\"og:image:width\" content=\"1000\" \/>\n\t<meta property=\"og:image:height\" content=\"1000\" \/>\n\t<meta property=\"og:image:type\" content=\"image\/png\" \/>\n<meta name=\"twitter:card\" content=\"summary_large_image\" \/>\n<meta name=\"twitter:label1\" content=\"Tempo estimado de leitura\" \/>\n\t<meta name=\"twitter:data1\" content=\"2 minutos\" \/>\n<script type=\"application\/ld+json\" class=\"yoast-schema-graph\">{\"@context\":\"https:\/\/schema.org\",\"@graph\":[{\"@type\":\"WebPage\",\"@id\":\"https:\/\/www.dasmachinery.com\/product\/das-cnc-turning-lathe-for-sale-gang-type-slant-bed-machine-for-metal-machining\/\",\"url\":\"https:\/\/www.dasmachinery.com\/product\/das-cnc-turning-lathe-for-sale-gang-type-slant-bed-machine-for-metal-machining\/\",\"name\":\"DAS 46C Horizontal Automatic CNC Turning Lathe Machine - Foshan Shunde Guoqiang Daosheng Industrial Co., Ltd\",\"isPartOf\":{\"@id\":\"https:\/\/www.dasmachinery.com\/#website\"},\"primaryImageOfPage\":{\"@id\":\"https:\/\/www.dasmachinery.com\/product\/das-cnc-turning-lathe-for-sale-gang-type-slant-bed-machine-for-metal-machining\/#primaryimage\"},\"image\":{\"@id\":\"https:\/\/www.dasmachinery.com\/product\/das-cnc-turning-lathe-for-sale-gang-type-slant-bed-machine-for-metal-machining\/#primaryimage\"},\"thumbnailUrl\":\"https:\/\/www.dasmachinery.com\/wp-content\/uploads\/2024\/09\/CNC46C\u4e3b\u56fe1.png\",\"datePublished\":\"2024-09-06T02:22:17+00:00\",\"dateModified\":\"2026-05-05T03:31:11+00:00\",\"description\":\"DAS CNC Machine \\\"36C\/46C\\\" inclined placement of turning lathe carriage and gang type makes machine tool operation and chip removal more convenient.\",\"breadcrumb\":{\"@id\":\"https:\/\/www.dasmachinery.com\/product\/das-cnc-turning-lathe-for-sale-gang-type-slant-bed-machine-for-metal-machining\/#breadcrumb\"},\"inLanguage\":\"pt-PT\",\"potentialAction\":[{\"@type\":\"ReadAction\",\"target\":[\"https:\/\/www.dasmachinery.com\/product\/das-cnc-turning-lathe-for-sale-gang-type-slant-bed-machine-for-metal-machining\/\"]}]},{\"@type\":\"ImageObject\",\"inLanguage\":\"pt-PT\",\"@id\":\"https:\/\/www.dasmachinery.com\/product\/das-cnc-turning-lathe-for-sale-gang-type-slant-bed-machine-for-metal-machining\/#primaryimage\",\"url\":\"https:\/\/www.dasmachinery.com\/wp-content\/uploads\/2024\/09\/CNC46C\u4e3b\u56fe1.png\",\"contentUrl\":\"https:\/\/www.dasmachinery.com\/wp-content\/uploads\/2024\/09\/CNC46C\u4e3b\u56fe1.png\",\"width\":1000,\"height\":1000,\"caption\":\"slant bed cnc lathe machine\"},{\"@type\":\"BreadcrumbList\",\"@id\":\"https:\/\/www.dasmachinery.com\/product\/das-cnc-turning-lathe-for-sale-gang-type-slant-bed-machine-for-metal-machining\/#breadcrumb\",\"itemListElement\":[{\"@type\":\"ListItem\",\"position\":1,\"name\":\"\u9996\u9875\",\"item\":\"https:\/\/www.dasmachinery.com\/\"},{\"@type\":\"ListItem\",\"position\":2,\"name\":\"PRODUCTS\",\"item\":\"https:\/\/www.dasmachinery.com\/products\/\"},{\"@type\":\"ListItem\",\"position\":3,\"name\":\"DAS 46C Horizontal Automatic CNC Turning Lathe Machine\"}]},{\"@type\":\"WebSite\",\"@id\":\"https:\/\/www.dasmachinery.com\/#website\",\"url\":\"https:\/\/www.dasmachinery.com\/\",\"name\":\"Foshan Shunde Guoqiang Daosheng Industrial Co., Ltd\",\"description\":\"Our products are widely used in the manufacture of cars accessories, motorcycles accessories, electronic industry, optical instruments, clocks and watches as well as special motors etc.We have precision processing equipmentand top brand in precision detection equipment.\",\"publisher\":{\"@id\":\"https:\/\/www.dasmachinery.com\/#organization\"},\"potentialAction\":[{\"@type\":\"SearchAction\",\"target\":{\"@type\":\"EntryPoint\",\"urlTemplate\":\"https:\/\/www.dasmachinery.com\/?s={search_term_string}\"},\"query-input\":{\"@type\":\"PropertyValueSpecification\",\"valueRequired\":true,\"valueName\":\"search_term_string\"}}],\"inLanguage\":\"pt-PT\"},{\"@type\":\"Organization\",\"@id\":\"https:\/\/www.dasmachinery.com\/#organization\",\"name\":\"Foshan Shunde Guoqiang Daosheng Industrial Co., Ltd\",\"url\":\"https:\/\/www.dasmachinery.com\/\",\"logo\":{\"@type\":\"ImageObject\",\"inLanguage\":\"pt-PT\",\"@id\":\"https:\/\/www.dasmachinery.com\/#\/schema\/logo\/image\/\",\"url\":\"https:\/\/dasmachinery.com\/wp-content\/uploads\/2024\/09\/logo-2.png\",\"contentUrl\":\"https:\/\/dasmachinery.com\/wp-content\/uploads\/2024\/09\/logo-2.png\",\"width\":350,\"height\":350,\"caption\":\"Foshan Shunde Guoqiang Daosheng Industrial Co., Ltd\"},\"image\":{\"@id\":\"https:\/\/www.dasmachinery.com\/#\/schema\/logo\/image\/\"}}]}<\/script>\n<!-- \/ Yoast SEO Premium plugin. -->","yoast_head_json":{"title":"DAS 46C Horizontal Automatic CNC Turning Lathe Machine - Foshan Shunde Guoqiang Daosheng Industrial Co., Ltd","description":"DAS CNC Machine \"36C\/46C\" inclined placement of turning lathe carriage and gang type makes machine tool operation and chip removal more convenient.","robots":{"index":"index","follow":"follow","max-snippet":"max-snippet:-1","max-image-preview":"max-image-preview:large","max-video-preview":"max-video-preview:-1"},"canonical":"https:\/\/www.dasmachinery.com\/pt\/produto\/das-cnc-turning-lathe-for-sale-gang-type-slant-bed-machine-for-metal-machining\/","og_locale":"pt_PT","og_type":"article","og_title":"DAS 46C Horizontal Automatic CNC Turning Lathe Machine","og_description":"DAS CNC Machine \"36C\/46C\" inclined placement of turning lathe carriage and gang type makes machine tool operation and chip removal more convenient.","og_url":"https:\/\/www.dasmachinery.com\/pt\/produto\/das-cnc-turning-lathe-for-sale-gang-type-slant-bed-machine-for-metal-machining\/","og_site_name":"Foshan Shunde Guoqiang Daosheng Industrial Co., Ltd","article_modified_time":"2026-05-05T03:31:11+00:00","og_image":[{"width":1000,"height":1000,"url":"https:\/\/www.dasmachinery.com\/wp-content\/uploads\/2024\/09\/CNC46C\u4e3b\u56fe1.png","type":"image\/png"}],"twitter_card":"summary_large_image","twitter_misc":{"Tempo estimado de leitura":"2 minutos"},"schema":{"@context":"https:\/\/schema.org","@graph":[{"@type":"WebPage","@id":"https:\/\/www.dasmachinery.com\/product\/das-cnc-turning-lathe-for-sale-gang-type-slant-bed-machine-for-metal-machining\/","url":"https:\/\/www.dasmachinery.com\/product\/das-cnc-turning-lathe-for-sale-gang-type-slant-bed-machine-for-metal-machining\/","name":"DAS 46C Horizontal Automatic CNC Turning Lathe Machine - Foshan Shunde Guoqiang Daosheng Industrial Co., Ltd","isPartOf":{"@id":"https:\/\/www.dasmachinery.com\/#website"},"primaryImageOfPage":{"@id":"https:\/\/www.dasmachinery.com\/product\/das-cnc-turning-lathe-for-sale-gang-type-slant-bed-machine-for-metal-machining\/#primaryimage"},"image":{"@id":"https:\/\/www.dasmachinery.com\/product\/das-cnc-turning-lathe-for-sale-gang-type-slant-bed-machine-for-metal-machining\/#primaryimage"},"thumbnailUrl":"https:\/\/www.dasmachinery.com\/wp-content\/uploads\/2024\/09\/CNC46C\u4e3b\u56fe1.png","datePublished":"2024-09-06T02:22:17+00:00","dateModified":"2026-05-05T03:31:11+00:00","description":"DAS CNC Machine \"36C\/46C\" inclined placement of turning lathe carriage and gang type makes machine tool operation and chip removal more convenient.","breadcrumb":{"@id":"https:\/\/www.dasmachinery.com\/product\/das-cnc-turning-lathe-for-sale-gang-type-slant-bed-machine-for-metal-machining\/#breadcrumb"},"inLanguage":"pt-PT","potentialAction":[{"@type":"ReadAction","target":["https:\/\/www.dasmachinery.com\/product\/das-cnc-turning-lathe-for-sale-gang-type-slant-bed-machine-for-metal-machining\/"]}]},{"@type":"ImageObject","inLanguage":"pt-PT","@id":"https:\/\/www.dasmachinery.com\/product\/das-cnc-turning-lathe-for-sale-gang-type-slant-bed-machine-for-metal-machining\/#primaryimage","url":"https:\/\/www.dasmachinery.com\/wp-content\/uploads\/2024\/09\/CNC46C\u4e3b\u56fe1.png","contentUrl":"https:\/\/www.dasmachinery.com\/wp-content\/uploads\/2024\/09\/CNC46C\u4e3b\u56fe1.png","width":1000,"height":1000,"caption":"slant bed cnc lathe machine"},{"@type":"BreadcrumbList","@id":"https:\/\/www.dasmachinery.com\/product\/das-cnc-turning-lathe-for-sale-gang-type-slant-bed-machine-for-metal-machining\/#breadcrumb","itemListElement":[{"@type":"ListItem","position":1,"name":"\u9996\u9875","item":"https:\/\/www.dasmachinery.com\/"},{"@type":"ListItem","position":2,"name":"PRODUCTS","item":"https:\/\/www.dasmachinery.com\/products\/"},{"@type":"ListItem","position":3,"name":"DAS 46C Horizontal Automatic CNC Turning Lathe Machine"}]},{"@type":"WebSite","@id":"https:\/\/www.dasmachinery.com\/#website","url":"https:\/\/www.dasmachinery.com\/","name":"Foshan Shunde Guoqiang Daosheng Industrial Co., Ltd","description":"Our products are widely used in the manufacture of cars accessories, motorcycles accessories, electronic industry, optical instruments, clocks and watches as well as special motors etc.We have precision processing equipmentand top brand in precision detection equipment.","publisher":{"@id":"https:\/\/www.dasmachinery.com\/#organization"},"potentialAction":[{"@type":"SearchAction","target":{"@type":"EntryPoint","urlTemplate":"https:\/\/www.dasmachinery.com\/?s={search_term_string}"},"query-input":{"@type":"PropertyValueSpecification","valueRequired":true,"valueName":"search_term_string"}}],"inLanguage":"pt-PT"},{"@type":"Organization","@id":"https:\/\/www.dasmachinery.com\/#organization","name":"Foshan Shunde Guoqiang Daosheng Industrial Co., Ltd","url":"https:\/\/www.dasmachinery.com\/","logo":{"@type":"ImageObject","inLanguage":"pt-PT","@id":"https:\/\/www.dasmachinery.com\/#\/schema\/logo\/image\/","url":"https:\/\/dasmachinery.com\/wp-content\/uploads\/2024\/09\/logo-2.png","contentUrl":"https:\/\/dasmachinery.com\/wp-content\/uploads\/2024\/09\/logo-2.png","width":350,"height":350,"caption":"Foshan Shunde Guoqiang Daosheng Industrial Co., Ltd"},"image":{"@id":"https:\/\/www.dasmachinery.com\/#\/schema\/logo\/image\/"}}]}},"_links":{"self":[{"href":"https:\/\/www.dasmachinery.com\/pt\/wp-json\/wp\/v2\/product\/93","targetHints":{"allow":["GET"]}}],"collection":[{"href":"https:\/\/www.dasmachinery.com\/pt\/wp-json\/wp\/v2\/product"}],"about":[{"href":"https:\/\/www.dasmachinery.com\/pt\/wp-json\/wp\/v2\/types\/product"}],"version-history":[{"count":7,"href":"https:\/\/www.dasmachinery.com\/pt\/wp-json\/wp\/v2\/product\/93\/revisions"}],"predecessor-version":[{"id":1166,"href":"https:\/\/www.dasmachinery.com\/pt\/wp-json\/wp\/v2\/product\/93\/revisions\/1166"}],"wp:featuredmedia":[{"embeddable":true,"href":"https:\/\/www.dasmachinery.com\/pt\/wp-json\/wp\/v2\/media\/1023"}],"wp:attachment":[{"href":"https:\/\/www.dasmachinery.com\/pt\/wp-json\/wp\/v2\/media?parent=93"}],"wp:term":[{"taxonomy":"product_cat","embeddable":true,"href":"https:\/\/www.dasmachinery.com\/pt\/wp-json\/wp\/v2\/product_cat?post=93"},{"taxonomy":"product_tag","embeddable":true,"href":"https:\/\/www.dasmachinery.com\/pt\/wp-json\/wp\/v2\/product_tag?post=93"}],"curies":[{"name":"wp","href":"https:\/\/api.w.org\/{rel}","templated":true}]}}